{"id":48453,"date":"2024-04-05T11:58:31","date_gmt":"2024-04-05T09:58:31","guid":{"rendered":"https:\/\/www.dubuisson.com\/?post_type=product&#038;p=48453"},"modified":"2026-01-02T09:12:04","modified_gmt":"2026-01-02T08:12:04","slug":"peche-melbush-pack-de-6-canettes-50cl","status":"publish","type":"product","link":"https:\/\/www.dubuisson.com\/us\/product-us\/peche-melbush-pack-de-6-canettes-50cl\/","title":{"rendered":"P\u00eache Mel&#8217;Bush &#8211; Pack de 6 canettes 50cl"},"content":{"rendered":"<p>Non tu ne r\u00eaves pas ! Tu es bien sur le point de faire l&#8217;acquisition de 6 cannette de P\u00eache Mel&#8217; Bush 50cl. Cette bi\u00e8re succulente, emball\u00e9e dans un bijou de cannette. N&#8217;attends plus pour la glisser dans ton panier.<\/p>\n<p>Contenu : 6x 50cl de P\u00eache Mel&#8217;Bush en canette<\/p>\n","protected":false},"excerpt":{"rendered":"<p>Non tu ne r\u00eaves pas ! Tu es bien sur le point de faire l&#8217;acquisition de 6 cannette de P\u00eache Mel&#8217; Bush 50cl. Cette bi\u00e8re succulente, emball\u00e9e dans un bijou de cannette. N&#8217;attends plus pour la glisser dans ton panier. Contenu : 6x 50cl de P\u00eache Mel&#8217;Bush en canette<\/p>\n","protected":false},"featured_media":48456,"template":"","meta":{"_acf_changed":false},"product_brand":[],"product_cat":[337,588,498],"product_tag":[],"class_list":{"0":"post-48453","1":"product","2":"type-product","3":"status-publish","4":"has-post-thumbnail","6":"product_cat-bieres","7":"product_cat-canette","8":"product_cat-tous-les-produits","9":"product_shipping_class-c10","11":"first","12":"instock","13":"taxable","14":"shipping-taxable","15":"purchasable","16":"product-type-simple"},"acf":[],"yoast_head":"<!-- This site is optimized with the Yoast SEO plugin v27.3 - https:\/\/yoast.com\/product\/yoast-seo-wordpress\/ -->\n<title>P\u00eache Mel&#039;Bush - Pack de 6 canettes 50cl - Dubuisson<\/title>\n<meta name=\"robots\" content=\"index, follow, max-snippet:-1, max-image-preview:large, max-video-preview:-1\" \/>\n<link rel=\"canonical\" href=\"https:\/\/www.dubuisson.com\/produit\/peche-melbush-pack-de-6-canettes-50cl\/\" \/>\n<meta property=\"og:locale\" content=\"en_US\" \/>\n<meta property=\"og:type\" content=\"article\" \/>\n<meta property=\"og:title\" content=\"P\u00eache Mel&#039;Bush - Pack de 6 canettes 50cl - Dubuisson\" \/>\n<meta property=\"og:description\" content=\"Non tu ne r\u00eaves pas ! Tu es bien sur le point de faire l&#8217;acquisition de 6 cannette de P\u00eache Mel&#8217; Bush 50cl. Cette bi\u00e8re succulente, emball\u00e9e dans un bijou de cannette. N&#8217;attends plus pour la glisser dans ton panier. Contenu : 6x 50cl de P\u00eache Mel&#8217;Bush en canette\" \/>\n<meta property=\"og:url\" content=\"https:\/\/www.dubuisson.com\/produit\/peche-melbush-pack-de-6-canettes-50cl\/\" \/>\n<meta property=\"og:site_name\" content=\"Dubuisson\" \/>\n<meta property=\"article:modified_time\" content=\"2026-01-02T08:12:04+00:00\" \/>\n<meta property=\"og:image\" content=\"https:\/\/www.dubuisson.com\/wp-content\/uploads\/2024\/04\/STORY_RT_pmb-6x.jpg\" \/>\n\t<meta property=\"og:image:width\" content=\"2363\" \/>\n\t<meta property=\"og:image:height\" content=\"2363\" \/>\n\t<meta property=\"og:image:type\" content=\"image\/jpeg\" \/>\n<meta name=\"twitter:card\" content=\"summary_large_image\" \/>\n<meta name=\"twitter:label1\" content=\"Est. reading time\" \/>\n\t<meta name=\"twitter:data1\" content=\"1 minute\" \/>\n<script type=\"application\/ld+json\" class=\"yoast-schema-graph\">{\"@context\":\"https:\\\/\\\/schema.org\",\"@graph\":[{\"@type\":\"WebPage\",\"@id\":\"https:\\\/\\\/www.dubuisson.com\\\/produit\\\/peche-melbush-pack-de-6-canettes-50cl\\\/\",\"url\":\"https:\\\/\\\/www.dubuisson.com\\\/produit\\\/peche-melbush-pack-de-6-canettes-50cl\\\/\",\"name\":\"P\u00eache Mel'Bush - Pack de 6 canettes 50cl - Dubuisson\",\"isPartOf\":{\"@id\":\"https:\\\/\\\/www.dubuisson.com\\\/#website\"},\"primaryImageOfPage\":{\"@id\":\"https:\\\/\\\/www.dubuisson.com\\\/produit\\\/peche-melbush-pack-de-6-canettes-50cl\\\/#primaryimage\"},\"image\":{\"@id\":\"https:\\\/\\\/www.dubuisson.com\\\/produit\\\/peche-melbush-pack-de-6-canettes-50cl\\\/#primaryimage\"},\"thumbnailUrl\":\"https:\\\/\\\/www.dubuisson.com\\\/wp-content\\\/uploads\\\/2024\\\/04\\\/STORY_RT_pmb-6x.jpg\",\"datePublished\":\"2024-04-05T09:58:31+00:00\",\"dateModified\":\"2026-01-02T08:12:04+00:00\",\"breadcrumb\":{\"@id\":\"https:\\\/\\\/www.dubuisson.com\\\/produit\\\/peche-melbush-pack-de-6-canettes-50cl\\\/#breadcrumb\"},\"inLanguage\":\"en-US\",\"potentialAction\":[{\"@type\":\"ReadAction\",\"target\":[\"https:\\\/\\\/www.dubuisson.com\\\/produit\\\/peche-melbush-pack-de-6-canettes-50cl\\\/\"]}]},{\"@type\":\"ImageObject\",\"inLanguage\":\"en-US\",\"@id\":\"https:\\\/\\\/www.dubuisson.com\\\/produit\\\/peche-melbush-pack-de-6-canettes-50cl\\\/#primaryimage\",\"url\":\"https:\\\/\\\/www.dubuisson.com\\\/wp-content\\\/uploads\\\/2024\\\/04\\\/STORY_RT_pmb-6x.jpg\",\"contentUrl\":\"https:\\\/\\\/www.dubuisson.com\\\/wp-content\\\/uploads\\\/2024\\\/04\\\/STORY_RT_pmb-6x.jpg\",\"width\":2363,\"height\":2363},{\"@type\":\"BreadcrumbList\",\"@id\":\"https:\\\/\\\/www.dubuisson.com\\\/produit\\\/peche-melbush-pack-de-6-canettes-50cl\\\/#breadcrumb\",\"itemListElement\":[{\"@type\":\"ListItem\",\"position\":1,\"name\":\"Accueil\",\"item\":\"https:\\\/\\\/www.dubuisson.com\\\/us\\\/\"},{\"@type\":\"ListItem\",\"position\":2,\"name\":\"Shop\",\"item\":\"https:\\\/\\\/www.dubuisson.com\\\/shop\\\/\"},{\"@type\":\"ListItem\",\"position\":3,\"name\":\"P\u00eache Mel&rsquo;Bush &#8211; Pack de 6 canettes 50cl\"}]},{\"@type\":\"WebSite\",\"@id\":\"https:\\\/\\\/www.dubuisson.com\\\/#website\",\"url\":\"https:\\\/\\\/www.dubuisson.com\\\/\",\"name\":\"Dubuisson\",\"description\":\"Une des plus anciennes et authentiques brasseries de Belgique\",\"publisher\":{\"@id\":\"https:\\\/\\\/www.dubuisson.com\\\/#organization\"},\"potentialAction\":[{\"@type\":\"SearchAction\",\"target\":{\"@type\":\"EntryPoint\",\"urlTemplate\":\"https:\\\/\\\/www.dubuisson.com\\\/?s={search_term_string}\"},\"query-input\":{\"@type\":\"PropertyValueSpecification\",\"valueRequired\":true,\"valueName\":\"search_term_string\"}}],\"inLanguage\":\"en-US\"},{\"@type\":\"Organization\",\"@id\":\"https:\\\/\\\/www.dubuisson.com\\\/#organization\",\"name\":\"Dubuisson\",\"url\":\"https:\\\/\\\/www.dubuisson.com\\\/\",\"logo\":{\"@type\":\"ImageObject\",\"inLanguage\":\"en-US\",\"@id\":\"https:\\\/\\\/www.dubuisson.com\\\/#\\\/schema\\\/logo\\\/image\\\/\",\"url\":\"https:\\\/\\\/www.dubuisson.com\\\/wp-content\\\/uploads\\\/2022\\\/03\\\/Logo-Dubuisson.svg\",\"contentUrl\":\"https:\\\/\\\/www.dubuisson.com\\\/wp-content\\\/uploads\\\/2022\\\/03\\\/Logo-Dubuisson.svg\",\"caption\":\"Dubuisson\"},\"image\":{\"@id\":\"https:\\\/\\\/www.dubuisson.com\\\/#\\\/schema\\\/logo\\\/image\\\/\"},\"sameAs\":[\"https:\\\/\\\/www.youtube.com\\\/channel\\\/UCS25K-MOakQA3nVglJzLYGA\"]}]}<\/script>\n<!-- \/ Yoast SEO plugin. -->","yoast_head_json":{"title":"P\u00eache Mel'Bush - Pack de 6 canettes 50cl - Dubuisson","robots":{"index":"index","follow":"follow","max-snippet":"max-snippet:-1","max-image-preview":"max-image-preview:large","max-video-preview":"max-video-preview:-1"},"canonical":"https:\/\/www.dubuisson.com\/produit\/peche-melbush-pack-de-6-canettes-50cl\/","og_locale":"en_US","og_type":"article","og_title":"P\u00eache Mel'Bush - Pack de 6 canettes 50cl - Dubuisson","og_description":"Non tu ne r\u00eaves pas ! Tu es bien sur le point de faire l&#8217;acquisition de 6 cannette de P\u00eache Mel&#8217; Bush 50cl. Cette bi\u00e8re succulente, emball\u00e9e dans un bijou de cannette. N&#8217;attends plus pour la glisser dans ton panier. Contenu : 6x 50cl de P\u00eache Mel&#8217;Bush en canette","og_url":"https:\/\/www.dubuisson.com\/produit\/peche-melbush-pack-de-6-canettes-50cl\/","og_site_name":"Dubuisson","article_modified_time":"2026-01-02T08:12:04+00:00","og_image":[{"width":2363,"height":2363,"url":"https:\/\/www.dubuisson.com\/wp-content\/uploads\/2024\/04\/STORY_RT_pmb-6x.jpg","type":"image\/jpeg"}],"twitter_card":"summary_large_image","twitter_misc":{"Est. reading time":"1 minute"},"schema":{"@context":"https:\/\/schema.org","@graph":[{"@type":"WebPage","@id":"https:\/\/www.dubuisson.com\/produit\/peche-melbush-pack-de-6-canettes-50cl\/","url":"https:\/\/www.dubuisson.com\/produit\/peche-melbush-pack-de-6-canettes-50cl\/","name":"P\u00eache Mel'Bush - Pack de 6 canettes 50cl - Dubuisson","isPartOf":{"@id":"https:\/\/www.dubuisson.com\/#website"},"primaryImageOfPage":{"@id":"https:\/\/www.dubuisson.com\/produit\/peche-melbush-pack-de-6-canettes-50cl\/#primaryimage"},"image":{"@id":"https:\/\/www.dubuisson.com\/produit\/peche-melbush-pack-de-6-canettes-50cl\/#primaryimage"},"thumbnailUrl":"https:\/\/www.dubuisson.com\/wp-content\/uploads\/2024\/04\/STORY_RT_pmb-6x.jpg","datePublished":"2024-04-05T09:58:31+00:00","dateModified":"2026-01-02T08:12:04+00:00","breadcrumb":{"@id":"https:\/\/www.dubuisson.com\/produit\/peche-melbush-pack-de-6-canettes-50cl\/#breadcrumb"},"inLanguage":"en-US","potentialAction":[{"@type":"ReadAction","target":["https:\/\/www.dubuisson.com\/produit\/peche-melbush-pack-de-6-canettes-50cl\/"]}]},{"@type":"ImageObject","inLanguage":"en-US","@id":"https:\/\/www.dubuisson.com\/produit\/peche-melbush-pack-de-6-canettes-50cl\/#primaryimage","url":"https:\/\/www.dubuisson.com\/wp-content\/uploads\/2024\/04\/STORY_RT_pmb-6x.jpg","contentUrl":"https:\/\/www.dubuisson.com\/wp-content\/uploads\/2024\/04\/STORY_RT_pmb-6x.jpg","width":2363,"height":2363},{"@type":"BreadcrumbList","@id":"https:\/\/www.dubuisson.com\/produit\/peche-melbush-pack-de-6-canettes-50cl\/#breadcrumb","itemListElement":[{"@type":"ListItem","position":1,"name":"Accueil","item":"https:\/\/www.dubuisson.com\/us\/"},{"@type":"ListItem","position":2,"name":"Shop","item":"https:\/\/www.dubuisson.com\/shop\/"},{"@type":"ListItem","position":3,"name":"P\u00eache Mel&rsquo;Bush &#8211; Pack de 6 canettes 50cl"}]},{"@type":"WebSite","@id":"https:\/\/www.dubuisson.com\/#website","url":"https:\/\/www.dubuisson.com\/","name":"Dubuisson","description":"Une des plus anciennes et authentiques brasseries de Belgique","publisher":{"@id":"https:\/\/www.dubuisson.com\/#organization"},"potentialAction":[{"@type":"SearchAction","target":{"@type":"EntryPoint","urlTemplate":"https:\/\/www.dubuisson.com\/?s={search_term_string}"},"query-input":{"@type":"PropertyValueSpecification","valueRequired":true,"valueName":"search_term_string"}}],"inLanguage":"en-US"},{"@type":"Organization","@id":"https:\/\/www.dubuisson.com\/#organization","name":"Dubuisson","url":"https:\/\/www.dubuisson.com\/","logo":{"@type":"ImageObject","inLanguage":"en-US","@id":"https:\/\/www.dubuisson.com\/#\/schema\/logo\/image\/","url":"https:\/\/www.dubuisson.com\/wp-content\/uploads\/2022\/03\/Logo-Dubuisson.svg","contentUrl":"https:\/\/www.dubuisson.com\/wp-content\/uploads\/2022\/03\/Logo-Dubuisson.svg","caption":"Dubuisson"},"image":{"@id":"https:\/\/www.dubuisson.com\/#\/schema\/logo\/image\/"},"sameAs":["https:\/\/www.youtube.com\/channel\/UCS25K-MOakQA3nVglJzLYGA"]}]}},"_links":{"self":[{"href":"https:\/\/www.dubuisson.com\/us\/wp-json\/wp\/v2\/product\/48453","targetHints":{"allow":["GET"]}}],"collection":[{"href":"https:\/\/www.dubuisson.com\/us\/wp-json\/wp\/v2\/product"}],"about":[{"href":"https:\/\/www.dubuisson.com\/us\/wp-json\/wp\/v2\/types\/product"}],"version-history":[{"count":1,"href":"https:\/\/www.dubuisson.com\/us\/wp-json\/wp\/v2\/product\/48453\/revisions"}],"predecessor-version":[{"id":48469,"href":"https:\/\/www.dubuisson.com\/us\/wp-json\/wp\/v2\/product\/48453\/revisions\/48469"}],"wp:featuredmedia":[{"embeddable":true,"href":"https:\/\/www.dubuisson.com\/us\/wp-json\/wp\/v2\/media\/48456"}],"wp:attachment":[{"href":"https:\/\/www.dubuisson.com\/us\/wp-json\/wp\/v2\/media?parent=48453"}],"wp:term":[{"taxonomy":"product_brand","embeddable":true,"href":"https:\/\/www.dubuisson.com\/us\/wp-json\/wp\/v2\/product_brand?post=48453"},{"taxonomy":"product_cat","embeddable":true,"href":"https:\/\/www.dubuisson.com\/us\/wp-json\/wp\/v2\/product_cat?post=48453"},{"taxonomy":"product_tag","embeddable":true,"href":"https:\/\/www.dubuisson.com\/us\/wp-json\/wp\/v2\/product_tag?post=48453"}],"curies":[{"name":"wp","href":"https:\/\/api.w.org\/{rel}","templated":true}]}}