{"id":36819,"date":"2019-06-04T09:38:36","date_gmt":"2019-06-04T07:38:36","guid":{"rendered":"https:\/\/www.dubuisson.com\/zone-telechargement-coffrets-cadeau\/"},"modified":"2023-09-11T15:56:54","modified_gmt":"2023-09-11T13:56:54","slug":"download-area-gift-boxes","status":"publish","type":"page","link":"https:\/\/www.dubuisson.com\/us\/download-area-gift-boxes\/","title":{"rendered":"Download area &#8211; gift boxes"},"content":{"rendered":"\t\t<div data-elementor-type=\"wp-page\" data-elementor-id=\"36819\" class=\"elementor elementor-36819 elementor-18073\" data-elementor-post-type=\"page\">\n\t\t\t\t\t\t<section data-particle_enable=\"false\" data-particle-mobile-disabled=\"false\" data-dce-background-image-url=\"https:\/\/www.dubuisson.com\/wp-content\/uploads\/2019\/06\/Dubuisson-Gamme.jpg\" class=\"elementor-section elementor-top-section elementor-element elementor-element-cee6c3a elementor-section-full_width elementor-section-height-min-height elementor-section-height-default elementor-section-items-middle\" data-id=\"cee6c3a\" data-element_type=\"section\" data-e-type=\"section\" data-settings=\"{&quot;background_background&quot;:&quot;classic&quot;,&quot;jet_parallax_layout_list&quot;:[]}\">\n\t\t\t\t\t\t<div class=\"elementor-container elementor-column-gap-no\">\n\t\t\t\t\t<div class=\"elementor-column elementor-col-100 elementor-top-column elementor-element elementor-element-3fd6c6e\" data-id=\"3fd6c6e\" data-element_type=\"column\" data-e-type=\"column\">\n\t\t\t<div class=\"elementor-widget-wrap elementor-element-populated\">\n\t\t\t\t\t\t\t<\/div>\n\t\t<\/div>\n\t\t\t\t\t<\/div>\n\t\t<\/section>\n\t\t\t\t<section data-particle_enable=\"false\" data-particle-mobile-disabled=\"false\" class=\"elementor-section elementor-top-section elementor-element elementor-element-4b30412 elementor-section-full_width elementor-section-content-bottom elementor-section-height-default elementor-section-height-default\" data-id=\"4b30412\" data-element_type=\"section\" data-e-type=\"section\" data-settings=\"{&quot;jet_parallax_layout_list&quot;:[]}\">\n\t\t\t\t\t\t<div class=\"elementor-container elementor-column-gap-default\">\n\t\t\t\t\t<div class=\"elementor-column elementor-col-33 elementor-top-column elementor-element elementor-element-f8f3386\" data-id=\"f8f3386\" data-element_type=\"column\" data-e-type=\"column\">\n\t\t\t<div class=\"elementor-widget-wrap elementor-element-populated\">\n\t\t\t\t\t\t<div class=\"elementor-element elementor-element-50ad76e elementor-widget elementor-widget-image\" data-id=\"50ad76e\" data-element_type=\"widget\" data-e-type=\"widget\" data-widget_type=\"image.default\">\n\t\t\t\t<div class=\"elementor-widget-container\">\n\t\t\t\t\t\t\t\t\t\t\t\t\t\t\t<img fetchpriority=\"high\" decoding=\"async\" width=\"350\" height=\"494\" src=\"https:\/\/www.dubuisson.com\/wp-content\/uploads\/2019\/07\/DUB_CoffretCuveedesTrolls-1-copie.png\" class=\"attachment-full size-full wp-image-17405\" alt=\"\" \/>\t\t\t\t\t\t\t\t\t\t\t\t\t\t\t<\/div>\n\t\t\t\t<\/div>\n\t\t\t\t<div class=\"elementor-element elementor-element-9c39c4d elementor-widget elementor-widget-heading\" data-id=\"9c39c4d\" data-element_type=\"widget\" data-e-type=\"widget\" data-widget_type=\"heading.default\">\n\t\t\t\t<div class=\"elementor-widget-container\">\n\t\t\t\t\t<h2 class=\"elementor-heading-title elementor-size-default\">Gift box <br>CUV\u00c9E DES TROLLS<\/h2>\t\t\t\t<\/div>\n\t\t\t\t<\/div>\n\t\t\t\t<div data-dce-background-color=\"#FFFFFF00\" class=\"elementor-element elementor-element-d73c064 elementor-align-center elementor-widget elementor-widget-button\" data-id=\"d73c064\" data-element_type=\"widget\" data-e-type=\"widget\" data-widget_type=\"button.default\">\n\t\t\t\t<div class=\"elementor-widget-container\">\n\t\t\t\t\t\t\t\t\t<div class=\"elementor-button-wrapper\">\n\t\t\t\t\t<a class=\"elementor-button elementor-button-link elementor-size-md\" href=\"https:\/\/www.dubuisson.com\/wp-content\/uploads\/2023\/04\/Cuvee-des-trolls-Tambour-to-download.png\" download=\"Coffret-Cuv\u00e9e-desTrolls\">\n\t\t\t\t\t\t<span class=\"elementor-button-content-wrapper\">\n\t\t\t\t\t\t\t\t\t<span class=\"elementor-button-text\">Download<\/span>\n\t\t\t\t\t<\/span>\n\t\t\t\t\t<\/a>\n\t\t\t\t<\/div>\n\t\t\t\t\t\t\t\t<\/div>\n\t\t\t\t<\/div>\n\t\t\t\t\t<\/div>\n\t\t<\/div>\n\t\t\t\t<div class=\"elementor-column elementor-col-33 elementor-top-column elementor-element elementor-element-1ea97b4\" data-id=\"1ea97b4\" data-element_type=\"column\" data-e-type=\"column\">\n\t\t\t<div class=\"elementor-widget-wrap elementor-element-populated\">\n\t\t\t\t\t\t<div class=\"elementor-element elementor-element-b5b6b04 elementor-widget elementor-widget-image\" data-id=\"b5b6b04\" data-element_type=\"widget\" data-e-type=\"widget\" data-widget_type=\"image.default\">\n\t\t\t\t<div class=\"elementor-widget-container\">\n\t\t\t\t\t\t\t\t\t\t\t\t\t\t\t<img decoding=\"async\" width=\"350\" height=\"464\" src=\"https:\/\/www.dubuisson.com\/wp-content\/uploads\/2019\/07\/DUB_CoffretBushCaractere-Triple-1.png\" class=\"attachment-full size-full wp-image-17363\" alt=\"\" srcset=\"https:\/\/www.dubuisson.com\/wp-content\/uploads\/2019\/07\/DUB_CoffretBushCaractere-Triple-1.png 350w, https:\/\/www.dubuisson.com\/wp-content\/uploads\/2019\/07\/DUB_CoffretBushCaractere-Triple-1-226x300.png 226w, https:\/\/www.dubuisson.com\/wp-content\/uploads\/2019\/07\/DUB_CoffretBushCaractere-Triple-1-302x400.png 302w\" sizes=\"(max-width: 350px) 100vw, 350px\" \/>\t\t\t\t\t\t\t\t\t\t\t\t\t\t\t<\/div>\n\t\t\t\t<\/div>\n\t\t\t\t<div class=\"elementor-element elementor-element-ff23358 elementor-widget elementor-widget-heading\" data-id=\"ff23358\" data-element_type=\"widget\" data-e-type=\"widget\" data-widget_type=\"heading.default\">\n\t\t\t\t<div class=\"elementor-widget-container\">\n\t\t\t\t\t<h2 class=\"elementor-heading-title elementor-size-default\">Gift box  <br>bush TRIPLE &amp; CARACT\u00c8RE<\/h2>\t\t\t\t<\/div>\n\t\t\t\t<\/div>\n\t\t\t\t<div data-dce-background-color=\"#FFFFFF00\" class=\"elementor-element elementor-element-1fe5f3f elementor-align-center elementor-widget elementor-widget-button\" data-id=\"1fe5f3f\" data-element_type=\"widget\" data-e-type=\"widget\" data-widget_type=\"button.default\">\n\t\t\t\t<div class=\"elementor-widget-container\">\n\t\t\t\t\t\t\t\t\t<div class=\"elementor-button-wrapper\">\n\t\t\t\t\t<a class=\"elementor-button elementor-button-link elementor-size-md\" href=\"https:\/\/www.dubuisson.com\/wp-content\/uploads\/2023\/04\/COFFRET-CADEAU-BUSH-TRIPLE-CARACTERE-to-download.png\" download=\"Coffret-Bush-triple-et-caract\u00e8re\">\n\t\t\t\t\t\t<span class=\"elementor-button-content-wrapper\">\n\t\t\t\t\t\t\t\t\t<span class=\"elementor-button-text\">Download<\/span>\n\t\t\t\t\t<\/span>\n\t\t\t\t\t<\/a>\n\t\t\t\t<\/div>\n\t\t\t\t\t\t\t\t<\/div>\n\t\t\t\t<\/div>\n\t\t\t\t\t<\/div>\n\t\t<\/div>\n\t\t\t\t<div class=\"elementor-column elementor-col-33 elementor-top-column elementor-element elementor-element-741deb2\" data-id=\"741deb2\" data-element_type=\"column\" data-e-type=\"column\">\n\t\t\t<div class=\"elementor-widget-wrap elementor-element-populated\">\n\t\t\t\t\t\t<div class=\"elementor-element elementor-element-64c2f6a elementor-widget elementor-widget-image\" data-id=\"64c2f6a\" data-element_type=\"widget\" data-e-type=\"widget\" data-widget_type=\"image.default\">\n\t\t\t\t<div class=\"elementor-widget-container\">\n\t\t\t\t\t\t\t\t\t\t\t\t\t\t\t<img decoding=\"async\" width=\"350\" height=\"443\" src=\"https:\/\/www.dubuisson.com\/wp-content\/uploads\/2019\/07\/DUB_CoffretBushdeNoel-1.png\" class=\"attachment-full size-full wp-image-17223\" alt=\"\" srcset=\"https:\/\/www.dubuisson.com\/wp-content\/uploads\/2019\/07\/DUB_CoffretBushdeNoel-1.png 350w, https:\/\/www.dubuisson.com\/wp-content\/uploads\/2019\/07\/DUB_CoffretBushdeNoel-1-237x300.png 237w, https:\/\/www.dubuisson.com\/wp-content\/uploads\/2019\/07\/DUB_CoffretBushdeNoel-1-316x400.png 316w\" sizes=\"(max-width: 350px) 100vw, 350px\" \/>\t\t\t\t\t\t\t\t\t\t\t\t\t\t\t<\/div>\n\t\t\t\t<\/div>\n\t\t\t\t<div class=\"elementor-element elementor-element-a7f03b3 elementor-widget elementor-widget-heading\" data-id=\"a7f03b3\" data-element_type=\"widget\" data-e-type=\"widget\" data-widget_type=\"heading.default\">\n\t\t\t\t<div class=\"elementor-widget-container\">\n\t\t\t\t\t<h2 class=\"elementor-heading-title elementor-size-default\">Gift box  <br>bush DE NO\u00cbL<\/h2>\t\t\t\t<\/div>\n\t\t\t\t<\/div>\n\t\t\t\t<div data-dce-background-color=\"#FFFFFF00\" class=\"elementor-element elementor-element-5e73a0f elementor-align-center elementor-widget elementor-widget-button\" data-id=\"5e73a0f\" data-element_type=\"widget\" data-e-type=\"widget\" data-widget_type=\"button.default\">\n\t\t\t\t<div class=\"elementor-widget-container\">\n\t\t\t\t\t\t\t\t\t<div class=\"elementor-button-wrapper\">\n\t\t\t\t\t<a class=\"elementor-button elementor-button-link elementor-size-md\" href=\"\/wp-content\/uploads\/2023\/04\/Coffret-cadeau-Bush-de-Noel-33-to-download.jpg\" download=\"Coffret-Bush-de-No\u00ebl\">\n\t\t\t\t\t\t<span class=\"elementor-button-content-wrapper\">\n\t\t\t\t\t\t\t\t\t<span class=\"elementor-button-text\">Download<\/span>\n\t\t\t\t\t<\/span>\n\t\t\t\t\t<\/a>\n\t\t\t\t<\/div>\n\t\t\t\t\t\t\t\t<\/div>\n\t\t\t\t<\/div>\n\t\t\t\t\t<\/div>\n\t\t<\/div>\n\t\t\t\t\t<\/div>\n\t\t<\/section>\n\t\t\t\t<section data-particle_enable=\"false\" data-particle-mobile-disabled=\"false\" class=\"elementor-section elementor-top-section elementor-element elementor-element-a7c6be8 elementor-section-full_width elementor-section-content-bottom elementor-section-height-default elementor-section-height-default\" data-id=\"a7c6be8\" data-element_type=\"section\" data-e-type=\"section\" data-settings=\"{&quot;jet_parallax_layout_list&quot;:[]}\">\n\t\t\t\t\t\t<div class=\"elementor-container elementor-column-gap-default\">\n\t\t\t\t\t<div class=\"elementor-column elementor-col-33 elementor-top-column elementor-element elementor-element-d1d2f4e\" data-id=\"d1d2f4e\" data-element_type=\"column\" data-e-type=\"column\">\n\t\t\t<div class=\"elementor-widget-wrap elementor-element-populated\">\n\t\t\t\t\t\t<div class=\"elementor-element elementor-element-aca69d3 elementor-widget elementor-widget-image\" data-id=\"aca69d3\" data-element_type=\"widget\" data-e-type=\"widget\" data-widget_type=\"image.default\">\n\t\t\t\t<div class=\"elementor-widget-container\">\n\t\t\t\t\t\t\t\t\t\t\t\t\t\t\t<img loading=\"lazy\" decoding=\"async\" width=\"800\" height=\"800\" src=\"https:\/\/www.dubuisson.com\/wp-content\/uploads\/2019\/06\/DUB_PMB-FMB.png\" class=\"attachment-full size-full wp-image-14378\" alt=\"\" \/>\t\t\t\t\t\t\t\t\t\t\t\t\t\t\t<\/div>\n\t\t\t\t<\/div>\n\t\t\t\t<div class=\"elementor-element elementor-element-59f9b42 elementor-widget elementor-widget-heading\" data-id=\"59f9b42\" data-element_type=\"widget\" data-e-type=\"widget\" data-widget_type=\"heading.default\">\n\t\t\t\t<div class=\"elementor-widget-container\">\n\t\t\t\t\t<h2 class=\"elementor-heading-title elementor-size-default\">Gift box  <br>P\u00caCHE MEL'BUSH &amp; FRAM'BUSH<\/h2>\t\t\t\t<\/div>\n\t\t\t\t<\/div>\n\t\t\t\t<div data-dce-background-color=\"#FFFFFF00\" class=\"elementor-element elementor-element-0ebf8b3 elementor-align-center elementor-widget elementor-widget-button\" data-id=\"0ebf8b3\" data-element_type=\"widget\" data-e-type=\"widget\" data-widget_type=\"button.default\">\n\t\t\t\t<div class=\"elementor-widget-container\">\n\t\t\t\t\t\t\t\t\t<div class=\"elementor-button-wrapper\">\n\t\t\t\t\t<a class=\"elementor-button elementor-button-link elementor-size-md\" href=\"https:\/\/www.dubuisson.com\/wp-content\/uploads\/2023\/09\/2022_PMB_PLV_Valisette-duo.png\" download=\"Coffret-Pechemelbush-Frambush\">\n\t\t\t\t\t\t<span class=\"elementor-button-content-wrapper\">\n\t\t\t\t\t\t\t\t\t<span class=\"elementor-button-text\">Download<\/span>\n\t\t\t\t\t<\/span>\n\t\t\t\t\t<\/a>\n\t\t\t\t<\/div>\n\t\t\t\t\t\t\t\t<\/div>\n\t\t\t\t<\/div>\n\t\t\t\t\t<\/div>\n\t\t<\/div>\n\t\t\t\t<div class=\"elementor-column elementor-col-33 elementor-top-column elementor-element elementor-element-4d5f47c\" data-id=\"4d5f47c\" data-element_type=\"column\" data-e-type=\"column\">\n\t\t\t<div class=\"elementor-widget-wrap elementor-element-populated\">\n\t\t\t\t\t\t<div class=\"elementor-element elementor-element-566b6c7 elementor-widget elementor-widget-image\" data-id=\"566b6c7\" data-element_type=\"widget\" data-e-type=\"widget\" data-widget_type=\"image.default\">\n\t\t\t\t<div class=\"elementor-widget-container\">\n\t\t\t\t\t\t\t\t\t\t\t\t\t\t\t<img loading=\"lazy\" decoding=\"async\" width=\"350\" height=\"597\" src=\"https:\/\/www.dubuisson.com\/wp-content\/uploads\/2019\/07\/DUB_CoffretCuveedesTrolls-1-copie-copie.png\" class=\"attachment-full size-full wp-image-17321\" alt=\"\" \/>\t\t\t\t\t\t\t\t\t\t\t\t\t\t\t<\/div>\n\t\t\t\t<\/div>\n\t\t\t\t<div class=\"elementor-element elementor-element-a92d9ce elementor-widget elementor-widget-heading\" data-id=\"a92d9ce\" data-element_type=\"widget\" data-e-type=\"widget\" data-widget_type=\"heading.default\">\n\t\t\t\t<div class=\"elementor-widget-container\">\n\t\t\t\t\t<h2 class=\"elementor-heading-title elementor-size-default\">Gift box  <br>SURFINE<\/h2>\t\t\t\t<\/div>\n\t\t\t\t<\/div>\n\t\t\t\t<div data-dce-background-color=\"#FFFFFF00\" class=\"elementor-element elementor-element-094d98b elementor-align-center elementor-widget elementor-widget-button\" data-id=\"094d98b\" data-element_type=\"widget\" data-e-type=\"widget\" data-widget_type=\"button.default\">\n\t\t\t\t<div class=\"elementor-widget-container\">\n\t\t\t\t\t\t\t\t\t<div class=\"elementor-button-wrapper\">\n\t\t\t\t\t<a class=\"elementor-button elementor-button-link elementor-size-md\" href=\"\/wp-content\/uploads\/2023\/04\/Coffret-cadeau-Surfine-33-to-download.png\" download=\"Coffret-Surfine\">\n\t\t\t\t\t\t<span class=\"elementor-button-content-wrapper\">\n\t\t\t\t\t\t\t\t\t<span class=\"elementor-button-text\">Download<\/span>\n\t\t\t\t\t<\/span>\n\t\t\t\t\t<\/a>\n\t\t\t\t<\/div>\n\t\t\t\t\t\t\t\t<\/div>\n\t\t\t\t<\/div>\n\t\t\t\t\t<\/div>\n\t\t<\/div>\n\t\t\t\t<div class=\"elementor-column elementor-col-33 elementor-top-column elementor-element elementor-element-1e3fdd8\" data-id=\"1e3fdd8\" data-element_type=\"column\" data-e-type=\"column\">\n\t\t\t<div class=\"elementor-widget-wrap\">\n\t\t\t\t\t\t\t<\/div>\n\t\t<\/div>\n\t\t\t\t\t<\/div>\n\t\t<\/section>\n\t\t\t\t<\/div>\n\t\t","protected":false},"excerpt":{"rendered":"<p>Gift box CUV\u00c9E DES TROLLS Download Gift box bush TRIPLE &amp; CARACT\u00c8RE Download Gift box bush DE NO\u00cbL Download Gift box P\u00caCHE MEL&#8217;BUSH &amp; FRAM&#8217;BUSH Download Gift box SURFINE Download<\/p>\n","protected":false},"author":22,"featured_media":0,"parent":0,"menu_order":0,"comment_status":"closed","ping_status":"closed","template":"","meta":{"_acf_changed":false,"footnotes":""},"class_list":["post-36819","page","type-page","status-publish","hentry"],"acf":[],"yoast_head":"<!-- This site is optimized with the Yoast SEO plugin v27.5 - https:\/\/yoast.com\/product\/yoast-seo-wordpress\/ -->\n<title>Download area - gift boxes - Dubuisson<\/title>\n<meta name=\"robots\" content=\"index, follow, max-snippet:-1, max-image-preview:large, max-video-preview:-1\" \/>\n<link rel=\"canonical\" href=\"https:\/\/www.dubuisson.com\/us\/download-area-gift-boxes\/\" \/>\n<meta property=\"og:locale\" content=\"en_US\" \/>\n<meta property=\"og:type\" content=\"article\" \/>\n<meta property=\"og:title\" content=\"Download area - gift boxes - Dubuisson\" \/>\n<meta property=\"og:description\" content=\"Gift box CUV\u00c9E DES TROLLS Download Gift box bush TRIPLE &amp; CARACT\u00c8RE Download Gift box bush DE NO\u00cbL Download Gift box P\u00caCHE MEL&#8217;BUSH &amp; FRAM&#8217;BUSH Download Gift box SURFINE Download\" \/>\n<meta property=\"og:url\" content=\"https:\/\/www.dubuisson.com\/us\/download-area-gift-boxes\/\" \/>\n<meta property=\"og:site_name\" content=\"Dubuisson\" \/>\n<meta property=\"article:modified_time\" content=\"2023-09-11T13:56:54+00:00\" \/>\n<meta property=\"og:image\" content=\"https:\/\/www.dubuisson.com\/wp-content\/uploads\/2019\/07\/DUB_CoffretCuveedesTrolls-1-copie.png\" \/>\n<meta name=\"twitter:card\" content=\"summary_large_image\" \/>\n<meta name=\"twitter:label1\" content=\"Est. reading time\" \/>\n\t<meta name=\"twitter:data1\" content=\"2 minutes\" \/>\n<script type=\"application\/ld+json\" class=\"yoast-schema-graph\">{\"@context\":\"https:\\\/\\\/schema.org\",\"@graph\":[{\"@type\":\"WebPage\",\"@id\":\"https:\\\/\\\/www.dubuisson.com\\\/us\\\/download-area-gift-boxes\\\/\",\"url\":\"https:\\\/\\\/www.dubuisson.com\\\/us\\\/download-area-gift-boxes\\\/\",\"name\":\"Download area - gift boxes - Dubuisson\",\"isPartOf\":{\"@id\":\"https:\\\/\\\/www.dubuisson.com\\\/#website\"},\"primaryImageOfPage\":{\"@id\":\"https:\\\/\\\/www.dubuisson.com\\\/us\\\/download-area-gift-boxes\\\/#primaryimage\"},\"image\":{\"@id\":\"https:\\\/\\\/www.dubuisson.com\\\/us\\\/download-area-gift-boxes\\\/#primaryimage\"},\"thumbnailUrl\":\"https:\\\/\\\/www.dubuisson.com\\\/wp-content\\\/uploads\\\/2019\\\/07\\\/DUB_CoffretCuveedesTrolls-1-copie.png\",\"datePublished\":\"2019-06-04T07:38:36+00:00\",\"dateModified\":\"2023-09-11T13:56:54+00:00\",\"breadcrumb\":{\"@id\":\"https:\\\/\\\/www.dubuisson.com\\\/us\\\/download-area-gift-boxes\\\/#breadcrumb\"},\"inLanguage\":\"en-US\",\"potentialAction\":[{\"@type\":\"ReadAction\",\"target\":[\"https:\\\/\\\/www.dubuisson.com\\\/us\\\/download-area-gift-boxes\\\/\"]}]},{\"@type\":\"ImageObject\",\"inLanguage\":\"en-US\",\"@id\":\"https:\\\/\\\/www.dubuisson.com\\\/us\\\/download-area-gift-boxes\\\/#primaryimage\",\"url\":\"https:\\\/\\\/www.dubuisson.com\\\/wp-content\\\/uploads\\\/2019\\\/07\\\/DUB_CoffretCuveedesTrolls-1-copie.png\",\"contentUrl\":\"https:\\\/\\\/www.dubuisson.com\\\/wp-content\\\/uploads\\\/2019\\\/07\\\/DUB_CoffretCuveedesTrolls-1-copie.png\"},{\"@type\":\"BreadcrumbList\",\"@id\":\"https:\\\/\\\/www.dubuisson.com\\\/us\\\/download-area-gift-boxes\\\/#breadcrumb\",\"itemListElement\":[{\"@type\":\"ListItem\",\"position\":1,\"name\":\"Accueil\",\"item\":\"https:\\\/\\\/www.dubuisson.com\\\/us\\\/\"},{\"@type\":\"ListItem\",\"position\":2,\"name\":\"Download area &#8211; gift boxes\"}]},{\"@type\":\"WebSite\",\"@id\":\"https:\\\/\\\/www.dubuisson.com\\\/#website\",\"url\":\"https:\\\/\\\/www.dubuisson.com\\\/\",\"name\":\"Dubuisson\",\"description\":\"Une des plus anciennes et authentiques brasseries de Belgique\",\"publisher\":{\"@id\":\"https:\\\/\\\/www.dubuisson.com\\\/#organization\"},\"potentialAction\":[{\"@type\":\"SearchAction\",\"target\":{\"@type\":\"EntryPoint\",\"urlTemplate\":\"https:\\\/\\\/www.dubuisson.com\\\/?s={search_term_string}\"},\"query-input\":{\"@type\":\"PropertyValueSpecification\",\"valueRequired\":true,\"valueName\":\"search_term_string\"}}],\"inLanguage\":\"en-US\"},{\"@type\":\"Organization\",\"@id\":\"https:\\\/\\\/www.dubuisson.com\\\/#organization\",\"name\":\"Dubuisson\",\"url\":\"https:\\\/\\\/www.dubuisson.com\\\/\",\"logo\":{\"@type\":\"ImageObject\",\"inLanguage\":\"en-US\",\"@id\":\"https:\\\/\\\/www.dubuisson.com\\\/#\\\/schema\\\/logo\\\/image\\\/\",\"url\":\"https:\\\/\\\/www.dubuisson.com\\\/wp-content\\\/uploads\\\/2022\\\/03\\\/Logo-Dubuisson.svg\",\"contentUrl\":\"https:\\\/\\\/www.dubuisson.com\\\/wp-content\\\/uploads\\\/2022\\\/03\\\/Logo-Dubuisson.svg\",\"caption\":\"Dubuisson\"},\"image\":{\"@id\":\"https:\\\/\\\/www.dubuisson.com\\\/#\\\/schema\\\/logo\\\/image\\\/\"},\"sameAs\":[\"https:\\\/\\\/www.youtube.com\\\/channel\\\/UCS25K-MOakQA3nVglJzLYGA\"]}]}<\/script>\n<!-- \/ Yoast SEO plugin. -->","yoast_head_json":{"title":"Download area - gift boxes - Dubuisson","robots":{"index":"index","follow":"follow","max-snippet":"max-snippet:-1","max-image-preview":"max-image-preview:large","max-video-preview":"max-video-preview:-1"},"canonical":"https:\/\/www.dubuisson.com\/us\/download-area-gift-boxes\/","og_locale":"en_US","og_type":"article","og_title":"Download area - gift boxes - Dubuisson","og_description":"Gift box CUV\u00c9E DES TROLLS Download Gift box bush TRIPLE &amp; CARACT\u00c8RE Download Gift box bush DE NO\u00cbL Download Gift box P\u00caCHE MEL&#8217;BUSH &amp; FRAM&#8217;BUSH Download Gift box SURFINE Download","og_url":"https:\/\/www.dubuisson.com\/us\/download-area-gift-boxes\/","og_site_name":"Dubuisson","article_modified_time":"2023-09-11T13:56:54+00:00","og_image":[{"url":"https:\/\/www.dubuisson.com\/wp-content\/uploads\/2019\/07\/DUB_CoffretCuveedesTrolls-1-copie.png","type":"","width":"","height":""}],"twitter_card":"summary_large_image","twitter_misc":{"Est. reading time":"2 minutes"},"schema":{"@context":"https:\/\/schema.org","@graph":[{"@type":"WebPage","@id":"https:\/\/www.dubuisson.com\/us\/download-area-gift-boxes\/","url":"https:\/\/www.dubuisson.com\/us\/download-area-gift-boxes\/","name":"Download area - gift boxes - Dubuisson","isPartOf":{"@id":"https:\/\/www.dubuisson.com\/#website"},"primaryImageOfPage":{"@id":"https:\/\/www.dubuisson.com\/us\/download-area-gift-boxes\/#primaryimage"},"image":{"@id":"https:\/\/www.dubuisson.com\/us\/download-area-gift-boxes\/#primaryimage"},"thumbnailUrl":"https:\/\/www.dubuisson.com\/wp-content\/uploads\/2019\/07\/DUB_CoffretCuveedesTrolls-1-copie.png","datePublished":"2019-06-04T07:38:36+00:00","dateModified":"2023-09-11T13:56:54+00:00","breadcrumb":{"@id":"https:\/\/www.dubuisson.com\/us\/download-area-gift-boxes\/#breadcrumb"},"inLanguage":"en-US","potentialAction":[{"@type":"ReadAction","target":["https:\/\/www.dubuisson.com\/us\/download-area-gift-boxes\/"]}]},{"@type":"ImageObject","inLanguage":"en-US","@id":"https:\/\/www.dubuisson.com\/us\/download-area-gift-boxes\/#primaryimage","url":"https:\/\/www.dubuisson.com\/wp-content\/uploads\/2019\/07\/DUB_CoffretCuveedesTrolls-1-copie.png","contentUrl":"https:\/\/www.dubuisson.com\/wp-content\/uploads\/2019\/07\/DUB_CoffretCuveedesTrolls-1-copie.png"},{"@type":"BreadcrumbList","@id":"https:\/\/www.dubuisson.com\/us\/download-area-gift-boxes\/#breadcrumb","itemListElement":[{"@type":"ListItem","position":1,"name":"Accueil","item":"https:\/\/www.dubuisson.com\/us\/"},{"@type":"ListItem","position":2,"name":"Download area &#8211; gift boxes"}]},{"@type":"WebSite","@id":"https:\/\/www.dubuisson.com\/#website","url":"https:\/\/www.dubuisson.com\/","name":"Dubuisson","description":"Une des plus anciennes et authentiques brasseries de Belgique","publisher":{"@id":"https:\/\/www.dubuisson.com\/#organization"},"potentialAction":[{"@type":"SearchAction","target":{"@type":"EntryPoint","urlTemplate":"https:\/\/www.dubuisson.com\/?s={search_term_string}"},"query-input":{"@type":"PropertyValueSpecification","valueRequired":true,"valueName":"search_term_string"}}],"inLanguage":"en-US"},{"@type":"Organization","@id":"https:\/\/www.dubuisson.com\/#organization","name":"Dubuisson","url":"https:\/\/www.dubuisson.com\/","logo":{"@type":"ImageObject","inLanguage":"en-US","@id":"https:\/\/www.dubuisson.com\/#\/schema\/logo\/image\/","url":"https:\/\/www.dubuisson.com\/wp-content\/uploads\/2022\/03\/Logo-Dubuisson.svg","contentUrl":"https:\/\/www.dubuisson.com\/wp-content\/uploads\/2022\/03\/Logo-Dubuisson.svg","caption":"Dubuisson"},"image":{"@id":"https:\/\/www.dubuisson.com\/#\/schema\/logo\/image\/"},"sameAs":["https:\/\/www.youtube.com\/channel\/UCS25K-MOakQA3nVglJzLYGA"]}]}},"_links":{"self":[{"href":"https:\/\/www.dubuisson.com\/us\/wp-json\/wp\/v2\/pages\/36819","targetHints":{"allow":["GET"]}}],"collection":[{"href":"https:\/\/www.dubuisson.com\/us\/wp-json\/wp\/v2\/pages"}],"about":[{"href":"https:\/\/www.dubuisson.com\/us\/wp-json\/wp\/v2\/types\/page"}],"author":[{"embeddable":true,"href":"https:\/\/www.dubuisson.com\/us\/wp-json\/wp\/v2\/users\/22"}],"replies":[{"embeddable":true,"href":"https:\/\/www.dubuisson.com\/us\/wp-json\/wp\/v2\/comments?post=36819"}],"version-history":[{"count":5,"href":"https:\/\/www.dubuisson.com\/us\/wp-json\/wp\/v2\/pages\/36819\/revisions"}],"predecessor-version":[{"id":45518,"href":"https:\/\/www.dubuisson.com\/us\/wp-json\/wp\/v2\/pages\/36819\/revisions\/45518"}],"wp:attachment":[{"href":"https:\/\/www.dubuisson.com\/us\/wp-json\/wp\/v2\/media?parent=36819"}],"curies":[{"name":"wp","href":"https:\/\/api.w.org\/{rel}","templated":true}]}}