{"id":36265,"date":"2022-11-15T10:58:33","date_gmt":"2022-11-15T09:58:33","guid":{"rendered":"https:\/\/www.dubuisson.com\/mentions-legales\/"},"modified":"2022-11-22T10:40:28","modified_gmt":"2022-11-22T09:40:28","slug":"mentions-legales","status":"publish","type":"page","link":"https:\/\/www.dubuisson.com\/us\/mentions-legales\/","title":{"rendered":"Mentions l\u00e9gales"},"content":{"rendered":"\t\t<div data-elementor-type=\"wp-page\" data-elementor-id=\"36265\" class=\"elementor elementor-36265 elementor-36258\" data-elementor-post-type=\"page\">\n\t\t\t\t\t\t<section data-particle_enable=\"false\" data-particle-mobile-disabled=\"false\" class=\"elementor-section elementor-top-section elementor-element elementor-element-7e7e10c elementor-section-full_width elementor-section-height-default elementor-section-height-default\" data-id=\"7e7e10c\" data-element_type=\"section\" data-e-type=\"section\" data-settings=\"{&quot;background_background&quot;:&quot;gradient&quot;,&quot;jet_parallax_layout_list&quot;:[]}\">\n\t\t\t\t\t\t<div class=\"elementor-container elementor-column-gap-default\">\n\t\t\t\t\t<div class=\"elementor-column elementor-col-100 elementor-top-column elementor-element elementor-element-f6bb512\" data-id=\"f6bb512\" data-element_type=\"column\" data-e-type=\"column\">\n\t\t\t<div class=\"elementor-widget-wrap elementor-element-populated\">\n\t\t\t\t\t\t\t<\/div>\n\t\t<\/div>\n\t\t\t\t\t<\/div>\n\t\t<\/section>\n\t\t\t\t<section data-particle_enable=\"false\" data-particle-mobile-disabled=\"false\" class=\"elementor-section elementor-top-section elementor-element elementor-element-04c4a71 elementor-section-boxed elementor-section-height-default elementor-section-height-default\" data-id=\"04c4a71\" data-element_type=\"section\" data-e-type=\"section\" data-settings=\"{&quot;jet_parallax_layout_list&quot;:[]}\">\n\t\t\t\t\t\t<div class=\"elementor-container elementor-column-gap-default\">\n\t\t\t\t\t<div class=\"elementor-column elementor-col-100 elementor-top-column elementor-element elementor-element-1abfc19\" data-id=\"1abfc19\" data-element_type=\"column\" data-e-type=\"column\">\n\t\t\t<div class=\"elementor-widget-wrap elementor-element-populated\">\n\t\t\t\t\t\t<div class=\"elementor-element elementor-element-b9e35d9 elementor-widget elementor-widget-text-editor\" data-id=\"b9e35d9\" data-element_type=\"widget\" data-e-type=\"widget\" data-widget_type=\"text-editor.default\">\n\t\t\t\t<div class=\"elementor-widget-container\">\n\t\t\t\t\t\t\t\t\t<p><strong>Informations juridiques<br \/><\/strong><br \/>Ce site a \u00e9t\u00e9 cr\u00e9\u00e9 par Webdigit et BRASSERIE DUBUISSON SPRL. Ce site est g\u00e9r\u00e9 par BRASSERIE DUBUISSON SPRL, Chauss\u00e9e de Mons n\u00b0 28 \u00e0 7904 Pipaix, T\u00e9l.: +32 (0)69.67.22.22, info@dubuisson.com, TVA : BE.405.865.222, registre du commerce: 1984 \u2013 Tournai.<\/p><p>La boutique en ligne est quant \u00e0 elle g\u00e9r\u00e9e par la soci\u00e9t\u00e9 SRL BRASSERIE TROLL &amp; BUSH PIPAIX, Chauss\u00e9e de Mons n\u00b028 \u00e0 7904 Pipaix. T\u00e9l. : +32(0)69\/60.01.64, leterroirdestrolls@dubuisson.com, TVA : BE0457291454, registre du commerce : 1984 \u2013 Tournai<\/p>\t\t\t\t\t\t\t\t<\/div>\n\t\t\t\t<\/div>\n\t\t\t\t\t<\/div>\n\t\t<\/div>\n\t\t\t\t\t<\/div>\n\t\t<\/section>\n\t\t\t\t<\/div>\n\t\t","protected":false},"excerpt":{"rendered":"<p>Informations juridiquesCe site a \u00e9t\u00e9 cr\u00e9\u00e9 par Webdigit et BRASSERIE DUBUISSON SPRL. Ce site est g\u00e9r\u00e9 par BRASSERIE DUBUISSON SPRL, Chauss\u00e9e de Mons n\u00b0 28 \u00e0 7904 Pipaix, T\u00e9l.: +32 (0)69.67.22.22, info@dubuisson.com, TVA : BE.405.865.222, registre du commerce: 1984 \u2013 Tournai. La boutique en ligne est quant \u00e0 elle g\u00e9r\u00e9e par la soci\u00e9t\u00e9 SRL BRASSERIE [&hellip;]<\/p>\n","protected":false},"author":22,"featured_media":0,"parent":0,"menu_order":0,"comment_status":"closed","ping_status":"closed","template":"","meta":{"_acf_changed":false,"footnotes":""},"class_list":["post-36265","page","type-page","status-publish","hentry"],"acf":[],"yoast_head":"<!-- This site is optimized with the Yoast SEO plugin v27.3 - https:\/\/yoast.com\/product\/yoast-seo-wordpress\/ -->\n<title>Mentions l\u00e9gales - Dubuisson<\/title>\n<meta name=\"robots\" content=\"index, follow, max-snippet:-1, max-image-preview:large, max-video-preview:-1\" \/>\n<link rel=\"canonical\" href=\"https:\/\/www.dubuisson.com\/us\/mentions-legales\/\" \/>\n<meta property=\"og:locale\" content=\"en_US\" \/>\n<meta property=\"og:type\" content=\"article\" \/>\n<meta property=\"og:title\" content=\"Mentions l\u00e9gales - Dubuisson\" \/>\n<meta property=\"og:description\" content=\"Informations juridiquesCe site a \u00e9t\u00e9 cr\u00e9\u00e9 par Webdigit et BRASSERIE DUBUISSON SPRL. Ce site est g\u00e9r\u00e9 par BRASSERIE DUBUISSON SPRL, Chauss\u00e9e de Mons n\u00b0 28 \u00e0 7904 Pipaix, T\u00e9l.: +32 (0)69.67.22.22, info@dubuisson.com, TVA : BE.405.865.222, registre du commerce: 1984 \u2013 Tournai. La boutique en ligne est quant \u00e0 elle g\u00e9r\u00e9e par la soci\u00e9t\u00e9 SRL BRASSERIE [&hellip;]\" \/>\n<meta property=\"og:url\" content=\"https:\/\/www.dubuisson.com\/us\/mentions-legales\/\" \/>\n<meta property=\"og:site_name\" content=\"Dubuisson\" \/>\n<meta property=\"article:modified_time\" content=\"2022-11-22T09:40:28+00:00\" \/>\n<meta name=\"twitter:card\" content=\"summary_large_image\" \/>\n<script type=\"application\/ld+json\" class=\"yoast-schema-graph\">{\"@context\":\"https:\\\/\\\/schema.org\",\"@graph\":[{\"@type\":\"WebPage\",\"@id\":\"https:\\\/\\\/www.dubuisson.com\\\/us\\\/mentions-legales\\\/\",\"url\":\"https:\\\/\\\/www.dubuisson.com\\\/us\\\/mentions-legales\\\/\",\"name\":\"Mentions l\u00e9gales - Dubuisson\",\"isPartOf\":{\"@id\":\"https:\\\/\\\/www.dubuisson.com\\\/#website\"},\"datePublished\":\"2022-11-15T09:58:33+00:00\",\"dateModified\":\"2022-11-22T09:40:28+00:00\",\"breadcrumb\":{\"@id\":\"https:\\\/\\\/www.dubuisson.com\\\/us\\\/mentions-legales\\\/#breadcrumb\"},\"inLanguage\":\"en-US\",\"potentialAction\":[{\"@type\":\"ReadAction\",\"target\":[\"https:\\\/\\\/www.dubuisson.com\\\/us\\\/mentions-legales\\\/\"]}]},{\"@type\":\"BreadcrumbList\",\"@id\":\"https:\\\/\\\/www.dubuisson.com\\\/us\\\/mentions-legales\\\/#breadcrumb\",\"itemListElement\":[{\"@type\":\"ListItem\",\"position\":1,\"name\":\"Accueil\",\"item\":\"https:\\\/\\\/www.dubuisson.com\\\/us\\\/\"},{\"@type\":\"ListItem\",\"position\":2,\"name\":\"Mentions l\u00e9gales\"}]},{\"@type\":\"WebSite\",\"@id\":\"https:\\\/\\\/www.dubuisson.com\\\/#website\",\"url\":\"https:\\\/\\\/www.dubuisson.com\\\/\",\"name\":\"Dubuisson\",\"description\":\"Une des plus anciennes et authentiques brasseries de Belgique\",\"publisher\":{\"@id\":\"https:\\\/\\\/www.dubuisson.com\\\/#organization\"},\"potentialAction\":[{\"@type\":\"SearchAction\",\"target\":{\"@type\":\"EntryPoint\",\"urlTemplate\":\"https:\\\/\\\/www.dubuisson.com\\\/?s={search_term_string}\"},\"query-input\":{\"@type\":\"PropertyValueSpecification\",\"valueRequired\":true,\"valueName\":\"search_term_string\"}}],\"inLanguage\":\"en-US\"},{\"@type\":\"Organization\",\"@id\":\"https:\\\/\\\/www.dubuisson.com\\\/#organization\",\"name\":\"Dubuisson\",\"url\":\"https:\\\/\\\/www.dubuisson.com\\\/\",\"logo\":{\"@type\":\"ImageObject\",\"inLanguage\":\"en-US\",\"@id\":\"https:\\\/\\\/www.dubuisson.com\\\/#\\\/schema\\\/logo\\\/image\\\/\",\"url\":\"https:\\\/\\\/www.dubuisson.com\\\/wp-content\\\/uploads\\\/2022\\\/03\\\/Logo-Dubuisson.svg\",\"contentUrl\":\"https:\\\/\\\/www.dubuisson.com\\\/wp-content\\\/uploads\\\/2022\\\/03\\\/Logo-Dubuisson.svg\",\"caption\":\"Dubuisson\"},\"image\":{\"@id\":\"https:\\\/\\\/www.dubuisson.com\\\/#\\\/schema\\\/logo\\\/image\\\/\"},\"sameAs\":[\"https:\\\/\\\/www.youtube.com\\\/channel\\\/UCS25K-MOakQA3nVglJzLYGA\"]}]}<\/script>\n<!-- \/ Yoast SEO plugin. -->","yoast_head_json":{"title":"Mentions l\u00e9gales - Dubuisson","robots":{"index":"index","follow":"follow","max-snippet":"max-snippet:-1","max-image-preview":"max-image-preview:large","max-video-preview":"max-video-preview:-1"},"canonical":"https:\/\/www.dubuisson.com\/us\/mentions-legales\/","og_locale":"en_US","og_type":"article","og_title":"Mentions l\u00e9gales - Dubuisson","og_description":"Informations juridiquesCe site a \u00e9t\u00e9 cr\u00e9\u00e9 par Webdigit et BRASSERIE DUBUISSON SPRL. Ce site est g\u00e9r\u00e9 par BRASSERIE DUBUISSON SPRL, Chauss\u00e9e de Mons n\u00b0 28 \u00e0 7904 Pipaix, T\u00e9l.: +32 (0)69.67.22.22, info@dubuisson.com, TVA : BE.405.865.222, registre du commerce: 1984 \u2013 Tournai. La boutique en ligne est quant \u00e0 elle g\u00e9r\u00e9e par la soci\u00e9t\u00e9 SRL BRASSERIE [&hellip;]","og_url":"https:\/\/www.dubuisson.com\/us\/mentions-legales\/","og_site_name":"Dubuisson","article_modified_time":"2022-11-22T09:40:28+00:00","twitter_card":"summary_large_image","schema":{"@context":"https:\/\/schema.org","@graph":[{"@type":"WebPage","@id":"https:\/\/www.dubuisson.com\/us\/mentions-legales\/","url":"https:\/\/www.dubuisson.com\/us\/mentions-legales\/","name":"Mentions l\u00e9gales - Dubuisson","isPartOf":{"@id":"https:\/\/www.dubuisson.com\/#website"},"datePublished":"2022-11-15T09:58:33+00:00","dateModified":"2022-11-22T09:40:28+00:00","breadcrumb":{"@id":"https:\/\/www.dubuisson.com\/us\/mentions-legales\/#breadcrumb"},"inLanguage":"en-US","potentialAction":[{"@type":"ReadAction","target":["https:\/\/www.dubuisson.com\/us\/mentions-legales\/"]}]},{"@type":"BreadcrumbList","@id":"https:\/\/www.dubuisson.com\/us\/mentions-legales\/#breadcrumb","itemListElement":[{"@type":"ListItem","position":1,"name":"Accueil","item":"https:\/\/www.dubuisson.com\/us\/"},{"@type":"ListItem","position":2,"name":"Mentions l\u00e9gales"}]},{"@type":"WebSite","@id":"https:\/\/www.dubuisson.com\/#website","url":"https:\/\/www.dubuisson.com\/","name":"Dubuisson","description":"Une des plus anciennes et authentiques brasseries de Belgique","publisher":{"@id":"https:\/\/www.dubuisson.com\/#organization"},"potentialAction":[{"@type":"SearchAction","target":{"@type":"EntryPoint","urlTemplate":"https:\/\/www.dubuisson.com\/?s={search_term_string}"},"query-input":{"@type":"PropertyValueSpecification","valueRequired":true,"valueName":"search_term_string"}}],"inLanguage":"en-US"},{"@type":"Organization","@id":"https:\/\/www.dubuisson.com\/#organization","name":"Dubuisson","url":"https:\/\/www.dubuisson.com\/","logo":{"@type":"ImageObject","inLanguage":"en-US","@id":"https:\/\/www.dubuisson.com\/#\/schema\/logo\/image\/","url":"https:\/\/www.dubuisson.com\/wp-content\/uploads\/2022\/03\/Logo-Dubuisson.svg","contentUrl":"https:\/\/www.dubuisson.com\/wp-content\/uploads\/2022\/03\/Logo-Dubuisson.svg","caption":"Dubuisson"},"image":{"@id":"https:\/\/www.dubuisson.com\/#\/schema\/logo\/image\/"},"sameAs":["https:\/\/www.youtube.com\/channel\/UCS25K-MOakQA3nVglJzLYGA"]}]}},"_links":{"self":[{"href":"https:\/\/www.dubuisson.com\/us\/wp-json\/wp\/v2\/pages\/36265","targetHints":{"allow":["GET"]}}],"collection":[{"href":"https:\/\/www.dubuisson.com\/us\/wp-json\/wp\/v2\/pages"}],"about":[{"href":"https:\/\/www.dubuisson.com\/us\/wp-json\/wp\/v2\/types\/page"}],"author":[{"embeddable":true,"href":"https:\/\/www.dubuisson.com\/us\/wp-json\/wp\/v2\/users\/22"}],"replies":[{"embeddable":true,"href":"https:\/\/www.dubuisson.com\/us\/wp-json\/wp\/v2\/comments?post=36265"}],"version-history":[{"count":5,"href":"https:\/\/www.dubuisson.com\/us\/wp-json\/wp\/v2\/pages\/36265\/revisions"}],"predecessor-version":[{"id":37934,"href":"https:\/\/www.dubuisson.com\/us\/wp-json\/wp\/v2\/pages\/36265\/revisions\/37934"}],"wp:attachment":[{"href":"https:\/\/www.dubuisson.com\/us\/wp-json\/wp\/v2\/media?parent=36265"}],"curies":[{"name":"wp","href":"https:\/\/api.w.org\/{rel}","templated":true}]}}