{"id":43261,"date":"2023-04-28T10:31:51","date_gmt":"2023-04-28T08:31:51","guid":{"rendered":"https:\/\/www.dubuisson.com\/?post_type=product&#038;p=43261"},"modified":"2023-04-28T10:50:29","modified_gmt":"2023-04-28T08:50:29","slug":"coffret-250-ans-copie","status":"publish","type":"product","link":"https:\/\/www.dubuisson.com\/fr\/produit-fr\/coffret-250-ans-copie\/","title":{"rendered":"Coffret Fram\u2019Bush\/P\u00eache Mel\u2019Bush"},"content":{"rendered":"<section class=\"elementor-section elementor-top-section elementor-element elementor-element-aeb5243 elementor-section-boxed elementor-section-height-default elementor-section-height-default\" data-particle_enable=\"false\" data-particle-mobile-disabled=\"false\" data-id=\"aeb5243\" data-element_type=\"section\" data-settings=\"{&quot;jet_parallax_layout_list&quot;:[]}\">\n<div class=\"elementor-container elementor-column-gap-default\">\n<div class=\"elementor-row\">\n<div class=\"elementor-column elementor-col-100 elementor-top-column elementor-element elementor-element-726299e\" data-id=\"726299e\" data-element_type=\"column\">\n<div class=\"elementor-column-wrap elementor-element-populated\">\n<div class=\"elementor-widget-wrap\">\n<div class=\"elementor-element elementor-element-072cc1b elementor-widget elementor-widget-woocommerce-product-content\" data-id=\"072cc1b\" data-element_type=\"widget\" data-widget_type=\"woocommerce-product-content.default\">\n<div class=\"elementor-widget-container\">\n<p>Ce coffret est la rencontre de nos deux bi\u00e8res fruit\u00e9es. Deux bouteilles de P\u00eache Mel\u2019 Bush d\u2019un c\u00f4t\u00e9, deux bouteilles de Fram\u2019Bush de l\u2019autre! Et au milieu? Leur magnifique verre! Id\u00e9al pour se faire plaisir et\/ou faire plaisir!<\/p>\n<p>Contenu : 2x P\u00eache Mel\u2019Bush 33cl, 2x Fram\u2019Bush 33cl + un verre mixte 33cl.<\/p>\n<\/div>\n<\/div>\n<\/div>\n<\/div>\n<\/div>\n<\/div>\n<\/div>\n<\/section>\n","protected":false},"excerpt":{"rendered":"<p>Ce coffret est la rencontre de nos deux bi\u00e8res fruit\u00e9es. Deux bouteilles de P\u00eache Mel\u2019 Bush d\u2019un c\u00f4t\u00e9, deux bouteilles de Fram\u2019Bush de l\u2019autre! Et au milieu? Leur magnifique verre! Id\u00e9al pour se faire plaisir et\/ou faire plaisir! Contenu : 2x P\u00eache Mel\u2019Bush 33cl, 2x Fram\u2019Bush 33cl + un verre mixte 33cl.<\/p>\n","protected":false},"featured_media":43266,"template":"","meta":{"_acf_changed":false},"product_brand":[],"product_cat":[382,518,507],"product_tag":[],"class_list":{"0":"post-43261","1":"product","2":"type-product","3":"status-publish","4":"has-post-thumbnail","6":"product_cat-bieres-fr","7":"product_cat-colis-cadeaux-fr","8":"product_cat-tous-les-produits-fr","10":"first","11":"instock","12":"featured","13":"taxable","14":"shipping-taxable","15":"purchasable","16":"product-type-simple"},"acf":[],"yoast_head":"<!-- This site is optimized with the Yoast SEO plugin v27.3 - https:\/\/yoast.com\/product\/yoast-seo-wordpress\/ -->\n<title>Coffret Fram\u2019Bush\/P\u00eache Mel\u2019Bush - Dubuisson<\/title>\n<meta name=\"robots\" content=\"index, follow, max-snippet:-1, max-image-preview:large, max-video-preview:-1\" \/>\n<link rel=\"canonical\" href=\"https:\/\/www.dubuisson.com\/fr\/produit-fr\/coffret-250-ans-copie\/\" \/>\n<meta property=\"og:locale\" content=\"fr_FR\" \/>\n<meta property=\"og:type\" content=\"article\" \/>\n<meta property=\"og:title\" content=\"Coffret Fram\u2019Bush\/P\u00eache Mel\u2019Bush - Dubuisson\" \/>\n<meta property=\"og:description\" content=\"Ce coffret est la rencontre de nos deux bi\u00e8res fruit\u00e9es. Deux bouteilles de P\u00eache Mel\u2019 Bush d\u2019un c\u00f4t\u00e9, deux bouteilles de Fram\u2019Bush de l\u2019autre! Et au milieu? Leur magnifique verre! Id\u00e9al pour se faire plaisir et\/ou faire plaisir! Contenu : 2x P\u00eache Mel\u2019Bush 33cl, 2x Fram\u2019Bush 33cl + un verre mixte 33cl.\" \/>\n<meta property=\"og:url\" content=\"https:\/\/www.dubuisson.com\/fr\/produit-fr\/coffret-250-ans-copie\/\" \/>\n<meta property=\"og:site_name\" content=\"Dubuisson\" \/>\n<meta property=\"article:modified_time\" content=\"2023-04-28T08:50:29+00:00\" \/>\n<meta property=\"og:image\" content=\"https:\/\/www.dubuisson.com\/wp-content\/uploads\/2023\/04\/Coffret-PMBFMB.jpg\" \/>\n\t<meta property=\"og:image:width\" content=\"1181\" \/>\n\t<meta property=\"og:image:height\" content=\"1181\" \/>\n\t<meta property=\"og:image:type\" content=\"image\/jpeg\" \/>\n<meta name=\"twitter:card\" content=\"summary_large_image\" \/>\n<meta name=\"twitter:label1\" content=\"Dur\u00e9e de lecture estim\u00e9e\" \/>\n\t<meta name=\"twitter:data1\" content=\"1 minute\" \/>\n<script type=\"application\/ld+json\" class=\"yoast-schema-graph\">{\"@context\":\"https:\\\/\\\/schema.org\",\"@graph\":[{\"@type\":\"WebPage\",\"@id\":\"https:\\\/\\\/www.dubuisson.com\\\/fr\\\/produit-fr\\\/coffret-250-ans-copie\\\/\",\"url\":\"https:\\\/\\\/www.dubuisson.com\\\/fr\\\/produit-fr\\\/coffret-250-ans-copie\\\/\",\"name\":\"Coffret Fram\u2019Bush\\\/P\u00eache Mel\u2019Bush - Dubuisson\",\"isPartOf\":{\"@id\":\"https:\\\/\\\/www.dubuisson.com\\\/#website\"},\"primaryImageOfPage\":{\"@id\":\"https:\\\/\\\/www.dubuisson.com\\\/fr\\\/produit-fr\\\/coffret-250-ans-copie\\\/#primaryimage\"},\"image\":{\"@id\":\"https:\\\/\\\/www.dubuisson.com\\\/fr\\\/produit-fr\\\/coffret-250-ans-copie\\\/#primaryimage\"},\"thumbnailUrl\":\"https:\\\/\\\/www.dubuisson.com\\\/wp-content\\\/uploads\\\/2023\\\/04\\\/Coffret-PMBFMB.jpg\",\"datePublished\":\"2023-04-28T08:31:51+00:00\",\"dateModified\":\"2023-04-28T08:50:29+00:00\",\"breadcrumb\":{\"@id\":\"https:\\\/\\\/www.dubuisson.com\\\/fr\\\/produit-fr\\\/coffret-250-ans-copie\\\/#breadcrumb\"},\"inLanguage\":\"fr-FR\",\"potentialAction\":[{\"@type\":\"ReadAction\",\"target\":[\"https:\\\/\\\/www.dubuisson.com\\\/fr\\\/produit-fr\\\/coffret-250-ans-copie\\\/\"]}]},{\"@type\":\"ImageObject\",\"inLanguage\":\"fr-FR\",\"@id\":\"https:\\\/\\\/www.dubuisson.com\\\/fr\\\/produit-fr\\\/coffret-250-ans-copie\\\/#primaryimage\",\"url\":\"https:\\\/\\\/www.dubuisson.com\\\/wp-content\\\/uploads\\\/2023\\\/04\\\/Coffret-PMBFMB.jpg\",\"contentUrl\":\"https:\\\/\\\/www.dubuisson.com\\\/wp-content\\\/uploads\\\/2023\\\/04\\\/Coffret-PMBFMB.jpg\",\"width\":1181,\"height\":1181},{\"@type\":\"BreadcrumbList\",\"@id\":\"https:\\\/\\\/www.dubuisson.com\\\/fr\\\/produit-fr\\\/coffret-250-ans-copie\\\/#breadcrumb\",\"itemListElement\":[{\"@type\":\"ListItem\",\"position\":1,\"name\":\"Accueil\",\"item\":\"https:\\\/\\\/www.dubuisson.com\\\/fr\\\/accueil\\\/\"},{\"@type\":\"ListItem\",\"position\":2,\"name\":\"Shop\",\"item\":\"https:\\\/\\\/www.dubuisson.com\\\/fr\\\/boutique\\\/\"},{\"@type\":\"ListItem\",\"position\":3,\"name\":\"Coffret Fram\u2019Bush\\\/P\u00eache Mel\u2019Bush\"}]},{\"@type\":\"WebSite\",\"@id\":\"https:\\\/\\\/www.dubuisson.com\\\/#website\",\"url\":\"https:\\\/\\\/www.dubuisson.com\\\/\",\"name\":\"Dubuisson\",\"description\":\"Une des plus anciennes et authentiques brasseries de Belgique\",\"publisher\":{\"@id\":\"https:\\\/\\\/www.dubuisson.com\\\/#organization\"},\"potentialAction\":[{\"@type\":\"SearchAction\",\"target\":{\"@type\":\"EntryPoint\",\"urlTemplate\":\"https:\\\/\\\/www.dubuisson.com\\\/?s={search_term_string}\"},\"query-input\":{\"@type\":\"PropertyValueSpecification\",\"valueRequired\":true,\"valueName\":\"search_term_string\"}}],\"inLanguage\":\"fr-FR\"},{\"@type\":\"Organization\",\"@id\":\"https:\\\/\\\/www.dubuisson.com\\\/#organization\",\"name\":\"Dubuisson\",\"url\":\"https:\\\/\\\/www.dubuisson.com\\\/\",\"logo\":{\"@type\":\"ImageObject\",\"inLanguage\":\"fr-FR\",\"@id\":\"https:\\\/\\\/www.dubuisson.com\\\/#\\\/schema\\\/logo\\\/image\\\/\",\"url\":\"https:\\\/\\\/www.dubuisson.com\\\/wp-content\\\/uploads\\\/2022\\\/03\\\/Logo-Dubuisson.svg\",\"contentUrl\":\"https:\\\/\\\/www.dubuisson.com\\\/wp-content\\\/uploads\\\/2022\\\/03\\\/Logo-Dubuisson.svg\",\"caption\":\"Dubuisson\"},\"image\":{\"@id\":\"https:\\\/\\\/www.dubuisson.com\\\/#\\\/schema\\\/logo\\\/image\\\/\"},\"sameAs\":[\"https:\\\/\\\/www.youtube.com\\\/channel\\\/UCS25K-MOakQA3nVglJzLYGA\"]}]}<\/script>\n<!-- \/ Yoast SEO plugin. -->","yoast_head_json":{"title":"Coffret Fram\u2019Bush\/P\u00eache Mel\u2019Bush - Dubuisson","robots":{"index":"index","follow":"follow","max-snippet":"max-snippet:-1","max-image-preview":"max-image-preview:large","max-video-preview":"max-video-preview:-1"},"canonical":"https:\/\/www.dubuisson.com\/fr\/produit-fr\/coffret-250-ans-copie\/","og_locale":"fr_FR","og_type":"article","og_title":"Coffret Fram\u2019Bush\/P\u00eache Mel\u2019Bush - Dubuisson","og_description":"Ce coffret est la rencontre de nos deux bi\u00e8res fruit\u00e9es. Deux bouteilles de P\u00eache Mel\u2019 Bush d\u2019un c\u00f4t\u00e9, deux bouteilles de Fram\u2019Bush de l\u2019autre! Et au milieu? Leur magnifique verre! Id\u00e9al pour se faire plaisir et\/ou faire plaisir! Contenu : 2x P\u00eache Mel\u2019Bush 33cl, 2x Fram\u2019Bush 33cl + un verre mixte 33cl.","og_url":"https:\/\/www.dubuisson.com\/fr\/produit-fr\/coffret-250-ans-copie\/","og_site_name":"Dubuisson","article_modified_time":"2023-04-28T08:50:29+00:00","og_image":[{"width":1181,"height":1181,"url":"https:\/\/www.dubuisson.com\/wp-content\/uploads\/2023\/04\/Coffret-PMBFMB.jpg","type":"image\/jpeg"}],"twitter_card":"summary_large_image","twitter_misc":{"Dur\u00e9e de lecture estim\u00e9e":"1 minute"},"schema":{"@context":"https:\/\/schema.org","@graph":[{"@type":"WebPage","@id":"https:\/\/www.dubuisson.com\/fr\/produit-fr\/coffret-250-ans-copie\/","url":"https:\/\/www.dubuisson.com\/fr\/produit-fr\/coffret-250-ans-copie\/","name":"Coffret Fram\u2019Bush\/P\u00eache Mel\u2019Bush - Dubuisson","isPartOf":{"@id":"https:\/\/www.dubuisson.com\/#website"},"primaryImageOfPage":{"@id":"https:\/\/www.dubuisson.com\/fr\/produit-fr\/coffret-250-ans-copie\/#primaryimage"},"image":{"@id":"https:\/\/www.dubuisson.com\/fr\/produit-fr\/coffret-250-ans-copie\/#primaryimage"},"thumbnailUrl":"https:\/\/www.dubuisson.com\/wp-content\/uploads\/2023\/04\/Coffret-PMBFMB.jpg","datePublished":"2023-04-28T08:31:51+00:00","dateModified":"2023-04-28T08:50:29+00:00","breadcrumb":{"@id":"https:\/\/www.dubuisson.com\/fr\/produit-fr\/coffret-250-ans-copie\/#breadcrumb"},"inLanguage":"fr-FR","potentialAction":[{"@type":"ReadAction","target":["https:\/\/www.dubuisson.com\/fr\/produit-fr\/coffret-250-ans-copie\/"]}]},{"@type":"ImageObject","inLanguage":"fr-FR","@id":"https:\/\/www.dubuisson.com\/fr\/produit-fr\/coffret-250-ans-copie\/#primaryimage","url":"https:\/\/www.dubuisson.com\/wp-content\/uploads\/2023\/04\/Coffret-PMBFMB.jpg","contentUrl":"https:\/\/www.dubuisson.com\/wp-content\/uploads\/2023\/04\/Coffret-PMBFMB.jpg","width":1181,"height":1181},{"@type":"BreadcrumbList","@id":"https:\/\/www.dubuisson.com\/fr\/produit-fr\/coffret-250-ans-copie\/#breadcrumb","itemListElement":[{"@type":"ListItem","position":1,"name":"Accueil","item":"https:\/\/www.dubuisson.com\/fr\/accueil\/"},{"@type":"ListItem","position":2,"name":"Shop","item":"https:\/\/www.dubuisson.com\/fr\/boutique\/"},{"@type":"ListItem","position":3,"name":"Coffret Fram\u2019Bush\/P\u00eache Mel\u2019Bush"}]},{"@type":"WebSite","@id":"https:\/\/www.dubuisson.com\/#website","url":"https:\/\/www.dubuisson.com\/","name":"Dubuisson","description":"Une des plus anciennes et authentiques brasseries de Belgique","publisher":{"@id":"https:\/\/www.dubuisson.com\/#organization"},"potentialAction":[{"@type":"SearchAction","target":{"@type":"EntryPoint","urlTemplate":"https:\/\/www.dubuisson.com\/?s={search_term_string}"},"query-input":{"@type":"PropertyValueSpecification","valueRequired":true,"valueName":"search_term_string"}}],"inLanguage":"fr-FR"},{"@type":"Organization","@id":"https:\/\/www.dubuisson.com\/#organization","name":"Dubuisson","url":"https:\/\/www.dubuisson.com\/","logo":{"@type":"ImageObject","inLanguage":"fr-FR","@id":"https:\/\/www.dubuisson.com\/#\/schema\/logo\/image\/","url":"https:\/\/www.dubuisson.com\/wp-content\/uploads\/2022\/03\/Logo-Dubuisson.svg","contentUrl":"https:\/\/www.dubuisson.com\/wp-content\/uploads\/2022\/03\/Logo-Dubuisson.svg","caption":"Dubuisson"},"image":{"@id":"https:\/\/www.dubuisson.com\/#\/schema\/logo\/image\/"},"sameAs":["https:\/\/www.youtube.com\/channel\/UCS25K-MOakQA3nVglJzLYGA"]}]}},"_links":{"self":[{"href":"https:\/\/www.dubuisson.com\/fr\/wp-json\/wp\/v2\/product\/43261","targetHints":{"allow":["GET"]}}],"collection":[{"href":"https:\/\/www.dubuisson.com\/fr\/wp-json\/wp\/v2\/product"}],"about":[{"href":"https:\/\/www.dubuisson.com\/fr\/wp-json\/wp\/v2\/types\/product"}],"version-history":[{"count":1,"href":"https:\/\/www.dubuisson.com\/fr\/wp-json\/wp\/v2\/product\/43261\/revisions"}],"predecessor-version":[{"id":43271,"href":"https:\/\/www.dubuisson.com\/fr\/wp-json\/wp\/v2\/product\/43261\/revisions\/43271"}],"wp:featuredmedia":[{"embeddable":true,"href":"https:\/\/www.dubuisson.com\/fr\/wp-json\/wp\/v2\/media\/43266"}],"wp:attachment":[{"href":"https:\/\/www.dubuisson.com\/fr\/wp-json\/wp\/v2\/media?parent=43261"}],"wp:term":[{"taxonomy":"product_brand","embeddable":true,"href":"https:\/\/www.dubuisson.com\/fr\/wp-json\/wp\/v2\/product_brand?post=43261"},{"taxonomy":"product_cat","embeddable":true,"href":"https:\/\/www.dubuisson.com\/fr\/wp-json\/wp\/v2\/product_cat?post=43261"},{"taxonomy":"product_tag","embeddable":true,"href":"https:\/\/www.dubuisson.com\/fr\/wp-json\/wp\/v2\/product_tag?post=43261"}],"curies":[{"name":"wp","href":"https:\/\/api.w.org\/{rel}","templated":true}]}}