{"id":22419,"date":"2022-02-25T10:33:17","date_gmt":"2022-02-25T09:33:17","guid":{"rendered":"https:\/\/www.dubuisson.com\/?post_type=product&#038;p=22419"},"modified":"2025-09-16T15:40:55","modified_gmt":"2025-09-16T13:40:55","slug":"verres-peche-mel-bush-frambush-par-6","status":"publish","type":"product","link":"https:\/\/www.dubuisson.com\/fr\/produit-fr\/verres-peche-mel-bush-frambush-par-6\/","title":{"rendered":"Verres P\u00eache Mel Bush\/Frambush 33cl (X6)"},"content":{"rendered":"<p>Le saviez-vous? A la base la P\u00eache Mel Bush et la Frambush \u00e9taient un cocktail de deux bi\u00e8res (une Bush et une P\u00eacheresse\/une Framboise) servie dans un grand verre \u00e0 cocktail de 50cl cr\u00e9\u00e9 par la Brasserie. Depuis la bi\u00e8re est brass\u00e9e chez nous, le verre a \u00e9t\u00e9 cr\u00e9\u00e9 en 33cl mais il a gard\u00e9 sa forme de verre \u00e0 cocktail! Et pour le plus grand bonheur de tous, la Frambush et la P\u00eache Mel Bush se d\u00e9guste dans le m\u00eame verre :).<\/p>\n<p>Contenu : <strong>6<\/strong> verres P\u00eache Mel&rsquo;Bush\/Frambush de 33cl. Attention, l&rsquo;image repr\u00e9sente 4 verres, mais le paquet sera bien compos\u00e9 de 6 verres.<\/p>\n","protected":false},"excerpt":{"rendered":"<p>Le saviez-vous? A la base la P\u00eache Mel Bush et la Frambush \u00e9taient un cocktail de deux bi\u00e8res (une Bush et une P\u00eacheresse\/une Framboise) servie dans un grand verre \u00e0 cocktail de 50cl cr\u00e9\u00e9 par la Brasserie. Depuis la bi\u00e8re est brass\u00e9e chez nous, le verre a \u00e9t\u00e9 cr\u00e9\u00e9 en 33cl mais il a gard\u00e9 [&hellip;]<\/p>\n","protected":false},"featured_media":38648,"template":"","meta":{"_acf_changed":false},"product_brand":[],"product_cat":[507,385],"product_tag":[],"class_list":{"0":"post-22419","1":"product","2":"type-product","3":"status-publish","4":"has-post-thumbnail","6":"product_cat-tous-les-produits-fr","7":"product_cat-verrerie-fr","9":"first","10":"instock","11":"taxable","12":"shipping-taxable","13":"purchasable","14":"product-type-simple"},"acf":[],"yoast_head":"<!-- This site is optimized with the Yoast SEO plugin v27.2 - https:\/\/yoast.com\/product\/yoast-seo-wordpress\/ -->\n<title>Verres P\u00eache Mel Bush\/Frambush 33cl (X6) - Dubuisson<\/title>\n<meta name=\"robots\" content=\"index, follow, max-snippet:-1, max-image-preview:large, max-video-preview:-1\" \/>\n<link rel=\"canonical\" href=\"https:\/\/www.dubuisson.com\/fr\/produit-fr\/verres-peche-mel-bush-frambush-par-6\/\" \/>\n<meta property=\"og:locale\" content=\"fr_FR\" \/>\n<meta property=\"og:type\" content=\"article\" \/>\n<meta property=\"og:title\" content=\"Verres P\u00eache Mel Bush\/Frambush 33cl (X6) - Dubuisson\" \/>\n<meta property=\"og:description\" content=\"Le saviez-vous? A la base la P\u00eache Mel Bush et la Frambush \u00e9taient un cocktail de deux bi\u00e8res (une Bush et une P\u00eacheresse\/une Framboise) servie dans un grand verre \u00e0 cocktail de 50cl cr\u00e9\u00e9 par la Brasserie. Depuis la bi\u00e8re est brass\u00e9e chez nous, le verre a \u00e9t\u00e9 cr\u00e9\u00e9 en 33cl mais il a gard\u00e9 [&hellip;]\" \/>\n<meta property=\"og:url\" content=\"https:\/\/www.dubuisson.com\/fr\/produit-fr\/verres-peche-mel-bush-frambush-par-6\/\" \/>\n<meta property=\"og:site_name\" content=\"Dubuisson\" \/>\n<meta property=\"article:modified_time\" content=\"2025-09-16T13:40:55+00:00\" \/>\n<meta property=\"og:image\" content=\"https:\/\/www.dubuisson.com\/wp-content\/uploads\/2022\/02\/VERRE_PMB_FMB-1-1.jpg\" \/>\n\t<meta property=\"og:image:width\" content=\"1476\" \/>\n\t<meta property=\"og:image:height\" content=\"1476\" \/>\n\t<meta property=\"og:image:type\" content=\"image\/jpeg\" \/>\n<meta name=\"twitter:card\" content=\"summary_large_image\" \/>\n<meta name=\"twitter:label1\" content=\"Dur\u00e9e de lecture estim\u00e9e\" \/>\n\t<meta name=\"twitter:data1\" content=\"1 minute\" \/>\n<script type=\"application\/ld+json\" class=\"yoast-schema-graph\">{\"@context\":\"https:\/\/schema.org\",\"@graph\":[{\"@type\":\"WebPage\",\"@id\":\"https:\/\/www.dubuisson.com\/fr\/produit-fr\/verres-peche-mel-bush-frambush-par-6\/\",\"url\":\"https:\/\/www.dubuisson.com\/fr\/produit-fr\/verres-peche-mel-bush-frambush-par-6\/\",\"name\":\"Verres P\u00eache Mel Bush\/Frambush 33cl (X6) - Dubuisson\",\"isPartOf\":{\"@id\":\"https:\/\/www.dubuisson.com\/#website\"},\"primaryImageOfPage\":{\"@id\":\"https:\/\/www.dubuisson.com\/fr\/produit-fr\/verres-peche-mel-bush-frambush-par-6\/#primaryimage\"},\"image\":{\"@id\":\"https:\/\/www.dubuisson.com\/fr\/produit-fr\/verres-peche-mel-bush-frambush-par-6\/#primaryimage\"},\"thumbnailUrl\":\"https:\/\/www.dubuisson.com\/wp-content\/uploads\/2022\/02\/VERRE_PMB_FMB-1-1.jpg\",\"datePublished\":\"2022-02-25T09:33:17+00:00\",\"dateModified\":\"2025-09-16T13:40:55+00:00\",\"breadcrumb\":{\"@id\":\"https:\/\/www.dubuisson.com\/fr\/produit-fr\/verres-peche-mel-bush-frambush-par-6\/#breadcrumb\"},\"inLanguage\":\"fr-FR\",\"potentialAction\":[{\"@type\":\"ReadAction\",\"target\":[\"https:\/\/www.dubuisson.com\/fr\/produit-fr\/verres-peche-mel-bush-frambush-par-6\/\"]}]},{\"@type\":\"ImageObject\",\"inLanguage\":\"fr-FR\",\"@id\":\"https:\/\/www.dubuisson.com\/fr\/produit-fr\/verres-peche-mel-bush-frambush-par-6\/#primaryimage\",\"url\":\"https:\/\/www.dubuisson.com\/wp-content\/uploads\/2022\/02\/VERRE_PMB_FMB-1-1.jpg\",\"contentUrl\":\"https:\/\/www.dubuisson.com\/wp-content\/uploads\/2022\/02\/VERRE_PMB_FMB-1-1.jpg\",\"width\":1476,\"height\":1476},{\"@type\":\"BreadcrumbList\",\"@id\":\"https:\/\/www.dubuisson.com\/fr\/produit-fr\/verres-peche-mel-bush-frambush-par-6\/#breadcrumb\",\"itemListElement\":[{\"@type\":\"ListItem\",\"position\":1,\"name\":\"Accueil\",\"item\":\"https:\/\/www.dubuisson.com\/fr\/accueil\/\"},{\"@type\":\"ListItem\",\"position\":2,\"name\":\"Shop\",\"item\":\"https:\/\/www.dubuisson.com\/fr\/boutique\/\"},{\"@type\":\"ListItem\",\"position\":3,\"name\":\"Verres P\u00eache Mel Bush\/Frambush 33cl (X6)\"}]},{\"@type\":\"WebSite\",\"@id\":\"https:\/\/www.dubuisson.com\/#website\",\"url\":\"https:\/\/www.dubuisson.com\/\",\"name\":\"Dubuisson\",\"description\":\"Une des plus anciennes et authentiques brasseries de Belgique\",\"publisher\":{\"@id\":\"https:\/\/www.dubuisson.com\/#organization\"},\"potentialAction\":[{\"@type\":\"SearchAction\",\"target\":{\"@type\":\"EntryPoint\",\"urlTemplate\":\"https:\/\/www.dubuisson.com\/?s={search_term_string}\"},\"query-input\":{\"@type\":\"PropertyValueSpecification\",\"valueRequired\":true,\"valueName\":\"search_term_string\"}}],\"inLanguage\":\"fr-FR\"},{\"@type\":\"Organization\",\"@id\":\"https:\/\/www.dubuisson.com\/#organization\",\"name\":\"Dubuisson\",\"url\":\"https:\/\/www.dubuisson.com\/\",\"logo\":{\"@type\":\"ImageObject\",\"inLanguage\":\"fr-FR\",\"@id\":\"https:\/\/www.dubuisson.com\/#\/schema\/logo\/image\/\",\"url\":\"https:\/\/www.dubuisson.com\/wp-content\/uploads\/2022\/03\/Logo-Dubuisson.svg\",\"contentUrl\":\"https:\/\/www.dubuisson.com\/wp-content\/uploads\/2022\/03\/Logo-Dubuisson.svg\",\"caption\":\"Dubuisson\"},\"image\":{\"@id\":\"https:\/\/www.dubuisson.com\/#\/schema\/logo\/image\/\"},\"sameAs\":[\"https:\/\/www.youtube.com\/channel\/UCS25K-MOakQA3nVglJzLYGA\"]}]}<\/script>\n<!-- \/ Yoast SEO plugin. -->","yoast_head_json":{"title":"Verres P\u00eache Mel Bush\/Frambush 33cl (X6) - Dubuisson","robots":{"index":"index","follow":"follow","max-snippet":"max-snippet:-1","max-image-preview":"max-image-preview:large","max-video-preview":"max-video-preview:-1"},"canonical":"https:\/\/www.dubuisson.com\/fr\/produit-fr\/verres-peche-mel-bush-frambush-par-6\/","og_locale":"fr_FR","og_type":"article","og_title":"Verres P\u00eache Mel Bush\/Frambush 33cl (X6) - Dubuisson","og_description":"Le saviez-vous? A la base la P\u00eache Mel Bush et la Frambush \u00e9taient un cocktail de deux bi\u00e8res (une Bush et une P\u00eacheresse\/une Framboise) servie dans un grand verre \u00e0 cocktail de 50cl cr\u00e9\u00e9 par la Brasserie. Depuis la bi\u00e8re est brass\u00e9e chez nous, le verre a \u00e9t\u00e9 cr\u00e9\u00e9 en 33cl mais il a gard\u00e9 [&hellip;]","og_url":"https:\/\/www.dubuisson.com\/fr\/produit-fr\/verres-peche-mel-bush-frambush-par-6\/","og_site_name":"Dubuisson","article_modified_time":"2025-09-16T13:40:55+00:00","og_image":[{"width":1476,"height":1476,"url":"https:\/\/www.dubuisson.com\/wp-content\/uploads\/2022\/02\/VERRE_PMB_FMB-1-1.jpg","type":"image\/jpeg"}],"twitter_card":"summary_large_image","twitter_misc":{"Dur\u00e9e de lecture estim\u00e9e":"1 minute"},"schema":{"@context":"https:\/\/schema.org","@graph":[{"@type":"WebPage","@id":"https:\/\/www.dubuisson.com\/fr\/produit-fr\/verres-peche-mel-bush-frambush-par-6\/","url":"https:\/\/www.dubuisson.com\/fr\/produit-fr\/verres-peche-mel-bush-frambush-par-6\/","name":"Verres P\u00eache Mel Bush\/Frambush 33cl (X6) - Dubuisson","isPartOf":{"@id":"https:\/\/www.dubuisson.com\/#website"},"primaryImageOfPage":{"@id":"https:\/\/www.dubuisson.com\/fr\/produit-fr\/verres-peche-mel-bush-frambush-par-6\/#primaryimage"},"image":{"@id":"https:\/\/www.dubuisson.com\/fr\/produit-fr\/verres-peche-mel-bush-frambush-par-6\/#primaryimage"},"thumbnailUrl":"https:\/\/www.dubuisson.com\/wp-content\/uploads\/2022\/02\/VERRE_PMB_FMB-1-1.jpg","datePublished":"2022-02-25T09:33:17+00:00","dateModified":"2025-09-16T13:40:55+00:00","breadcrumb":{"@id":"https:\/\/www.dubuisson.com\/fr\/produit-fr\/verres-peche-mel-bush-frambush-par-6\/#breadcrumb"},"inLanguage":"fr-FR","potentialAction":[{"@type":"ReadAction","target":["https:\/\/www.dubuisson.com\/fr\/produit-fr\/verres-peche-mel-bush-frambush-par-6\/"]}]},{"@type":"ImageObject","inLanguage":"fr-FR","@id":"https:\/\/www.dubuisson.com\/fr\/produit-fr\/verres-peche-mel-bush-frambush-par-6\/#primaryimage","url":"https:\/\/www.dubuisson.com\/wp-content\/uploads\/2022\/02\/VERRE_PMB_FMB-1-1.jpg","contentUrl":"https:\/\/www.dubuisson.com\/wp-content\/uploads\/2022\/02\/VERRE_PMB_FMB-1-1.jpg","width":1476,"height":1476},{"@type":"BreadcrumbList","@id":"https:\/\/www.dubuisson.com\/fr\/produit-fr\/verres-peche-mel-bush-frambush-par-6\/#breadcrumb","itemListElement":[{"@type":"ListItem","position":1,"name":"Accueil","item":"https:\/\/www.dubuisson.com\/fr\/accueil\/"},{"@type":"ListItem","position":2,"name":"Shop","item":"https:\/\/www.dubuisson.com\/fr\/boutique\/"},{"@type":"ListItem","position":3,"name":"Verres P\u00eache Mel Bush\/Frambush 33cl (X6)"}]},{"@type":"WebSite","@id":"https:\/\/www.dubuisson.com\/#website","url":"https:\/\/www.dubuisson.com\/","name":"Dubuisson","description":"Une des plus anciennes et authentiques brasseries de Belgique","publisher":{"@id":"https:\/\/www.dubuisson.com\/#organization"},"potentialAction":[{"@type":"SearchAction","target":{"@type":"EntryPoint","urlTemplate":"https:\/\/www.dubuisson.com\/?s={search_term_string}"},"query-input":{"@type":"PropertyValueSpecification","valueRequired":true,"valueName":"search_term_string"}}],"inLanguage":"fr-FR"},{"@type":"Organization","@id":"https:\/\/www.dubuisson.com\/#organization","name":"Dubuisson","url":"https:\/\/www.dubuisson.com\/","logo":{"@type":"ImageObject","inLanguage":"fr-FR","@id":"https:\/\/www.dubuisson.com\/#\/schema\/logo\/image\/","url":"https:\/\/www.dubuisson.com\/wp-content\/uploads\/2022\/03\/Logo-Dubuisson.svg","contentUrl":"https:\/\/www.dubuisson.com\/wp-content\/uploads\/2022\/03\/Logo-Dubuisson.svg","caption":"Dubuisson"},"image":{"@id":"https:\/\/www.dubuisson.com\/#\/schema\/logo\/image\/"},"sameAs":["https:\/\/www.youtube.com\/channel\/UCS25K-MOakQA3nVglJzLYGA"]}]}},"_links":{"self":[{"href":"https:\/\/www.dubuisson.com\/fr\/wp-json\/wp\/v2\/product\/22419","targetHints":{"allow":["GET"]}}],"collection":[{"href":"https:\/\/www.dubuisson.com\/fr\/wp-json\/wp\/v2\/product"}],"about":[{"href":"https:\/\/www.dubuisson.com\/fr\/wp-json\/wp\/v2\/types\/product"}],"version-history":[{"count":2,"href":"https:\/\/www.dubuisson.com\/fr\/wp-json\/wp\/v2\/product\/22419\/revisions"}],"predecessor-version":[{"id":52723,"href":"https:\/\/www.dubuisson.com\/fr\/wp-json\/wp\/v2\/product\/22419\/revisions\/52723"}],"wp:featuredmedia":[{"embeddable":true,"href":"https:\/\/www.dubuisson.com\/fr\/wp-json\/wp\/v2\/media\/38648"}],"wp:attachment":[{"href":"https:\/\/www.dubuisson.com\/fr\/wp-json\/wp\/v2\/media?parent=22419"}],"wp:term":[{"taxonomy":"product_brand","embeddable":true,"href":"https:\/\/www.dubuisson.com\/fr\/wp-json\/wp\/v2\/product_brand?post=22419"},{"taxonomy":"product_cat","embeddable":true,"href":"https:\/\/www.dubuisson.com\/fr\/wp-json\/wp\/v2\/product_cat?post=22419"},{"taxonomy":"product_tag","embeddable":true,"href":"https:\/\/www.dubuisson.com\/fr\/wp-json\/wp\/v2\/product_tag?post=22419"}],"curies":[{"name":"wp","href":"https:\/\/api.w.org\/{rel}","templated":true}]}}