{"id":21661,"date":"2021-08-24T17:04:54","date_gmt":"2021-08-24T15:04:54","guid":{"rendered":"https:\/\/www.dubuisson.com\/?post_type=product&#038;p=21661"},"modified":"2023-08-31T09:25:03","modified_gmt":"2023-08-31T07:25:03","slug":"cuvee-des-trolls-pack-de-12x25cl","status":"publish","type":"product","link":"https:\/\/www.dubuisson.com\/fr\/produit-fr\/cuvee-des-trolls-pack-de-12x25cl\/","title":{"rendered":"Cuv\u00e9e des Trolls &#8211; Pack de 12x33cl"},"content":{"rendered":"<p>En arrivant sur cette page, il y a deux options : soit tu ne connais pas la Cuv\u00e9e des Trolls, et il est graaaaaaaand temps de te mettre \u00e0 jour. Soit tu la connais d\u00e9j\u00e0 et t&rsquo;es pas ici par hasard (si tu vois ce que je veux dire). Quoi qu&rsquo;il en soit, tes prochaines nuits seront agit\u00e9es par le r\u00eave de d\u00e9guster cette bi\u00e8re blonde (7\u00b0) particuli\u00e8rement rafraichissante avec un go\u00fbt tout en rondeur et finesse.<\/p>\n<p>Contenu : 12x 33cl de Cuv\u00e9e des Trolls<\/p>\n","protected":false},"excerpt":{"rendered":"<p>En arrivant sur cette page, il y a deux options : soit tu ne connais pas la Cuv\u00e9e des Trolls, et il est graaaaaaaand temps de te mettre \u00e0 jour. Soit tu la connais d\u00e9j\u00e0 et t&rsquo;es pas ici par hasard (si tu vois ce que je veux dire). Quoi qu&rsquo;il en soit, tes prochaines [&hellip;]<\/p>\n","protected":false},"featured_media":21148,"template":"","meta":{"_acf_changed":false},"product_brand":[],"product_cat":[382,386,507],"product_tag":[],"class_list":{"0":"post-21661","1":"product","2":"type-product","3":"status-publish","4":"has-post-thumbnail","6":"product_cat-bieres-fr","7":"product_cat-pack-de-12x33cl-fr","8":"product_cat-tous-les-produits-fr","9":"product_shipping_class-c1","11":"first","12":"instock","13":"taxable","14":"shipping-taxable","15":"purchasable","16":"product-type-simple"},"acf":[],"yoast_head":"<!-- This site is optimized with the Yoast SEO plugin v27.2 - https:\/\/yoast.com\/product\/yoast-seo-wordpress\/ -->\n<title>Cuv\u00e9e des Trolls - Pack de 12x33cl - Dubuisson<\/title>\n<meta name=\"robots\" content=\"index, follow, max-snippet:-1, max-image-preview:large, max-video-preview:-1\" \/>\n<link rel=\"canonical\" href=\"https:\/\/www.dubuisson.com\/fr\/produit-fr\/cuvee-des-trolls-pack-de-12x25cl\/\" \/>\n<meta property=\"og:locale\" content=\"fr_FR\" \/>\n<meta property=\"og:type\" content=\"article\" \/>\n<meta property=\"og:title\" content=\"Cuv\u00e9e des Trolls - Pack de 12x33cl - Dubuisson\" \/>\n<meta property=\"og:description\" content=\"En arrivant sur cette page, il y a deux options : soit tu ne connais pas la Cuv\u00e9e des Trolls, et il est graaaaaaaand temps de te mettre \u00e0 jour. Soit tu la connais d\u00e9j\u00e0 et t&rsquo;es pas ici par hasard (si tu vois ce que je veux dire). Quoi qu&rsquo;il en soit, tes prochaines [&hellip;]\" \/>\n<meta property=\"og:url\" content=\"https:\/\/www.dubuisson.com\/fr\/produit-fr\/cuvee-des-trolls-pack-de-12x25cl\/\" \/>\n<meta property=\"og:site_name\" content=\"Dubuisson\" \/>\n<meta property=\"article:modified_time\" content=\"2023-08-31T07:25:03+00:00\" \/>\n<meta property=\"og:image\" content=\"https:\/\/www.dubuisson.com\/wp-content\/uploads\/2021\/08\/33cl_x12-1.png\" \/>\n\t<meta property=\"og:image:width\" content=\"1476\" \/>\n\t<meta property=\"og:image:height\" content=\"1476\" \/>\n\t<meta property=\"og:image:type\" content=\"image\/png\" \/>\n<meta name=\"twitter:card\" content=\"summary_large_image\" \/>\n<meta name=\"twitter:label1\" content=\"Dur\u00e9e de lecture estim\u00e9e\" \/>\n\t<meta name=\"twitter:data1\" content=\"1 minute\" \/>\n<script type=\"application\/ld+json\" class=\"yoast-schema-graph\">{\"@context\":\"https:\/\/schema.org\",\"@graph\":[{\"@type\":\"WebPage\",\"@id\":\"https:\/\/www.dubuisson.com\/fr\/produit-fr\/cuvee-des-trolls-pack-de-12x25cl\/\",\"url\":\"https:\/\/www.dubuisson.com\/fr\/produit-fr\/cuvee-des-trolls-pack-de-12x25cl\/\",\"name\":\"Cuv\u00e9e des Trolls - Pack de 12x33cl - Dubuisson\",\"isPartOf\":{\"@id\":\"https:\/\/www.dubuisson.com\/#website\"},\"primaryImageOfPage\":{\"@id\":\"https:\/\/www.dubuisson.com\/fr\/produit-fr\/cuvee-des-trolls-pack-de-12x25cl\/#primaryimage\"},\"image\":{\"@id\":\"https:\/\/www.dubuisson.com\/fr\/produit-fr\/cuvee-des-trolls-pack-de-12x25cl\/#primaryimage\"},\"thumbnailUrl\":\"https:\/\/www.dubuisson.com\/wp-content\/uploads\/2021\/08\/33cl_x12.png\",\"datePublished\":\"2021-08-24T15:04:54+00:00\",\"dateModified\":\"2023-08-31T07:25:03+00:00\",\"breadcrumb\":{\"@id\":\"https:\/\/www.dubuisson.com\/fr\/produit-fr\/cuvee-des-trolls-pack-de-12x25cl\/#breadcrumb\"},\"inLanguage\":\"fr-FR\",\"potentialAction\":[{\"@type\":\"ReadAction\",\"target\":[\"https:\/\/www.dubuisson.com\/fr\/produit-fr\/cuvee-des-trolls-pack-de-12x25cl\/\"]}]},{\"@type\":\"ImageObject\",\"inLanguage\":\"fr-FR\",\"@id\":\"https:\/\/www.dubuisson.com\/fr\/produit-fr\/cuvee-des-trolls-pack-de-12x25cl\/#primaryimage\",\"url\":\"https:\/\/www.dubuisson.com\/wp-content\/uploads\/2021\/08\/33cl_x12.png\",\"contentUrl\":\"https:\/\/www.dubuisson.com\/wp-content\/uploads\/2021\/08\/33cl_x12.png\",\"width\":1476,\"height\":1476},{\"@type\":\"BreadcrumbList\",\"@id\":\"https:\/\/www.dubuisson.com\/fr\/produit-fr\/cuvee-des-trolls-pack-de-12x25cl\/#breadcrumb\",\"itemListElement\":[{\"@type\":\"ListItem\",\"position\":1,\"name\":\"Accueil\",\"item\":\"https:\/\/www.dubuisson.com\/fr\/accueil\/\"},{\"@type\":\"ListItem\",\"position\":2,\"name\":\"Shop\",\"item\":\"https:\/\/www.dubuisson.com\/fr\/boutique\/\"},{\"@type\":\"ListItem\",\"position\":3,\"name\":\"Cuv\u00e9e des Trolls &#8211; Pack de 12x33cl\"}]},{\"@type\":\"WebSite\",\"@id\":\"https:\/\/www.dubuisson.com\/#website\",\"url\":\"https:\/\/www.dubuisson.com\/\",\"name\":\"Dubuisson\",\"description\":\"Une des plus anciennes et authentiques brasseries de Belgique\",\"publisher\":{\"@id\":\"https:\/\/www.dubuisson.com\/#organization\"},\"potentialAction\":[{\"@type\":\"SearchAction\",\"target\":{\"@type\":\"EntryPoint\",\"urlTemplate\":\"https:\/\/www.dubuisson.com\/?s={search_term_string}\"},\"query-input\":{\"@type\":\"PropertyValueSpecification\",\"valueRequired\":true,\"valueName\":\"search_term_string\"}}],\"inLanguage\":\"fr-FR\"},{\"@type\":\"Organization\",\"@id\":\"https:\/\/www.dubuisson.com\/#organization\",\"name\":\"Dubuisson\",\"url\":\"https:\/\/www.dubuisson.com\/\",\"logo\":{\"@type\":\"ImageObject\",\"inLanguage\":\"fr-FR\",\"@id\":\"https:\/\/www.dubuisson.com\/#\/schema\/logo\/image\/\",\"url\":\"https:\/\/www.dubuisson.com\/wp-content\/uploads\/2022\/03\/Logo-Dubuisson.svg\",\"contentUrl\":\"https:\/\/www.dubuisson.com\/wp-content\/uploads\/2022\/03\/Logo-Dubuisson.svg\",\"caption\":\"Dubuisson\"},\"image\":{\"@id\":\"https:\/\/www.dubuisson.com\/#\/schema\/logo\/image\/\"},\"sameAs\":[\"https:\/\/www.youtube.com\/channel\/UCS25K-MOakQA3nVglJzLYGA\"]}]}<\/script>\n<!-- \/ Yoast SEO plugin. -->","yoast_head_json":{"title":"Cuv\u00e9e des Trolls - Pack de 12x33cl - Dubuisson","robots":{"index":"index","follow":"follow","max-snippet":"max-snippet:-1","max-image-preview":"max-image-preview:large","max-video-preview":"max-video-preview:-1"},"canonical":"https:\/\/www.dubuisson.com\/fr\/produit-fr\/cuvee-des-trolls-pack-de-12x25cl\/","og_locale":"fr_FR","og_type":"article","og_title":"Cuv\u00e9e des Trolls - Pack de 12x33cl - Dubuisson","og_description":"En arrivant sur cette page, il y a deux options : soit tu ne connais pas la Cuv\u00e9e des Trolls, et il est graaaaaaaand temps de te mettre \u00e0 jour. Soit tu la connais d\u00e9j\u00e0 et t&rsquo;es pas ici par hasard (si tu vois ce que je veux dire). Quoi qu&rsquo;il en soit, tes prochaines [&hellip;]","og_url":"https:\/\/www.dubuisson.com\/fr\/produit-fr\/cuvee-des-trolls-pack-de-12x25cl\/","og_site_name":"Dubuisson","article_modified_time":"2023-08-31T07:25:03+00:00","og_image":[{"width":1476,"height":1476,"url":"https:\/\/www.dubuisson.com\/wp-content\/uploads\/2021\/08\/33cl_x12-1.png","type":"image\/png"}],"twitter_card":"summary_large_image","twitter_misc":{"Dur\u00e9e de lecture estim\u00e9e":"1 minute"},"schema":{"@context":"https:\/\/schema.org","@graph":[{"@type":"WebPage","@id":"https:\/\/www.dubuisson.com\/fr\/produit-fr\/cuvee-des-trolls-pack-de-12x25cl\/","url":"https:\/\/www.dubuisson.com\/fr\/produit-fr\/cuvee-des-trolls-pack-de-12x25cl\/","name":"Cuv\u00e9e des Trolls - Pack de 12x33cl - Dubuisson","isPartOf":{"@id":"https:\/\/www.dubuisson.com\/#website"},"primaryImageOfPage":{"@id":"https:\/\/www.dubuisson.com\/fr\/produit-fr\/cuvee-des-trolls-pack-de-12x25cl\/#primaryimage"},"image":{"@id":"https:\/\/www.dubuisson.com\/fr\/produit-fr\/cuvee-des-trolls-pack-de-12x25cl\/#primaryimage"},"thumbnailUrl":"https:\/\/www.dubuisson.com\/wp-content\/uploads\/2021\/08\/33cl_x12.png","datePublished":"2021-08-24T15:04:54+00:00","dateModified":"2023-08-31T07:25:03+00:00","breadcrumb":{"@id":"https:\/\/www.dubuisson.com\/fr\/produit-fr\/cuvee-des-trolls-pack-de-12x25cl\/#breadcrumb"},"inLanguage":"fr-FR","potentialAction":[{"@type":"ReadAction","target":["https:\/\/www.dubuisson.com\/fr\/produit-fr\/cuvee-des-trolls-pack-de-12x25cl\/"]}]},{"@type":"ImageObject","inLanguage":"fr-FR","@id":"https:\/\/www.dubuisson.com\/fr\/produit-fr\/cuvee-des-trolls-pack-de-12x25cl\/#primaryimage","url":"https:\/\/www.dubuisson.com\/wp-content\/uploads\/2021\/08\/33cl_x12.png","contentUrl":"https:\/\/www.dubuisson.com\/wp-content\/uploads\/2021\/08\/33cl_x12.png","width":1476,"height":1476},{"@type":"BreadcrumbList","@id":"https:\/\/www.dubuisson.com\/fr\/produit-fr\/cuvee-des-trolls-pack-de-12x25cl\/#breadcrumb","itemListElement":[{"@type":"ListItem","position":1,"name":"Accueil","item":"https:\/\/www.dubuisson.com\/fr\/accueil\/"},{"@type":"ListItem","position":2,"name":"Shop","item":"https:\/\/www.dubuisson.com\/fr\/boutique\/"},{"@type":"ListItem","position":3,"name":"Cuv\u00e9e des Trolls &#8211; Pack de 12x33cl"}]},{"@type":"WebSite","@id":"https:\/\/www.dubuisson.com\/#website","url":"https:\/\/www.dubuisson.com\/","name":"Dubuisson","description":"Une des plus anciennes et authentiques brasseries de Belgique","publisher":{"@id":"https:\/\/www.dubuisson.com\/#organization"},"potentialAction":[{"@type":"SearchAction","target":{"@type":"EntryPoint","urlTemplate":"https:\/\/www.dubuisson.com\/?s={search_term_string}"},"query-input":{"@type":"PropertyValueSpecification","valueRequired":true,"valueName":"search_term_string"}}],"inLanguage":"fr-FR"},{"@type":"Organization","@id":"https:\/\/www.dubuisson.com\/#organization","name":"Dubuisson","url":"https:\/\/www.dubuisson.com\/","logo":{"@type":"ImageObject","inLanguage":"fr-FR","@id":"https:\/\/www.dubuisson.com\/#\/schema\/logo\/image\/","url":"https:\/\/www.dubuisson.com\/wp-content\/uploads\/2022\/03\/Logo-Dubuisson.svg","contentUrl":"https:\/\/www.dubuisson.com\/wp-content\/uploads\/2022\/03\/Logo-Dubuisson.svg","caption":"Dubuisson"},"image":{"@id":"https:\/\/www.dubuisson.com\/#\/schema\/logo\/image\/"},"sameAs":["https:\/\/www.youtube.com\/channel\/UCS25K-MOakQA3nVglJzLYGA"]}]}},"_links":{"self":[{"href":"https:\/\/www.dubuisson.com\/fr\/wp-json\/wp\/v2\/product\/21661","targetHints":{"allow":["GET"]}}],"collection":[{"href":"https:\/\/www.dubuisson.com\/fr\/wp-json\/wp\/v2\/product"}],"about":[{"href":"https:\/\/www.dubuisson.com\/fr\/wp-json\/wp\/v2\/types\/product"}],"version-history":[{"count":2,"href":"https:\/\/www.dubuisson.com\/fr\/wp-json\/wp\/v2\/product\/21661\/revisions"}],"predecessor-version":[{"id":44710,"href":"https:\/\/www.dubuisson.com\/fr\/wp-json\/wp\/v2\/product\/21661\/revisions\/44710"}],"wp:featuredmedia":[{"embeddable":true,"href":"https:\/\/www.dubuisson.com\/fr\/wp-json\/wp\/v2\/media\/21148"}],"wp:attachment":[{"href":"https:\/\/www.dubuisson.com\/fr\/wp-json\/wp\/v2\/media?parent=21661"}],"wp:term":[{"taxonomy":"product_brand","embeddable":true,"href":"https:\/\/www.dubuisson.com\/fr\/wp-json\/wp\/v2\/product_brand?post=21661"},{"taxonomy":"product_cat","embeddable":true,"href":"https:\/\/www.dubuisson.com\/fr\/wp-json\/wp\/v2\/product_cat?post=21661"},{"taxonomy":"product_tag","embeddable":true,"href":"https:\/\/www.dubuisson.com\/fr\/wp-json\/wp\/v2\/product_tag?post=21661"}],"curies":[{"name":"wp","href":"https:\/\/api.w.org\/{rel}","templated":true}]}}