{"id":21635,"date":"2021-08-31T16:30:00","date_gmt":"2021-08-31T14:30:00","guid":{"rendered":"https:\/\/www.dubuisson.com\/?post_type=product&#038;p=21635"},"modified":"2025-09-16T15:44:58","modified_gmt":"2025-09-16T13:44:58","slug":"verre-bush-33cl-pack-de-4-verres","status":"publish","type":"product","link":"https:\/\/www.dubuisson.com\/fr\/produit-fr\/verre-bush-33cl-pack-de-4-verres\/","title":{"rendered":"Verres Bush 33cl (X4)"},"content":{"rendered":"<p>Nous ne sommes peut-\u00eatre pas 100% objectifs&#8230; Mais il n&rsquo;y a pas plus beau verre \u00e0 bi\u00e8re que celui de la Bush. Et vous savez quoi? \u00c9tant souffl\u00e9 \u00e0 la bouche, chaque verre est absolument unique! Il est grand temps que vous mettiez ces petites merveilles dans votre collection de verres!<\/p>\n<p>Contenu : 4 verres 33cl Bush<\/p>\n","protected":false},"excerpt":{"rendered":"<p>Nous ne sommes peut-\u00eatre pas 100% objectifs&#8230; Mais il n&rsquo;y a pas plus beau verre \u00e0 bi\u00e8re que celui de la Bush. Et vous savez quoi? \u00c9tant souffl\u00e9 \u00e0 la bouche, chaque verre est absolument unique! Il est grand temps que vous mettiez ces petites merveilles dans votre collection de verres! Contenu : 4 verres [&hellip;]<\/p>\n","protected":false},"featured_media":21358,"template":"","meta":{"_acf_changed":false},"product_brand":[],"product_cat":[507,385],"product_tag":[],"class_list":{"0":"post-21635","1":"product","2":"type-product","3":"status-publish","4":"has-post-thumbnail","6":"product_cat-tous-les-produits-fr","7":"product_cat-verrerie-fr","9":"first","10":"instock","11":"taxable","12":"shipping-taxable","13":"purchasable","14":"product-type-simple"},"acf":[],"yoast_head":"<!-- This site is optimized with the Yoast SEO plugin v27.4 - https:\/\/yoast.com\/product\/yoast-seo-wordpress\/ -->\n<title>Verres Bush 33cl (X4) - Dubuisson<\/title>\n<meta name=\"robots\" content=\"index, follow, max-snippet:-1, max-image-preview:large, max-video-preview:-1\" \/>\n<link rel=\"canonical\" href=\"https:\/\/www.dubuisson.com\/fr\/produit-fr\/verre-bush-33cl-pack-de-4-verres\/\" \/>\n<meta property=\"og:locale\" content=\"fr_FR\" \/>\n<meta property=\"og:type\" content=\"article\" \/>\n<meta property=\"og:title\" content=\"Verres Bush 33cl (X4) - Dubuisson\" \/>\n<meta property=\"og:description\" content=\"Nous ne sommes peut-\u00eatre pas 100% objectifs&#8230; Mais il n&rsquo;y a pas plus beau verre \u00e0 bi\u00e8re que celui de la Bush. Et vous savez quoi? \u00c9tant souffl\u00e9 \u00e0 la bouche, chaque verre est absolument unique! Il est grand temps que vous mettiez ces petites merveilles dans votre collection de verres! Contenu : 4 verres [&hellip;]\" \/>\n<meta property=\"og:url\" content=\"https:\/\/www.dubuisson.com\/fr\/produit-fr\/verre-bush-33cl-pack-de-4-verres\/\" \/>\n<meta property=\"og:site_name\" content=\"Dubuisson\" \/>\n<meta property=\"article:modified_time\" content=\"2025-09-16T13:44:58+00:00\" \/>\n<meta property=\"og:image\" content=\"https:\/\/www.dubuisson.com\/wp-content\/uploads\/2021\/08\/VERRES_BUSH_33.jpg\" \/>\n\t<meta property=\"og:image:width\" content=\"1476\" \/>\n\t<meta property=\"og:image:height\" content=\"1476\" \/>\n\t<meta property=\"og:image:type\" content=\"image\/jpeg\" \/>\n<meta name=\"twitter:card\" content=\"summary_large_image\" \/>\n<meta name=\"twitter:label1\" content=\"Dur\u00e9e de lecture estim\u00e9e\" \/>\n\t<meta name=\"twitter:data1\" content=\"1 minute\" \/>\n<script type=\"application\/ld+json\" class=\"yoast-schema-graph\">{\"@context\":\"https:\\\/\\\/schema.org\",\"@graph\":[{\"@type\":\"WebPage\",\"@id\":\"https:\\\/\\\/www.dubuisson.com\\\/fr\\\/produit-fr\\\/verre-bush-33cl-pack-de-4-verres\\\/\",\"url\":\"https:\\\/\\\/www.dubuisson.com\\\/fr\\\/produit-fr\\\/verre-bush-33cl-pack-de-4-verres\\\/\",\"name\":\"Verres Bush 33cl (X4) - Dubuisson\",\"isPartOf\":{\"@id\":\"https:\\\/\\\/www.dubuisson.com\\\/#website\"},\"primaryImageOfPage\":{\"@id\":\"https:\\\/\\\/www.dubuisson.com\\\/fr\\\/produit-fr\\\/verre-bush-33cl-pack-de-4-verres\\\/#primaryimage\"},\"image\":{\"@id\":\"https:\\\/\\\/www.dubuisson.com\\\/fr\\\/produit-fr\\\/verre-bush-33cl-pack-de-4-verres\\\/#primaryimage\"},\"thumbnailUrl\":\"https:\\\/\\\/www.dubuisson.com\\\/wp-content\\\/uploads\\\/2021\\\/08\\\/VERRES_BUSH_33.jpg\",\"datePublished\":\"2021-08-31T14:30:00+00:00\",\"dateModified\":\"2025-09-16T13:44:58+00:00\",\"breadcrumb\":{\"@id\":\"https:\\\/\\\/www.dubuisson.com\\\/fr\\\/produit-fr\\\/verre-bush-33cl-pack-de-4-verres\\\/#breadcrumb\"},\"inLanguage\":\"fr-FR\",\"potentialAction\":[{\"@type\":\"ReadAction\",\"target\":[\"https:\\\/\\\/www.dubuisson.com\\\/fr\\\/produit-fr\\\/verre-bush-33cl-pack-de-4-verres\\\/\"]}]},{\"@type\":\"ImageObject\",\"inLanguage\":\"fr-FR\",\"@id\":\"https:\\\/\\\/www.dubuisson.com\\\/fr\\\/produit-fr\\\/verre-bush-33cl-pack-de-4-verres\\\/#primaryimage\",\"url\":\"https:\\\/\\\/www.dubuisson.com\\\/wp-content\\\/uploads\\\/2021\\\/08\\\/VERRES_BUSH_33.jpg\",\"contentUrl\":\"https:\\\/\\\/www.dubuisson.com\\\/wp-content\\\/uploads\\\/2021\\\/08\\\/VERRES_BUSH_33.jpg\",\"width\":1476,\"height\":1476},{\"@type\":\"BreadcrumbList\",\"@id\":\"https:\\\/\\\/www.dubuisson.com\\\/fr\\\/produit-fr\\\/verre-bush-33cl-pack-de-4-verres\\\/#breadcrumb\",\"itemListElement\":[{\"@type\":\"ListItem\",\"position\":1,\"name\":\"Accueil\",\"item\":\"https:\\\/\\\/www.dubuisson.com\\\/fr\\\/accueil\\\/\"},{\"@type\":\"ListItem\",\"position\":2,\"name\":\"Shop\",\"item\":\"https:\\\/\\\/www.dubuisson.com\\\/fr\\\/boutique\\\/\"},{\"@type\":\"ListItem\",\"position\":3,\"name\":\"Verres Bush 33cl (X4)\"}]},{\"@type\":\"WebSite\",\"@id\":\"https:\\\/\\\/www.dubuisson.com\\\/#website\",\"url\":\"https:\\\/\\\/www.dubuisson.com\\\/\",\"name\":\"Dubuisson\",\"description\":\"Une des plus anciennes et authentiques brasseries de Belgique\",\"publisher\":{\"@id\":\"https:\\\/\\\/www.dubuisson.com\\\/#organization\"},\"potentialAction\":[{\"@type\":\"SearchAction\",\"target\":{\"@type\":\"EntryPoint\",\"urlTemplate\":\"https:\\\/\\\/www.dubuisson.com\\\/?s={search_term_string}\"},\"query-input\":{\"@type\":\"PropertyValueSpecification\",\"valueRequired\":true,\"valueName\":\"search_term_string\"}}],\"inLanguage\":\"fr-FR\"},{\"@type\":\"Organization\",\"@id\":\"https:\\\/\\\/www.dubuisson.com\\\/#organization\",\"name\":\"Dubuisson\",\"url\":\"https:\\\/\\\/www.dubuisson.com\\\/\",\"logo\":{\"@type\":\"ImageObject\",\"inLanguage\":\"fr-FR\",\"@id\":\"https:\\\/\\\/www.dubuisson.com\\\/#\\\/schema\\\/logo\\\/image\\\/\",\"url\":\"https:\\\/\\\/www.dubuisson.com\\\/wp-content\\\/uploads\\\/2022\\\/03\\\/Logo-Dubuisson.svg\",\"contentUrl\":\"https:\\\/\\\/www.dubuisson.com\\\/wp-content\\\/uploads\\\/2022\\\/03\\\/Logo-Dubuisson.svg\",\"caption\":\"Dubuisson\"},\"image\":{\"@id\":\"https:\\\/\\\/www.dubuisson.com\\\/#\\\/schema\\\/logo\\\/image\\\/\"},\"sameAs\":[\"https:\\\/\\\/www.youtube.com\\\/channel\\\/UCS25K-MOakQA3nVglJzLYGA\"]}]}<\/script>\n<!-- \/ Yoast SEO plugin. -->","yoast_head_json":{"title":"Verres Bush 33cl (X4) - Dubuisson","robots":{"index":"index","follow":"follow","max-snippet":"max-snippet:-1","max-image-preview":"max-image-preview:large","max-video-preview":"max-video-preview:-1"},"canonical":"https:\/\/www.dubuisson.com\/fr\/produit-fr\/verre-bush-33cl-pack-de-4-verres\/","og_locale":"fr_FR","og_type":"article","og_title":"Verres Bush 33cl (X4) - Dubuisson","og_description":"Nous ne sommes peut-\u00eatre pas 100% objectifs&#8230; Mais il n&rsquo;y a pas plus beau verre \u00e0 bi\u00e8re que celui de la Bush. Et vous savez quoi? \u00c9tant souffl\u00e9 \u00e0 la bouche, chaque verre est absolument unique! Il est grand temps que vous mettiez ces petites merveilles dans votre collection de verres! Contenu : 4 verres [&hellip;]","og_url":"https:\/\/www.dubuisson.com\/fr\/produit-fr\/verre-bush-33cl-pack-de-4-verres\/","og_site_name":"Dubuisson","article_modified_time":"2025-09-16T13:44:58+00:00","og_image":[{"width":1476,"height":1476,"url":"https:\/\/www.dubuisson.com\/wp-content\/uploads\/2021\/08\/VERRES_BUSH_33.jpg","type":"image\/jpeg"}],"twitter_card":"summary_large_image","twitter_misc":{"Dur\u00e9e de lecture estim\u00e9e":"1 minute"},"schema":{"@context":"https:\/\/schema.org","@graph":[{"@type":"WebPage","@id":"https:\/\/www.dubuisson.com\/fr\/produit-fr\/verre-bush-33cl-pack-de-4-verres\/","url":"https:\/\/www.dubuisson.com\/fr\/produit-fr\/verre-bush-33cl-pack-de-4-verres\/","name":"Verres Bush 33cl (X4) - Dubuisson","isPartOf":{"@id":"https:\/\/www.dubuisson.com\/#website"},"primaryImageOfPage":{"@id":"https:\/\/www.dubuisson.com\/fr\/produit-fr\/verre-bush-33cl-pack-de-4-verres\/#primaryimage"},"image":{"@id":"https:\/\/www.dubuisson.com\/fr\/produit-fr\/verre-bush-33cl-pack-de-4-verres\/#primaryimage"},"thumbnailUrl":"https:\/\/www.dubuisson.com\/wp-content\/uploads\/2021\/08\/VERRES_BUSH_33.jpg","datePublished":"2021-08-31T14:30:00+00:00","dateModified":"2025-09-16T13:44:58+00:00","breadcrumb":{"@id":"https:\/\/www.dubuisson.com\/fr\/produit-fr\/verre-bush-33cl-pack-de-4-verres\/#breadcrumb"},"inLanguage":"fr-FR","potentialAction":[{"@type":"ReadAction","target":["https:\/\/www.dubuisson.com\/fr\/produit-fr\/verre-bush-33cl-pack-de-4-verres\/"]}]},{"@type":"ImageObject","inLanguage":"fr-FR","@id":"https:\/\/www.dubuisson.com\/fr\/produit-fr\/verre-bush-33cl-pack-de-4-verres\/#primaryimage","url":"https:\/\/www.dubuisson.com\/wp-content\/uploads\/2021\/08\/VERRES_BUSH_33.jpg","contentUrl":"https:\/\/www.dubuisson.com\/wp-content\/uploads\/2021\/08\/VERRES_BUSH_33.jpg","width":1476,"height":1476},{"@type":"BreadcrumbList","@id":"https:\/\/www.dubuisson.com\/fr\/produit-fr\/verre-bush-33cl-pack-de-4-verres\/#breadcrumb","itemListElement":[{"@type":"ListItem","position":1,"name":"Accueil","item":"https:\/\/www.dubuisson.com\/fr\/accueil\/"},{"@type":"ListItem","position":2,"name":"Shop","item":"https:\/\/www.dubuisson.com\/fr\/boutique\/"},{"@type":"ListItem","position":3,"name":"Verres Bush 33cl (X4)"}]},{"@type":"WebSite","@id":"https:\/\/www.dubuisson.com\/#website","url":"https:\/\/www.dubuisson.com\/","name":"Dubuisson","description":"Une des plus anciennes et authentiques brasseries de Belgique","publisher":{"@id":"https:\/\/www.dubuisson.com\/#organization"},"potentialAction":[{"@type":"SearchAction","target":{"@type":"EntryPoint","urlTemplate":"https:\/\/www.dubuisson.com\/?s={search_term_string}"},"query-input":{"@type":"PropertyValueSpecification","valueRequired":true,"valueName":"search_term_string"}}],"inLanguage":"fr-FR"},{"@type":"Organization","@id":"https:\/\/www.dubuisson.com\/#organization","name":"Dubuisson","url":"https:\/\/www.dubuisson.com\/","logo":{"@type":"ImageObject","inLanguage":"fr-FR","@id":"https:\/\/www.dubuisson.com\/#\/schema\/logo\/image\/","url":"https:\/\/www.dubuisson.com\/wp-content\/uploads\/2022\/03\/Logo-Dubuisson.svg","contentUrl":"https:\/\/www.dubuisson.com\/wp-content\/uploads\/2022\/03\/Logo-Dubuisson.svg","caption":"Dubuisson"},"image":{"@id":"https:\/\/www.dubuisson.com\/#\/schema\/logo\/image\/"},"sameAs":["https:\/\/www.youtube.com\/channel\/UCS25K-MOakQA3nVglJzLYGA"]}]}},"_links":{"self":[{"href":"https:\/\/www.dubuisson.com\/fr\/wp-json\/wp\/v2\/product\/21635","targetHints":{"allow":["GET"]}}],"collection":[{"href":"https:\/\/www.dubuisson.com\/fr\/wp-json\/wp\/v2\/product"}],"about":[{"href":"https:\/\/www.dubuisson.com\/fr\/wp-json\/wp\/v2\/types\/product"}],"version-history":[{"count":2,"href":"https:\/\/www.dubuisson.com\/fr\/wp-json\/wp\/v2\/product\/21635\/revisions"}],"predecessor-version":[{"id":52731,"href":"https:\/\/www.dubuisson.com\/fr\/wp-json\/wp\/v2\/product\/21635\/revisions\/52731"}],"wp:featuredmedia":[{"embeddable":true,"href":"https:\/\/www.dubuisson.com\/fr\/wp-json\/wp\/v2\/media\/21358"}],"wp:attachment":[{"href":"https:\/\/www.dubuisson.com\/fr\/wp-json\/wp\/v2\/media?parent=21635"}],"wp:term":[{"taxonomy":"product_brand","embeddable":true,"href":"https:\/\/www.dubuisson.com\/fr\/wp-json\/wp\/v2\/product_brand?post=21635"},{"taxonomy":"product_cat","embeddable":true,"href":"https:\/\/www.dubuisson.com\/fr\/wp-json\/wp\/v2\/product_cat?post=21635"},{"taxonomy":"product_tag","embeddable":true,"href":"https:\/\/www.dubuisson.com\/fr\/wp-json\/wp\/v2\/product_tag?post=21635"}],"curies":[{"name":"wp","href":"https:\/\/api.w.org\/{rel}","templated":true}]}}