{"id":36008,"date":"2022-04-21T16:50:48","date_gmt":"2022-04-21T14:50:48","guid":{"rendered":"https:\/\/www.dubuisson.com\/cart\/"},"modified":"2025-01-02T09:29:07","modified_gmt":"2025-01-02T08:29:07","slug":"panier","status":"publish","type":"page","link":"https:\/\/www.dubuisson.com\/fr\/panier\/","title":{"rendered":"Panier"},"content":{"rendered":"\t\t<div data-elementor-type=\"wp-page\" data-elementor-id=\"36008\" class=\"elementor elementor-36008 elementor-24300\" data-elementor-post-type=\"page\">\n\t\t\t\t\t\t<section data-particle_enable=\"false\" data-particle-mobile-disabled=\"false\" class=\"elementor-section elementor-top-section elementor-element elementor-element-ed7c53e elementor-section-boxed elementor-section-height-default elementor-section-height-default\" data-id=\"ed7c53e\" data-element_type=\"section\" data-e-type=\"section\" data-settings=\"{&quot;jet_parallax_layout_list&quot;:[]}\">\n\t\t\t\t\t\t<div class=\"elementor-container elementor-column-gap-default\">\n\t\t\t\t\t<div class=\"elementor-column elementor-col-100 elementor-top-column elementor-element elementor-element-665b9aa\" data-id=\"665b9aa\" data-element_type=\"column\" data-e-type=\"column\">\n\t\t\t<div class=\"elementor-widget-wrap elementor-element-populated\">\n\t\t\t\t\t\t<div data-dce-title-color=\"#00603B\" class=\"elementor-element elementor-element-d8ff324 elementor-widget elementor-widget-heading\" data-id=\"d8ff324\" data-element_type=\"widget\" data-e-type=\"widget\" data-widget_type=\"heading.default\">\n\t\t\t\t<div class=\"elementor-widget-container\">\n\t\t\t\t\t<h2 class=\"elementor-heading-title elementor-size-default\">Suite \u00e0 l\u2019augmentation des tarifs de Bpost en date du 01.01.2025, nous avons d\u00fb ajuster nos frais d\u2019exp\u00e9dition.<\/h2>\t\t\t\t<\/div>\n\t\t\t\t<\/div>\n\t\t\t\t\t<\/div>\n\t\t<\/div>\n\t\t\t\t\t<\/div>\n\t\t<\/section>\n\t\t\t\t<section data-particle_enable=\"false\" data-particle-mobile-disabled=\"false\" class=\"elementor-section elementor-top-section elementor-element elementor-element-5c2b60f elementor-section-boxed elementor-section-height-default elementor-section-height-default\" data-id=\"5c2b60f\" data-element_type=\"section\" data-e-type=\"section\" data-settings=\"{&quot;jet_parallax_layout_list&quot;:[]}\">\n\t\t\t\t\t\t<div class=\"elementor-container elementor-column-gap-default\">\n\t\t\t\t\t<div class=\"elementor-column elementor-col-100 elementor-top-column elementor-element elementor-element-c93e33e\" data-id=\"c93e33e\" data-element_type=\"column\" data-e-type=\"column\">\n\t\t\t<div class=\"elementor-widget-wrap elementor-element-populated\">\n\t\t\t\t\t\t<div class=\"elementor-element elementor-element-eb44ac8 e-cart-layout-two-column elementor-widget elementor-widget-woocommerce-cart\" data-id=\"eb44ac8\" data-element_type=\"widget\" data-e-type=\"widget\" data-settings=\"{&quot;update_cart_automatically&quot;:&quot;yes&quot;}\" data-widget_type=\"woocommerce-cart.default\">\n\t\t\t\t<div class=\"elementor-widget-container\">\n\t\t\t\t\t<div class=\"woocommerce\"><div class=\"woocommerce-notices-wrapper\"><\/div><div class=\"wc-empty-cart-message\">\n\t<div class=\"cart-empty woocommerce-info\" role=\"status\">\n\t\tVotre panier est actuellement vide.\t<\/div>\n<\/div>\t<p class=\"return-to-shop\">\n\t\t<a class=\"button wc-backward\" href=\"https:\/\/www.dubuisson.com\/fr\/boutique\/\">\n\t\t\tRetour \u00e0 la boutique\t\t<\/a>\n\t<\/p>\n<\/div>\t\t\t\t<\/div>\n\t\t\t\t<\/div>\n\t\t\t\t\t<\/div>\n\t\t<\/div>\n\t\t\t\t\t<\/div>\n\t\t<\/section>\n\t\t\t\t<section data-particle_enable=\"false\" data-particle-mobile-disabled=\"false\" class=\"elementor-section elementor-top-section elementor-element elementor-element-e53cde9 elementor-section-boxed elementor-section-height-default elementor-section-height-default\" data-id=\"e53cde9\" data-element_type=\"section\" data-e-type=\"section\" data-settings=\"{&quot;jet_parallax_layout_list&quot;:[]}\">\n\t\t\t\t\t\t<div class=\"elementor-container elementor-column-gap-default\">\n\t\t\t\t\t<div class=\"elementor-column elementor-col-100 elementor-top-column elementor-element elementor-element-83506dc\" data-id=\"83506dc\" data-element_type=\"column\" data-e-type=\"column\">\n\t\t\t<div class=\"elementor-widget-wrap elementor-element-populated\">\n\t\t\t\t\t\t<div class=\"elementor-element elementor-element-ed8942d elementor-widget elementor-widget-heading\" data-id=\"ed8942d\" data-element_type=\"widget\" data-e-type=\"widget\" data-widget_type=\"heading.default\">\n\t\t\t\t<div class=\"elementor-widget-container\">\n\t\t\t\t\t<h2 class=\"elementor-heading-title elementor-size-default\">La Boutique de la Brasserie<\/h2>\t\t\t\t<\/div>\n\t\t\t\t<\/div>\n\t\t\t\t<div class=\"elementor-element elementor-element-f7a8728 elementor-widget-divider--view-line elementor-widget elementor-widget-divider\" data-id=\"f7a8728\" data-element_type=\"widget\" data-e-type=\"widget\" data-widget_type=\"divider.default\">\n\t\t\t\t<div class=\"elementor-widget-container\">\n\t\t\t\t\t\t\t<div class=\"elementor-divider\">\n\t\t\t<span class=\"elementor-divider-separator\">\n\t\t\t\t\t\t<\/span>\n\t\t<\/div>\n\t\t\t\t\t\t<\/div>\n\t\t\t\t<\/div>\n\t\t\t\t<div class=\"elementor-element elementor-element-6276fef elementor-widget elementor-widget-image\" data-id=\"6276fef\" data-element_type=\"widget\" data-e-type=\"widget\" data-widget_type=\"image.default\">\n\t\t\t\t<div class=\"elementor-widget-container\">\n\t\t\t\t\t\t\t\t\t\t\t\t\t\t\t<img decoding=\"async\" src=\"https:\/\/www.dubuisson.com\/wp-content\/uploads\/2022\/01\/DUB_Blason-01.png\" title=\"DUB_Blason_logo_dubuissonfondblanc-1.png\" alt=\"DUB_Blason_logo_dubuissonfondblanc-1.png\" loading=\"lazy\" \/>\t\t\t\t\t\t\t\t\t\t\t\t\t\t\t<\/div>\n\t\t\t\t<\/div>\n\t\t\t\t<div class=\"elementor-element elementor-element-96d03c0 elementor-widget elementor-widget-text-editor\" data-id=\"96d03c0\" data-element_type=\"widget\" data-e-type=\"widget\" data-widget_type=\"text-editor.default\">\n\t\t\t\t<div class=\"elementor-widget-container\">\n\t\t\t\t\t\t\t\t\t<p>Nous vous proposons ici toutes les bi\u00e8res faisant partie de notre gamme ainsi qu&rsquo;une s\u00e9rie de produits d\u00e9riv\u00e9s telles nos verres ou nos colis cadeaux. De quoi d\u00e9couvrir ou red\u00e9couvrir notre savoir-faire!<\/p><div id=\"gtx-trans\" style=\"position: absolute; left: 173px; top: 94px;\"><div class=\"gtx-trans-icon\">\u00a0<\/div><\/div>\t\t\t\t\t\t\t\t<\/div>\n\t\t\t\t<\/div>\n\t\t\t\t<div class=\"elementor-element elementor-element-f8da661 elementor-widget elementor-widget-heading\" data-id=\"f8da661\" data-element_type=\"widget\" data-e-type=\"widget\" data-widget_type=\"heading.default\">\n\t\t\t\t<div class=\"elementor-widget-container\">\n\t\t\t\t\t<h2 class=\"elementor-heading-title elementor-size-default\">Livraison et payement<\/h2>\t\t\t\t<\/div>\n\t\t\t\t<\/div>\n\t\t\t\t<div class=\"elementor-element elementor-element-5893959 elementor-widget-divider--view-line elementor-widget elementor-widget-divider\" data-id=\"5893959\" data-element_type=\"widget\" data-e-type=\"widget\" data-widget_type=\"divider.default\">\n\t\t\t\t<div class=\"elementor-widget-container\">\n\t\t\t\t\t\t\t<div class=\"elementor-divider\">\n\t\t\t<span class=\"elementor-divider-separator\">\n\t\t\t\t\t\t<\/span>\n\t\t<\/div>\n\t\t\t\t\t\t<\/div>\n\t\t\t\t<\/div>\n\t\t\t\t<section data-particle_enable=\"false\" data-particle-mobile-disabled=\"false\" class=\"elementor-section elementor-inner-section elementor-element elementor-element-ecdebc2 elementor-section-boxed elementor-section-height-default elementor-section-height-default\" data-id=\"ecdebc2\" data-element_type=\"section\" data-e-type=\"section\" data-settings=\"{&quot;jet_parallax_layout_list&quot;:[]}\">\n\t\t\t\t\t\t<div class=\"elementor-container elementor-column-gap-default\">\n\t\t\t\t\t<div class=\"elementor-column elementor-col-50 elementor-inner-column elementor-element elementor-element-3813b51\" data-id=\"3813b51\" data-element_type=\"column\" data-e-type=\"column\">\n\t\t\t<div class=\"elementor-widget-wrap elementor-element-populated\">\n\t\t\t\t\t\t<div class=\"elementor-element elementor-element-25cda5e elementor-widget elementor-widget-image\" data-id=\"25cda5e\" data-element_type=\"widget\" data-e-type=\"widget\" data-widget_type=\"image.default\">\n\t\t\t\t<div class=\"elementor-widget-container\">\n\t\t\t\t\t\t\t\t\t\t\t\t\t\t\t<img decoding=\"async\" src=\"https:\/\/www.dubuisson.com\/wp-content\/uploads\/2022\/01\/bpost.png\" title=\"bpost.png\" alt=\"bpost.png\" loading=\"lazy\" \/>\t\t\t\t\t\t\t\t\t\t\t\t\t\t\t<\/div>\n\t\t\t\t<\/div>\n\t\t\t\t<div class=\"elementor-element elementor-element-d7a72d9 elementor-widget elementor-widget-text-editor\" data-id=\"d7a72d9\" data-element_type=\"widget\" data-e-type=\"widget\" data-widget_type=\"text-editor.default\">\n\t\t\t\t<div class=\"elementor-widget-container\">\n\t\t\t\t\t\t\t\t\t<p>Tous nos colis sont envoy\u00e9s via BPost afin de garantir un service optimal. De plus&#8230; tous nos prix incluent la livraison !!! L&rsquo;ensemble de nos colis sont envoy\u00e9s le mercredi (les d\u00e9lais de livraison sont donc de 2 \u00e0 9 jours).<\/p>\t\t\t\t\t\t\t\t<\/div>\n\t\t\t\t<\/div>\n\t\t\t\t\t<\/div>\n\t\t<\/div>\n\t\t\t\t<div class=\"elementor-column elementor-col-50 elementor-inner-column elementor-element elementor-element-c5a47c6\" data-id=\"c5a47c6\" data-element_type=\"column\" data-e-type=\"column\">\n\t\t\t<div class=\"elementor-widget-wrap elementor-element-populated\">\n\t\t\t\t\t\t<div class=\"elementor-element elementor-element-8c899b3 elementor-widget elementor-widget-image\" data-id=\"8c899b3\" data-element_type=\"widget\" data-e-type=\"widget\" data-widget_type=\"image.default\">\n\t\t\t\t<div class=\"elementor-widget-container\">\n\t\t\t\t\t\t\t\t\t\t\t\t\t\t\t<img decoding=\"async\" src=\"https:\/\/www.dubuisson.com\/wp-content\/uploads\/2022\/01\/Mollie-logo.png\" title=\"Mollie logo\" alt=\"Mollie logo\" loading=\"lazy\" \/>\t\t\t\t\t\t\t\t\t\t\t\t\t\t\t<\/div>\n\t\t\t\t<\/div>\n\t\t\t\t<div class=\"elementor-element elementor-element-979807b elementor-widget elementor-widget-text-editor\" data-id=\"979807b\" data-element_type=\"widget\" data-e-type=\"widget\" data-widget_type=\"text-editor.default\">\n\t\t\t\t<div class=\"elementor-widget-container\">\n\t\t\t\t\t\t\t\t\t<p>Pour la gestion de vos paiements nous avons opt\u00e9 pour une plateforme s\u00e9curis\u00e9e vous proposant une multitudes de m\u00e9thodes de paiement diff\u00e9rents (Bancontact, Carte de Cr\u00e9dit, Paypal,&#8230;)<\/p>\t\t\t\t\t\t\t\t<\/div>\n\t\t\t\t<\/div>\n\t\t\t\t\t<\/div>\n\t\t<\/div>\n\t\t\t\t\t<\/div>\n\t\t<\/section>\n\t\t\t\t\t<\/div>\n\t\t<\/div>\n\t\t\t\t\t<\/div>\n\t\t<\/section>\n\t\t\t\t<\/div>\n\t\t","protected":false},"excerpt":{"rendered":"<p>Suite \u00e0 l\u2019augmentation des tarifs de Bpost en date du 01.01.2025, nous avons d\u00fb ajuster nos frais d\u2019exp\u00e9dition. Remove item Thumbnail image Produit Prix Quantit\u00e9 Total &times; Magnum Cuv\u00e9e des Trolls 19,25&nbsp;&euro; quantit\u00e9 de Magnum Cuv\u00e9e des Trolls&nbsp; 19,25&nbsp;&euro; Appliquer le code promo Votre commande Total 19,25&nbsp;&euro; Exp\u00e9dition Livraison: 16,50&nbsp;&euro; Livraison vers 58000 LILLE, France. [&hellip;]<\/p>\n","protected":false},"author":19,"featured_media":0,"parent":0,"menu_order":0,"comment_status":"closed","ping_status":"closed","template":"","meta":{"_acf_changed":false,"footnotes":""},"class_list":["post-36008","page","type-page","status-publish","hentry"],"acf":[],"yoast_head":"<!-- This site is optimized with the Yoast SEO plugin v27.5 - https:\/\/yoast.com\/product\/yoast-seo-wordpress\/ -->\n<title>Panier - Dubuisson<\/title>\n<meta name=\"robots\" content=\"index, follow, max-snippet:-1, max-image-preview:large, max-video-preview:-1\" \/>\n<link rel=\"canonical\" href=\"https:\/\/www.dubuisson.com\/fr\/panier\/\" \/>\n<meta property=\"og:locale\" content=\"fr_FR\" \/>\n<meta property=\"og:type\" content=\"article\" \/>\n<meta property=\"og:title\" content=\"Panier - Dubuisson\" \/>\n<meta property=\"og:description\" content=\"Suite \u00e0 l\u2019augmentation des tarifs de Bpost en date du 01.01.2025, nous avons d\u00fb ajuster nos frais d\u2019exp\u00e9dition. Remove item Thumbnail image Produit Prix Quantit\u00e9 Total &times; Magnum Cuv\u00e9e des Trolls 19,25&nbsp;&euro; quantit\u00e9 de Magnum Cuv\u00e9e des Trolls&nbsp; 19,25&nbsp;&euro; Appliquer le code promo Votre commande Total 19,25&nbsp;&euro; Exp\u00e9dition Livraison: 16,50&nbsp;&euro; Livraison vers 58000 LILLE, France. [&hellip;]\" \/>\n<meta property=\"og:url\" content=\"https:\/\/www.dubuisson.com\/fr\/panier\/\" \/>\n<meta property=\"og:site_name\" content=\"Dubuisson\" \/>\n<meta property=\"article:modified_time\" content=\"2025-01-02T08:29:07+00:00\" \/>\n<meta property=\"og:image\" content=\"https:\/\/www.dubuisson.com\/wp-content\/uploads\/2022\/11\/MAGNUM_CDT-300x300.jpg\" \/>\n<meta name=\"twitter:card\" content=\"summary_large_image\" \/>\n<meta name=\"twitter:label1\" content=\"Dur\u00e9e de lecture estim\u00e9e\" \/>\n\t<meta name=\"twitter:data1\" content=\"1 minute\" \/>\n<script type=\"application\/ld+json\" class=\"yoast-schema-graph\">{\"@context\":\"https:\\\/\\\/schema.org\",\"@graph\":[{\"@type\":\"WebPage\",\"@id\":\"https:\\\/\\\/www.dubuisson.com\\\/fr\\\/panier\\\/\",\"url\":\"https:\\\/\\\/www.dubuisson.com\\\/fr\\\/panier\\\/\",\"name\":\"Panier - Dubuisson\",\"isPartOf\":{\"@id\":\"https:\\\/\\\/www.dubuisson.com\\\/#website\"},\"primaryImageOfPage\":{\"@id\":\"https:\\\/\\\/www.dubuisson.com\\\/fr\\\/panier\\\/#primaryimage\"},\"image\":{\"@id\":\"https:\\\/\\\/www.dubuisson.com\\\/fr\\\/panier\\\/#primaryimage\"},\"thumbnailUrl\":\"https:\\\/\\\/www.dubuisson.com\\\/wp-content\\\/uploads\\\/2022\\\/11\\\/MAGNUM_CDT-300x300.jpg\",\"datePublished\":\"2022-04-21T14:50:48+00:00\",\"dateModified\":\"2025-01-02T08:29:07+00:00\",\"breadcrumb\":{\"@id\":\"https:\\\/\\\/www.dubuisson.com\\\/fr\\\/panier\\\/#breadcrumb\"},\"inLanguage\":\"fr-FR\",\"potentialAction\":[{\"@type\":\"ReadAction\",\"target\":[\"https:\\\/\\\/www.dubuisson.com\\\/fr\\\/panier\\\/\"]}]},{\"@type\":\"ImageObject\",\"inLanguage\":\"fr-FR\",\"@id\":\"https:\\\/\\\/www.dubuisson.com\\\/fr\\\/panier\\\/#primaryimage\",\"url\":\"https:\\\/\\\/www.dubuisson.com\\\/wp-content\\\/uploads\\\/2022\\\/11\\\/MAGNUM_CDT-300x300.jpg\",\"contentUrl\":\"https:\\\/\\\/www.dubuisson.com\\\/wp-content\\\/uploads\\\/2022\\\/11\\\/MAGNUM_CDT-300x300.jpg\"},{\"@type\":\"BreadcrumbList\",\"@id\":\"https:\\\/\\\/www.dubuisson.com\\\/fr\\\/panier\\\/#breadcrumb\",\"itemListElement\":[{\"@type\":\"ListItem\",\"position\":1,\"name\":\"Accueil\",\"item\":\"https:\\\/\\\/www.dubuisson.com\\\/fr\\\/accueil\\\/\"},{\"@type\":\"ListItem\",\"position\":2,\"name\":\"Panier\"}]},{\"@type\":\"WebSite\",\"@id\":\"https:\\\/\\\/www.dubuisson.com\\\/#website\",\"url\":\"https:\\\/\\\/www.dubuisson.com\\\/\",\"name\":\"Dubuisson\",\"description\":\"Une des plus anciennes et authentiques brasseries de Belgique\",\"publisher\":{\"@id\":\"https:\\\/\\\/www.dubuisson.com\\\/#organization\"},\"potentialAction\":[{\"@type\":\"SearchAction\",\"target\":{\"@type\":\"EntryPoint\",\"urlTemplate\":\"https:\\\/\\\/www.dubuisson.com\\\/?s={search_term_string}\"},\"query-input\":{\"@type\":\"PropertyValueSpecification\",\"valueRequired\":true,\"valueName\":\"search_term_string\"}}],\"inLanguage\":\"fr-FR\"},{\"@type\":\"Organization\",\"@id\":\"https:\\\/\\\/www.dubuisson.com\\\/#organization\",\"name\":\"Dubuisson\",\"url\":\"https:\\\/\\\/www.dubuisson.com\\\/\",\"logo\":{\"@type\":\"ImageObject\",\"inLanguage\":\"fr-FR\",\"@id\":\"https:\\\/\\\/www.dubuisson.com\\\/#\\\/schema\\\/logo\\\/image\\\/\",\"url\":\"https:\\\/\\\/www.dubuisson.com\\\/wp-content\\\/uploads\\\/2022\\\/03\\\/Logo-Dubuisson.svg\",\"contentUrl\":\"https:\\\/\\\/www.dubuisson.com\\\/wp-content\\\/uploads\\\/2022\\\/03\\\/Logo-Dubuisson.svg\",\"caption\":\"Dubuisson\"},\"image\":{\"@id\":\"https:\\\/\\\/www.dubuisson.com\\\/#\\\/schema\\\/logo\\\/image\\\/\"},\"sameAs\":[\"https:\\\/\\\/www.youtube.com\\\/channel\\\/UCS25K-MOakQA3nVglJzLYGA\"]}]}<\/script>\n<!-- \/ Yoast SEO plugin. -->","yoast_head_json":{"title":"Panier - Dubuisson","robots":{"index":"index","follow":"follow","max-snippet":"max-snippet:-1","max-image-preview":"max-image-preview:large","max-video-preview":"max-video-preview:-1"},"canonical":"https:\/\/www.dubuisson.com\/fr\/panier\/","og_locale":"fr_FR","og_type":"article","og_title":"Panier - Dubuisson","og_description":"Suite \u00e0 l\u2019augmentation des tarifs de Bpost en date du 01.01.2025, nous avons d\u00fb ajuster nos frais d\u2019exp\u00e9dition. Remove item Thumbnail image Produit Prix Quantit\u00e9 Total &times; Magnum Cuv\u00e9e des Trolls 19,25&nbsp;&euro; quantit\u00e9 de Magnum Cuv\u00e9e des Trolls&nbsp; 19,25&nbsp;&euro; Appliquer le code promo Votre commande Total 19,25&nbsp;&euro; Exp\u00e9dition Livraison: 16,50&nbsp;&euro; Livraison vers 58000 LILLE, France. [&hellip;]","og_url":"https:\/\/www.dubuisson.com\/fr\/panier\/","og_site_name":"Dubuisson","article_modified_time":"2025-01-02T08:29:07+00:00","og_image":[{"url":"https:\/\/www.dubuisson.com\/wp-content\/uploads\/2022\/11\/MAGNUM_CDT-300x300.jpg","type":"","width":"","height":""}],"twitter_card":"summary_large_image","twitter_misc":{"Dur\u00e9e de lecture estim\u00e9e":"1 minute"},"schema":{"@context":"https:\/\/schema.org","@graph":[{"@type":"WebPage","@id":"https:\/\/www.dubuisson.com\/fr\/panier\/","url":"https:\/\/www.dubuisson.com\/fr\/panier\/","name":"Panier - Dubuisson","isPartOf":{"@id":"https:\/\/www.dubuisson.com\/#website"},"primaryImageOfPage":{"@id":"https:\/\/www.dubuisson.com\/fr\/panier\/#primaryimage"},"image":{"@id":"https:\/\/www.dubuisson.com\/fr\/panier\/#primaryimage"},"thumbnailUrl":"https:\/\/www.dubuisson.com\/wp-content\/uploads\/2022\/11\/MAGNUM_CDT-300x300.jpg","datePublished":"2022-04-21T14:50:48+00:00","dateModified":"2025-01-02T08:29:07+00:00","breadcrumb":{"@id":"https:\/\/www.dubuisson.com\/fr\/panier\/#breadcrumb"},"inLanguage":"fr-FR","potentialAction":[{"@type":"ReadAction","target":["https:\/\/www.dubuisson.com\/fr\/panier\/"]}]},{"@type":"ImageObject","inLanguage":"fr-FR","@id":"https:\/\/www.dubuisson.com\/fr\/panier\/#primaryimage","url":"https:\/\/www.dubuisson.com\/wp-content\/uploads\/2022\/11\/MAGNUM_CDT-300x300.jpg","contentUrl":"https:\/\/www.dubuisson.com\/wp-content\/uploads\/2022\/11\/MAGNUM_CDT-300x300.jpg"},{"@type":"BreadcrumbList","@id":"https:\/\/www.dubuisson.com\/fr\/panier\/#breadcrumb","itemListElement":[{"@type":"ListItem","position":1,"name":"Accueil","item":"https:\/\/www.dubuisson.com\/fr\/accueil\/"},{"@type":"ListItem","position":2,"name":"Panier"}]},{"@type":"WebSite","@id":"https:\/\/www.dubuisson.com\/#website","url":"https:\/\/www.dubuisson.com\/","name":"Dubuisson","description":"Une des plus anciennes et authentiques brasseries de Belgique","publisher":{"@id":"https:\/\/www.dubuisson.com\/#organization"},"potentialAction":[{"@type":"SearchAction","target":{"@type":"EntryPoint","urlTemplate":"https:\/\/www.dubuisson.com\/?s={search_term_string}"},"query-input":{"@type":"PropertyValueSpecification","valueRequired":true,"valueName":"search_term_string"}}],"inLanguage":"fr-FR"},{"@type":"Organization","@id":"https:\/\/www.dubuisson.com\/#organization","name":"Dubuisson","url":"https:\/\/www.dubuisson.com\/","logo":{"@type":"ImageObject","inLanguage":"fr-FR","@id":"https:\/\/www.dubuisson.com\/#\/schema\/logo\/image\/","url":"https:\/\/www.dubuisson.com\/wp-content\/uploads\/2022\/03\/Logo-Dubuisson.svg","contentUrl":"https:\/\/www.dubuisson.com\/wp-content\/uploads\/2022\/03\/Logo-Dubuisson.svg","caption":"Dubuisson"},"image":{"@id":"https:\/\/www.dubuisson.com\/#\/schema\/logo\/image\/"},"sameAs":["https:\/\/www.youtube.com\/channel\/UCS25K-MOakQA3nVglJzLYGA"]}]}},"_links":{"self":[{"href":"https:\/\/www.dubuisson.com\/fr\/wp-json\/wp\/v2\/pages\/36008","targetHints":{"allow":["GET"]}}],"collection":[{"href":"https:\/\/www.dubuisson.com\/fr\/wp-json\/wp\/v2\/pages"}],"about":[{"href":"https:\/\/www.dubuisson.com\/fr\/wp-json\/wp\/v2\/types\/page"}],"author":[{"embeddable":true,"href":"https:\/\/www.dubuisson.com\/fr\/wp-json\/wp\/v2\/users\/19"}],"replies":[{"embeddable":true,"href":"https:\/\/www.dubuisson.com\/fr\/wp-json\/wp\/v2\/comments?post=36008"}],"version-history":[{"count":5,"href":"https:\/\/www.dubuisson.com\/fr\/wp-json\/wp\/v2\/pages\/36008\/revisions"}],"predecessor-version":[{"id":50585,"href":"https:\/\/www.dubuisson.com\/fr\/wp-json\/wp\/v2\/pages\/36008\/revisions\/50585"}],"wp:attachment":[{"href":"https:\/\/www.dubuisson.com\/fr\/wp-json\/wp\/v2\/media?parent=36008"}],"curies":[{"name":"wp","href":"https:\/\/api.w.org\/{rel}","templated":true}]}}