{"id":21405,"date":"2022-01-01T16:02:15","date_gmt":"2022-01-01T15:02:15","guid":{"rendered":"https:\/\/www.dubuisson.com\/?post_type=product&#038;p=21405"},"modified":"2026-01-02T09:40:20","modified_gmt":"2026-01-02T08:40:20","slug":"bush-triple-pack-de-6x75cl","status":"publish","type":"product","link":"https:\/\/www.dubuisson.com\/es\/producto\/bush-triple-pack-de-6x75cl\/","title":{"rendered":"Bush Triple &#8211; Pack de 6x75cl"},"content":{"rendered":"<p>Dans la fammile Bush, nous appelons la Bush Triple : une bi\u00e8re blonde forte puissante extr\u00eamement typ\u00e9e! Sa robe dor\u00e9e fera tomber plus d&#8217;un amateur de bi\u00e8re du genre. Si vous aimez les \u00abTriples\u00bb, celle-ci est \u00e0 (re)d\u00e9guster sans trainer. On vous aura pr\u00e9venu!<\/p>\n<p>Contenu : 6x 75cl de Bush Triple<\/p>\n","protected":false},"excerpt":{"rendered":"<p>Dans la fammile Bush, nous appelons la Bush Triple : une bi\u00e8re blonde forte puissante extr\u00eamement typ\u00e9e! Sa robe dor\u00e9e fera tomber plus d&#8217;un amateur de bi\u00e8re du genre. Si vous aimez les \u00abTriples\u00bb, celle-ci est \u00e0 (re)d\u00e9guster sans trainer. On vous aura pr\u00e9venu! Contenu : 6x 75cl de Bush Triple<\/p>\n","protected":false},"featured_media":21124,"template":"","meta":{"_acf_changed":false},"product_brand":[],"product_cat":[337,372,498],"product_tag":[],"class_list":{"0":"post-21405","1":"product","2":"type-product","3":"status-publish","4":"has-post-thumbnail","6":"product_cat-bieres","7":"product_cat-pack-de-6x75cl","8":"product_cat-tous-les-produits","9":"product_shipping_class-c6","11":"first","12":"instock","13":"taxable","14":"shipping-taxable","15":"purchasable","16":"product-type-simple"},"acf":[],"yoast_head":"<!-- This site is optimized with the Yoast SEO plugin v27.2 - https:\/\/yoast.com\/product\/yoast-seo-wordpress\/ -->\n<title>Bush Triple - Pack de 6x75cl - Dubuisson<\/title>\n<meta name=\"robots\" content=\"index, follow, max-snippet:-1, max-image-preview:large, max-video-preview:-1\" \/>\n<link rel=\"canonical\" href=\"https:\/\/www.dubuisson.com\/produit\/bush-triple-pack-de-6x75cl\/\" \/>\n<meta property=\"og:locale\" content=\"es_ES\" \/>\n<meta property=\"og:type\" content=\"article\" \/>\n<meta property=\"og:title\" content=\"Bush Triple - Pack de 6x75cl - Dubuisson\" \/>\n<meta property=\"og:description\" content=\"Dans la fammile Bush, nous appelons la Bush Triple : une bi\u00e8re blonde forte puissante extr\u00eamement typ\u00e9e! Sa robe dor\u00e9e fera tomber plus d&#8217;un amateur de bi\u00e8re du genre. Si vous aimez les \u00abTriples\u00bb, celle-ci est \u00e0 (re)d\u00e9guster sans trainer. On vous aura pr\u00e9venu! Contenu : 6x 75cl de Bush Triple\" \/>\n<meta property=\"og:url\" content=\"https:\/\/www.dubuisson.com\/produit\/bush-triple-pack-de-6x75cl\/\" \/>\n<meta property=\"og:site_name\" content=\"Dubuisson\" \/>\n<meta property=\"article:modified_time\" content=\"2026-01-02T08:40:20+00:00\" \/>\n<meta property=\"og:image\" content=\"https:\/\/www.dubuisson.com\/wp-content\/uploads\/2021\/08\/BUSH_TRIPLE_75_6.jpg\" \/>\n\t<meta property=\"og:image:width\" content=\"1476\" \/>\n\t<meta property=\"og:image:height\" content=\"1476\" \/>\n\t<meta property=\"og:image:type\" content=\"image\/jpeg\" \/>\n<meta name=\"twitter:card\" content=\"summary_large_image\" \/>\n<script type=\"application\/ld+json\" class=\"yoast-schema-graph\">{\"@context\":\"https:\/\/schema.org\",\"@graph\":[{\"@type\":\"WebPage\",\"@id\":\"https:\/\/www.dubuisson.com\/produit\/bush-triple-pack-de-6x75cl\/\",\"url\":\"https:\/\/www.dubuisson.com\/produit\/bush-triple-pack-de-6x75cl\/\",\"name\":\"Bush Triple - Pack de 6x75cl - Dubuisson\",\"isPartOf\":{\"@id\":\"https:\/\/www.dubuisson.com\/#website\"},\"primaryImageOfPage\":{\"@id\":\"https:\/\/www.dubuisson.com\/produit\/bush-triple-pack-de-6x75cl\/#primaryimage\"},\"image\":{\"@id\":\"https:\/\/www.dubuisson.com\/produit\/bush-triple-pack-de-6x75cl\/#primaryimage\"},\"thumbnailUrl\":\"https:\/\/www.dubuisson.com\/wp-content\/uploads\/2021\/08\/BUSH_TRIPLE_75_6.jpg\",\"datePublished\":\"2022-01-01T15:02:15+00:00\",\"dateModified\":\"2026-01-02T08:40:20+00:00\",\"breadcrumb\":{\"@id\":\"https:\/\/www.dubuisson.com\/produit\/bush-triple-pack-de-6x75cl\/#breadcrumb\"},\"inLanguage\":\"es\",\"potentialAction\":[{\"@type\":\"ReadAction\",\"target\":[\"https:\/\/www.dubuisson.com\/produit\/bush-triple-pack-de-6x75cl\/\"]}]},{\"@type\":\"ImageObject\",\"inLanguage\":\"es\",\"@id\":\"https:\/\/www.dubuisson.com\/produit\/bush-triple-pack-de-6x75cl\/#primaryimage\",\"url\":\"https:\/\/www.dubuisson.com\/wp-content\/uploads\/2021\/08\/BUSH_TRIPLE_75_6.jpg\",\"contentUrl\":\"https:\/\/www.dubuisson.com\/wp-content\/uploads\/2021\/08\/BUSH_TRIPLE_75_6.jpg\",\"width\":1476,\"height\":1476},{\"@type\":\"BreadcrumbList\",\"@id\":\"https:\/\/www.dubuisson.com\/produit\/bush-triple-pack-de-6x75cl\/#breadcrumb\",\"itemListElement\":[{\"@type\":\"ListItem\",\"position\":1,\"name\":\"Accueil\",\"item\":\"https:\/\/www.dubuisson.com\/es\/\"},{\"@type\":\"ListItem\",\"position\":2,\"name\":\"Shop\",\"item\":\"https:\/\/www.dubuisson.com\/shop\/\"},{\"@type\":\"ListItem\",\"position\":3,\"name\":\"Bush Triple &#8211; Pack de 6x75cl\"}]},{\"@type\":\"WebSite\",\"@id\":\"https:\/\/www.dubuisson.com\/#website\",\"url\":\"https:\/\/www.dubuisson.com\/\",\"name\":\"Dubuisson\",\"description\":\"Une des plus anciennes et authentiques brasseries de Belgique\",\"publisher\":{\"@id\":\"https:\/\/www.dubuisson.com\/#organization\"},\"potentialAction\":[{\"@type\":\"SearchAction\",\"target\":{\"@type\":\"EntryPoint\",\"urlTemplate\":\"https:\/\/www.dubuisson.com\/?s={search_term_string}\"},\"query-input\":{\"@type\":\"PropertyValueSpecification\",\"valueRequired\":true,\"valueName\":\"search_term_string\"}}],\"inLanguage\":\"es\"},{\"@type\":\"Organization\",\"@id\":\"https:\/\/www.dubuisson.com\/#organization\",\"name\":\"Dubuisson\",\"url\":\"https:\/\/www.dubuisson.com\/\",\"logo\":{\"@type\":\"ImageObject\",\"inLanguage\":\"es\",\"@id\":\"https:\/\/www.dubuisson.com\/#\/schema\/logo\/image\/\",\"url\":\"https:\/\/www.dubuisson.com\/wp-content\/uploads\/2022\/03\/Logo-Dubuisson.svg\",\"contentUrl\":\"https:\/\/www.dubuisson.com\/wp-content\/uploads\/2022\/03\/Logo-Dubuisson.svg\",\"caption\":\"Dubuisson\"},\"image\":{\"@id\":\"https:\/\/www.dubuisson.com\/#\/schema\/logo\/image\/\"},\"sameAs\":[\"https:\/\/www.youtube.com\/channel\/UCS25K-MOakQA3nVglJzLYGA\"]}]}<\/script>\n<!-- \/ Yoast SEO plugin. -->","yoast_head_json":{"title":"Bush Triple - Pack de 6x75cl - Dubuisson","robots":{"index":"index","follow":"follow","max-snippet":"max-snippet:-1","max-image-preview":"max-image-preview:large","max-video-preview":"max-video-preview:-1"},"canonical":"https:\/\/www.dubuisson.com\/produit\/bush-triple-pack-de-6x75cl\/","og_locale":"es_ES","og_type":"article","og_title":"Bush Triple - Pack de 6x75cl - Dubuisson","og_description":"Dans la fammile Bush, nous appelons la Bush Triple : une bi\u00e8re blonde forte puissante extr\u00eamement typ\u00e9e! Sa robe dor\u00e9e fera tomber plus d&#8217;un amateur de bi\u00e8re du genre. Si vous aimez les \u00abTriples\u00bb, celle-ci est \u00e0 (re)d\u00e9guster sans trainer. On vous aura pr\u00e9venu! Contenu : 6x 75cl de Bush Triple","og_url":"https:\/\/www.dubuisson.com\/produit\/bush-triple-pack-de-6x75cl\/","og_site_name":"Dubuisson","article_modified_time":"2026-01-02T08:40:20+00:00","og_image":[{"width":1476,"height":1476,"url":"https:\/\/www.dubuisson.com\/wp-content\/uploads\/2021\/08\/BUSH_TRIPLE_75_6.jpg","type":"image\/jpeg"}],"twitter_card":"summary_large_image","schema":{"@context":"https:\/\/schema.org","@graph":[{"@type":"WebPage","@id":"https:\/\/www.dubuisson.com\/produit\/bush-triple-pack-de-6x75cl\/","url":"https:\/\/www.dubuisson.com\/produit\/bush-triple-pack-de-6x75cl\/","name":"Bush Triple - Pack de 6x75cl - Dubuisson","isPartOf":{"@id":"https:\/\/www.dubuisson.com\/#website"},"primaryImageOfPage":{"@id":"https:\/\/www.dubuisson.com\/produit\/bush-triple-pack-de-6x75cl\/#primaryimage"},"image":{"@id":"https:\/\/www.dubuisson.com\/produit\/bush-triple-pack-de-6x75cl\/#primaryimage"},"thumbnailUrl":"https:\/\/www.dubuisson.com\/wp-content\/uploads\/2021\/08\/BUSH_TRIPLE_75_6.jpg","datePublished":"2022-01-01T15:02:15+00:00","dateModified":"2026-01-02T08:40:20+00:00","breadcrumb":{"@id":"https:\/\/www.dubuisson.com\/produit\/bush-triple-pack-de-6x75cl\/#breadcrumb"},"inLanguage":"es","potentialAction":[{"@type":"ReadAction","target":["https:\/\/www.dubuisson.com\/produit\/bush-triple-pack-de-6x75cl\/"]}]},{"@type":"ImageObject","inLanguage":"es","@id":"https:\/\/www.dubuisson.com\/produit\/bush-triple-pack-de-6x75cl\/#primaryimage","url":"https:\/\/www.dubuisson.com\/wp-content\/uploads\/2021\/08\/BUSH_TRIPLE_75_6.jpg","contentUrl":"https:\/\/www.dubuisson.com\/wp-content\/uploads\/2021\/08\/BUSH_TRIPLE_75_6.jpg","width":1476,"height":1476},{"@type":"BreadcrumbList","@id":"https:\/\/www.dubuisson.com\/produit\/bush-triple-pack-de-6x75cl\/#breadcrumb","itemListElement":[{"@type":"ListItem","position":1,"name":"Accueil","item":"https:\/\/www.dubuisson.com\/es\/"},{"@type":"ListItem","position":2,"name":"Shop","item":"https:\/\/www.dubuisson.com\/shop\/"},{"@type":"ListItem","position":3,"name":"Bush Triple &#8211; Pack de 6x75cl"}]},{"@type":"WebSite","@id":"https:\/\/www.dubuisson.com\/#website","url":"https:\/\/www.dubuisson.com\/","name":"Dubuisson","description":"Une des plus anciennes et authentiques brasseries de Belgique","publisher":{"@id":"https:\/\/www.dubuisson.com\/#organization"},"potentialAction":[{"@type":"SearchAction","target":{"@type":"EntryPoint","urlTemplate":"https:\/\/www.dubuisson.com\/?s={search_term_string}"},"query-input":{"@type":"PropertyValueSpecification","valueRequired":true,"valueName":"search_term_string"}}],"inLanguage":"es"},{"@type":"Organization","@id":"https:\/\/www.dubuisson.com\/#organization","name":"Dubuisson","url":"https:\/\/www.dubuisson.com\/","logo":{"@type":"ImageObject","inLanguage":"es","@id":"https:\/\/www.dubuisson.com\/#\/schema\/logo\/image\/","url":"https:\/\/www.dubuisson.com\/wp-content\/uploads\/2022\/03\/Logo-Dubuisson.svg","contentUrl":"https:\/\/www.dubuisson.com\/wp-content\/uploads\/2022\/03\/Logo-Dubuisson.svg","caption":"Dubuisson"},"image":{"@id":"https:\/\/www.dubuisson.com\/#\/schema\/logo\/image\/"},"sameAs":["https:\/\/www.youtube.com\/channel\/UCS25K-MOakQA3nVglJzLYGA"]}]}},"_links":{"self":[{"href":"https:\/\/www.dubuisson.com\/es\/wp-json\/wp\/v2\/product\/21405","targetHints":{"allow":["GET"]}}],"collection":[{"href":"https:\/\/www.dubuisson.com\/es\/wp-json\/wp\/v2\/product"}],"about":[{"href":"https:\/\/www.dubuisson.com\/es\/wp-json\/wp\/v2\/types\/product"}],"version-history":[{"count":1,"href":"https:\/\/www.dubuisson.com\/es\/wp-json\/wp\/v2\/product\/21405\/revisions"}],"predecessor-version":[{"id":37195,"href":"https:\/\/www.dubuisson.com\/es\/wp-json\/wp\/v2\/product\/21405\/revisions\/37195"}],"wp:featuredmedia":[{"embeddable":true,"href":"https:\/\/www.dubuisson.com\/es\/wp-json\/wp\/v2\/media\/21124"}],"wp:attachment":[{"href":"https:\/\/www.dubuisson.com\/es\/wp-json\/wp\/v2\/media?parent=21405"}],"wp:term":[{"taxonomy":"product_brand","embeddable":true,"href":"https:\/\/www.dubuisson.com\/es\/wp-json\/wp\/v2\/product_brand?post=21405"},{"taxonomy":"product_cat","embeddable":true,"href":"https:\/\/www.dubuisson.com\/es\/wp-json\/wp\/v2\/product_cat?post=21405"},{"taxonomy":"product_tag","embeddable":true,"href":"https:\/\/www.dubuisson.com\/es\/wp-json\/wp\/v2\/product_tag?post=21405"}],"curies":[{"name":"wp","href":"https:\/\/api.w.org\/{rel}","templated":true}]}}