{"id":50776,"date":"2025-03-01T08:00:07","date_gmt":"2025-03-01T07:00:07","guid":{"rendered":"https:\/\/www.dubuisson.com\/?post_type=product&#038;p=50776"},"modified":"2026-01-02T09:37:32","modified_gmt":"2026-01-02T08:37:32","slug":"lowa-trolls-pack-de-6x33cl","status":"publish","type":"product","link":"https:\/\/www.dubuisson.com\/en\/product\/lowa-trolls-pack-de-6x33cl\/","title":{"rendered":"Lowa Trolls &#8211; Pack de 6x33cl"},"content":{"rendered":"<p>Bi\u00e8re blonde claire filtr\u00e9e sans d&#8217;alcool* \u00e0 la belle mousse cr\u00e9meuse. Elle r\u00e9v\u00e8le un caract\u00e8re houblonn\u00e9, avec des notes florales compl\u00e9t\u00e9es par des notes d\u2019agrumes et de citrus. En bouche, une amertume persistante se m\u00eale \u00e0 une l\u00e9g\u00e8re sucrosit\u00e9, subtilement masqu\u00e9e par une acidit\u00e9 bien ma\u00eetris\u00e9e. L\u2019utilisation d\u2019une levure sp\u00e9cifique combin\u00e9e \u00e0 une fermentation dite \u00ab\u00a0lente\u00a0\u00bb, inscrit cette bi\u00e8re dans la cat\u00e9gorie sans alcool avec un taux de 0,3%, tout pr\u00e9servant une richesse de saveurs.<\/p>\n<p>*La l\u00e9gislation belge donne l\u2019appellation de bi\u00e8re \u00ab\u00a0sans alcool\u00a0\u00bb si le taux est en de\u00e7a de 0,5%<\/p>\n<p>Contenu : 6x 33cl de Lowa Trolls<\/p>\n","protected":false},"excerpt":{"rendered":"<p>Bi\u00e8re blonde claire filtr\u00e9e sans d&#8217;alcool* \u00e0 la belle mousse cr\u00e9meuse. Elle r\u00e9v\u00e8le un caract\u00e8re houblonn\u00e9, avec des notes florales compl\u00e9t\u00e9es par des notes d\u2019agrumes et de citrus. En bouche, une amertume persistante se m\u00eale \u00e0 une l\u00e9g\u00e8re sucrosit\u00e9, subtilement masqu\u00e9e par une acidit\u00e9 bien ma\u00eetris\u00e9e. L\u2019utilisation d\u2019une levure sp\u00e9cifique combin\u00e9e \u00e0 une fermentation dite [&hellip;]<\/p>\n","protected":false},"featured_media":50777,"template":"","meta":{"_acf_changed":false},"product_brand":[],"product_cat":[369],"product_tag":[],"class_list":{"0":"post-50776","1":"product","2":"type-product","3":"status-publish","4":"has-post-thumbnail","6":"product_cat-pack-de-6x33cl","7":"product_shipping_class-c5","9":"first","10":"instock","11":"taxable","12":"shipping-taxable","13":"purchasable","14":"product-type-simple"},"acf":[],"yoast_head":"<!-- This site is optimized with the Yoast SEO plugin v27.4 - https:\/\/yoast.com\/product\/yoast-seo-wordpress\/ -->\n<title>Lowa Trolls - Pack de 6x33cl - Dubuisson<\/title>\n<meta name=\"robots\" content=\"index, follow, max-snippet:-1, max-image-preview:large, max-video-preview:-1\" \/>\n<link rel=\"canonical\" href=\"https:\/\/www.dubuisson.com\/produit\/lowa-trolls-pack-de-6x33cl\/\" \/>\n<meta property=\"og:locale\" content=\"en_GB\" \/>\n<meta property=\"og:type\" content=\"article\" \/>\n<meta property=\"og:title\" content=\"Lowa Trolls - Pack de 6x33cl - Dubuisson\" \/>\n<meta property=\"og:description\" content=\"Bi\u00e8re blonde claire filtr\u00e9e sans d&#8217;alcool* \u00e0 la belle mousse cr\u00e9meuse. Elle r\u00e9v\u00e8le un caract\u00e8re houblonn\u00e9, avec des notes florales compl\u00e9t\u00e9es par des notes d\u2019agrumes et de citrus. En bouche, une amertume persistante se m\u00eale \u00e0 une l\u00e9g\u00e8re sucrosit\u00e9, subtilement masqu\u00e9e par une acidit\u00e9 bien ma\u00eetris\u00e9e. L\u2019utilisation d\u2019une levure sp\u00e9cifique combin\u00e9e \u00e0 une fermentation dite [&hellip;]\" \/>\n<meta property=\"og:url\" content=\"https:\/\/www.dubuisson.com\/produit\/lowa-trolls-pack-de-6x33cl\/\" \/>\n<meta property=\"og:site_name\" content=\"Dubuisson\" \/>\n<meta property=\"article:modified_time\" content=\"2026-01-02T08:37:32+00:00\" \/>\n<meta property=\"og:image\" content=\"https:\/\/www.dubuisson.com\/wp-content\/uploads\/2025\/02\/visuels_33LLTx6.png\" \/>\n\t<meta property=\"og:image:width\" content=\"1476\" \/>\n\t<meta property=\"og:image:height\" content=\"1476\" \/>\n\t<meta property=\"og:image:type\" content=\"image\/png\" \/>\n<meta name=\"twitter:card\" content=\"summary_large_image\" \/>\n<meta name=\"twitter:label1\" content=\"Estimated reading time\" \/>\n\t<meta name=\"twitter:data1\" content=\"1 minute\" \/>\n<script type=\"application\/ld+json\" class=\"yoast-schema-graph\">{\"@context\":\"https:\\\/\\\/schema.org\",\"@graph\":[{\"@type\":\"WebPage\",\"@id\":\"https:\\\/\\\/www.dubuisson.com\\\/produit\\\/lowa-trolls-pack-de-6x33cl\\\/\",\"url\":\"https:\\\/\\\/www.dubuisson.com\\\/produit\\\/lowa-trolls-pack-de-6x33cl\\\/\",\"name\":\"Lowa Trolls - Pack de 6x33cl - Dubuisson\",\"isPartOf\":{\"@id\":\"https:\\\/\\\/www.dubuisson.com\\\/#website\"},\"primaryImageOfPage\":{\"@id\":\"https:\\\/\\\/www.dubuisson.com\\\/produit\\\/lowa-trolls-pack-de-6x33cl\\\/#primaryimage\"},\"image\":{\"@id\":\"https:\\\/\\\/www.dubuisson.com\\\/produit\\\/lowa-trolls-pack-de-6x33cl\\\/#primaryimage\"},\"thumbnailUrl\":\"https:\\\/\\\/www.dubuisson.com\\\/wp-content\\\/uploads\\\/2025\\\/02\\\/visuels_33LLTx6.png\",\"datePublished\":\"2025-03-01T07:00:07+00:00\",\"dateModified\":\"2026-01-02T08:37:32+00:00\",\"breadcrumb\":{\"@id\":\"https:\\\/\\\/www.dubuisson.com\\\/produit\\\/lowa-trolls-pack-de-6x33cl\\\/#breadcrumb\"},\"inLanguage\":\"en-GB\",\"potentialAction\":[{\"@type\":\"ReadAction\",\"target\":[\"https:\\\/\\\/www.dubuisson.com\\\/produit\\\/lowa-trolls-pack-de-6x33cl\\\/\"]}]},{\"@type\":\"ImageObject\",\"inLanguage\":\"en-GB\",\"@id\":\"https:\\\/\\\/www.dubuisson.com\\\/produit\\\/lowa-trolls-pack-de-6x33cl\\\/#primaryimage\",\"url\":\"https:\\\/\\\/www.dubuisson.com\\\/wp-content\\\/uploads\\\/2025\\\/02\\\/visuels_33LLTx6.png\",\"contentUrl\":\"https:\\\/\\\/www.dubuisson.com\\\/wp-content\\\/uploads\\\/2025\\\/02\\\/visuels_33LLTx6.png\",\"width\":1476,\"height\":1476},{\"@type\":\"BreadcrumbList\",\"@id\":\"https:\\\/\\\/www.dubuisson.com\\\/produit\\\/lowa-trolls-pack-de-6x33cl\\\/#breadcrumb\",\"itemListElement\":[{\"@type\":\"ListItem\",\"position\":1,\"name\":\"Accueil\",\"item\":\"https:\\\/\\\/www.dubuisson.com\\\/en\\\/accueil\\\/\"},{\"@type\":\"ListItem\",\"position\":2,\"name\":\"Shop\",\"item\":\"https:\\\/\\\/www.dubuisson.com\\\/shop\\\/\"},{\"@type\":\"ListItem\",\"position\":3,\"name\":\"Lowa Trolls &#8211; Pack de 6x33cl\"}]},{\"@type\":\"WebSite\",\"@id\":\"https:\\\/\\\/www.dubuisson.com\\\/#website\",\"url\":\"https:\\\/\\\/www.dubuisson.com\\\/\",\"name\":\"Dubuisson\",\"description\":\"Une des plus anciennes et authentiques brasseries de Belgique\",\"publisher\":{\"@id\":\"https:\\\/\\\/www.dubuisson.com\\\/#organization\"},\"potentialAction\":[{\"@type\":\"SearchAction\",\"target\":{\"@type\":\"EntryPoint\",\"urlTemplate\":\"https:\\\/\\\/www.dubuisson.com\\\/?s={search_term_string}\"},\"query-input\":{\"@type\":\"PropertyValueSpecification\",\"valueRequired\":true,\"valueName\":\"search_term_string\"}}],\"inLanguage\":\"en-GB\"},{\"@type\":\"Organization\",\"@id\":\"https:\\\/\\\/www.dubuisson.com\\\/#organization\",\"name\":\"Dubuisson\",\"url\":\"https:\\\/\\\/www.dubuisson.com\\\/\",\"logo\":{\"@type\":\"ImageObject\",\"inLanguage\":\"en-GB\",\"@id\":\"https:\\\/\\\/www.dubuisson.com\\\/#\\\/schema\\\/logo\\\/image\\\/\",\"url\":\"https:\\\/\\\/www.dubuisson.com\\\/wp-content\\\/uploads\\\/2022\\\/03\\\/Logo-Dubuisson.svg\",\"contentUrl\":\"https:\\\/\\\/www.dubuisson.com\\\/wp-content\\\/uploads\\\/2022\\\/03\\\/Logo-Dubuisson.svg\",\"caption\":\"Dubuisson\"},\"image\":{\"@id\":\"https:\\\/\\\/www.dubuisson.com\\\/#\\\/schema\\\/logo\\\/image\\\/\"},\"sameAs\":[\"https:\\\/\\\/www.youtube.com\\\/channel\\\/UCS25K-MOakQA3nVglJzLYGA\"]}]}<\/script>\n<!-- \/ Yoast SEO plugin. -->","yoast_head_json":{"title":"Lowa Trolls - Pack de 6x33cl - Dubuisson","robots":{"index":"index","follow":"follow","max-snippet":"max-snippet:-1","max-image-preview":"max-image-preview:large","max-video-preview":"max-video-preview:-1"},"canonical":"https:\/\/www.dubuisson.com\/produit\/lowa-trolls-pack-de-6x33cl\/","og_locale":"en_GB","og_type":"article","og_title":"Lowa Trolls - Pack de 6x33cl - Dubuisson","og_description":"Bi\u00e8re blonde claire filtr\u00e9e sans d&#8217;alcool* \u00e0 la belle mousse cr\u00e9meuse. Elle r\u00e9v\u00e8le un caract\u00e8re houblonn\u00e9, avec des notes florales compl\u00e9t\u00e9es par des notes d\u2019agrumes et de citrus. En bouche, une amertume persistante se m\u00eale \u00e0 une l\u00e9g\u00e8re sucrosit\u00e9, subtilement masqu\u00e9e par une acidit\u00e9 bien ma\u00eetris\u00e9e. L\u2019utilisation d\u2019une levure sp\u00e9cifique combin\u00e9e \u00e0 une fermentation dite [&hellip;]","og_url":"https:\/\/www.dubuisson.com\/produit\/lowa-trolls-pack-de-6x33cl\/","og_site_name":"Dubuisson","article_modified_time":"2026-01-02T08:37:32+00:00","og_image":[{"width":1476,"height":1476,"url":"https:\/\/www.dubuisson.com\/wp-content\/uploads\/2025\/02\/visuels_33LLTx6.png","type":"image\/png"}],"twitter_card":"summary_large_image","twitter_misc":{"Estimated reading time":"1 minute"},"schema":{"@context":"https:\/\/schema.org","@graph":[{"@type":"WebPage","@id":"https:\/\/www.dubuisson.com\/produit\/lowa-trolls-pack-de-6x33cl\/","url":"https:\/\/www.dubuisson.com\/produit\/lowa-trolls-pack-de-6x33cl\/","name":"Lowa Trolls - Pack de 6x33cl - Dubuisson","isPartOf":{"@id":"https:\/\/www.dubuisson.com\/#website"},"primaryImageOfPage":{"@id":"https:\/\/www.dubuisson.com\/produit\/lowa-trolls-pack-de-6x33cl\/#primaryimage"},"image":{"@id":"https:\/\/www.dubuisson.com\/produit\/lowa-trolls-pack-de-6x33cl\/#primaryimage"},"thumbnailUrl":"https:\/\/www.dubuisson.com\/wp-content\/uploads\/2025\/02\/visuels_33LLTx6.png","datePublished":"2025-03-01T07:00:07+00:00","dateModified":"2026-01-02T08:37:32+00:00","breadcrumb":{"@id":"https:\/\/www.dubuisson.com\/produit\/lowa-trolls-pack-de-6x33cl\/#breadcrumb"},"inLanguage":"en-GB","potentialAction":[{"@type":"ReadAction","target":["https:\/\/www.dubuisson.com\/produit\/lowa-trolls-pack-de-6x33cl\/"]}]},{"@type":"ImageObject","inLanguage":"en-GB","@id":"https:\/\/www.dubuisson.com\/produit\/lowa-trolls-pack-de-6x33cl\/#primaryimage","url":"https:\/\/www.dubuisson.com\/wp-content\/uploads\/2025\/02\/visuels_33LLTx6.png","contentUrl":"https:\/\/www.dubuisson.com\/wp-content\/uploads\/2025\/02\/visuels_33LLTx6.png","width":1476,"height":1476},{"@type":"BreadcrumbList","@id":"https:\/\/www.dubuisson.com\/produit\/lowa-trolls-pack-de-6x33cl\/#breadcrumb","itemListElement":[{"@type":"ListItem","position":1,"name":"Accueil","item":"https:\/\/www.dubuisson.com\/en\/accueil\/"},{"@type":"ListItem","position":2,"name":"Shop","item":"https:\/\/www.dubuisson.com\/shop\/"},{"@type":"ListItem","position":3,"name":"Lowa Trolls &#8211; Pack de 6x33cl"}]},{"@type":"WebSite","@id":"https:\/\/www.dubuisson.com\/#website","url":"https:\/\/www.dubuisson.com\/","name":"Dubuisson","description":"Une des plus anciennes et authentiques brasseries de Belgique","publisher":{"@id":"https:\/\/www.dubuisson.com\/#organization"},"potentialAction":[{"@type":"SearchAction","target":{"@type":"EntryPoint","urlTemplate":"https:\/\/www.dubuisson.com\/?s={search_term_string}"},"query-input":{"@type":"PropertyValueSpecification","valueRequired":true,"valueName":"search_term_string"}}],"inLanguage":"en-GB"},{"@type":"Organization","@id":"https:\/\/www.dubuisson.com\/#organization","name":"Dubuisson","url":"https:\/\/www.dubuisson.com\/","logo":{"@type":"ImageObject","inLanguage":"en-GB","@id":"https:\/\/www.dubuisson.com\/#\/schema\/logo\/image\/","url":"https:\/\/www.dubuisson.com\/wp-content\/uploads\/2022\/03\/Logo-Dubuisson.svg","contentUrl":"https:\/\/www.dubuisson.com\/wp-content\/uploads\/2022\/03\/Logo-Dubuisson.svg","caption":"Dubuisson"},"image":{"@id":"https:\/\/www.dubuisson.com\/#\/schema\/logo\/image\/"},"sameAs":["https:\/\/www.youtube.com\/channel\/UCS25K-MOakQA3nVglJzLYGA"]}]}},"_links":{"self":[{"href":"https:\/\/www.dubuisson.com\/en\/wp-json\/wp\/v2\/product\/50776","targetHints":{"allow":["GET"]}}],"collection":[{"href":"https:\/\/www.dubuisson.com\/en\/wp-json\/wp\/v2\/product"}],"about":[{"href":"https:\/\/www.dubuisson.com\/en\/wp-json\/wp\/v2\/types\/product"}],"version-history":[{"count":1,"href":"https:\/\/www.dubuisson.com\/en\/wp-json\/wp\/v2\/product\/50776\/revisions"}],"predecessor-version":[{"id":50783,"href":"https:\/\/www.dubuisson.com\/en\/wp-json\/wp\/v2\/product\/50776\/revisions\/50783"}],"wp:featuredmedia":[{"embeddable":true,"href":"https:\/\/www.dubuisson.com\/en\/wp-json\/wp\/v2\/media\/50777"}],"wp:attachment":[{"href":"https:\/\/www.dubuisson.com\/en\/wp-json\/wp\/v2\/media?parent=50776"}],"wp:term":[{"taxonomy":"product_brand","embeddable":true,"href":"https:\/\/www.dubuisson.com\/en\/wp-json\/wp\/v2\/product_brand?post=50776"},{"taxonomy":"product_cat","embeddable":true,"href":"https:\/\/www.dubuisson.com\/en\/wp-json\/wp\/v2\/product_cat?post=50776"},{"taxonomy":"product_tag","embeddable":true,"href":"https:\/\/www.dubuisson.com\/en\/wp-json\/wp\/v2\/product_tag?post=50776"}],"curies":[{"name":"wp","href":"https:\/\/api.w.org\/{rel}","templated":true}]}}