{"id":21410,"date":"2022-01-01T16:06:33","date_gmt":"2022-01-01T15:06:33","guid":{"rendered":"https:\/\/www.dubuisson.com\/?post_type=product&#038;p=21410"},"modified":"2026-01-02T09:16:53","modified_gmt":"2026-01-02T08:16:53","slug":"bush-de-nuits-pack-de-6x75cl","status":"publish","type":"product","link":"https:\/\/www.dubuisson.com\/en\/product\/bush-de-nuits-pack-de-6x75cl\/","title":{"rendered":"Bush de Nuits &#8211; Pack de 6x75cl"},"content":{"rendered":"<p>La Bush de Nuits est le r\u00e9sultat d\u2019un m\u00fbrissement en foudres de bois (ayant contenu du Bourgogne de Nuits-St-Georges) de notre Bush de No\u00ebl pendant une p\u00e9riode de 6 \u00e0 9 mois. Un produit d&#8217;exception \u00e0 la fronti\u00e8re entre la bi\u00e8re brune et le vin rouge!<\/p>\n<p>Contenu : 6x75cl de Bush de Nuits<\/p>\n","protected":false},"excerpt":{"rendered":"<p>La Bush de Nuits est le r\u00e9sultat d\u2019un m\u00fbrissement en foudres de bois (ayant contenu du Bourgogne de Nuits-St-Georges) de notre Bush de No\u00ebl pendant une p\u00e9riode de 6 \u00e0 9 mois. Un produit d&#8217;exception \u00e0 la fronti\u00e8re entre la bi\u00e8re brune et le vin rouge! Contenu : 6x75cl de Bush de Nuits<\/p>\n","protected":false},"featured_media":21026,"template":"","meta":{"_acf_changed":false},"product_brand":[],"product_cat":[337,372,498],"product_tag":[],"class_list":{"0":"post-21410","1":"product","2":"type-product","3":"status-publish","4":"has-post-thumbnail","6":"product_cat-bieres","7":"product_cat-pack-de-6x75cl","8":"product_cat-tous-les-produits","9":"product_shipping_class-c4","11":"first","12":"instock","13":"taxable","14":"shipping-taxable","15":"purchasable","16":"product-type-simple"},"acf":[],"yoast_head":"<!-- This site is optimized with the Yoast SEO plugin v27.2 - https:\/\/yoast.com\/product\/yoast-seo-wordpress\/ -->\n<title>Bush de Nuits - Pack de 6x75cl - Dubuisson<\/title>\n<meta name=\"robots\" content=\"index, follow, max-snippet:-1, max-image-preview:large, max-video-preview:-1\" \/>\n<link rel=\"canonical\" href=\"https:\/\/www.dubuisson.com\/produit\/bush-de-nuits-pack-de-6x75cl\/\" \/>\n<meta property=\"og:locale\" content=\"en_GB\" \/>\n<meta property=\"og:type\" content=\"article\" \/>\n<meta property=\"og:title\" content=\"Bush de Nuits - Pack de 6x75cl - Dubuisson\" \/>\n<meta property=\"og:description\" content=\"La Bush de Nuits est le r\u00e9sultat d\u2019un m\u00fbrissement en foudres de bois (ayant contenu du Bourgogne de Nuits-St-Georges) de notre Bush de No\u00ebl pendant une p\u00e9riode de 6 \u00e0 9 mois. Un produit d&#8217;exception \u00e0 la fronti\u00e8re entre la bi\u00e8re brune et le vin rouge! Contenu : 6x75cl de Bush de Nuits\" \/>\n<meta property=\"og:url\" content=\"https:\/\/www.dubuisson.com\/produit\/bush-de-nuits-pack-de-6x75cl\/\" \/>\n<meta property=\"og:site_name\" content=\"Dubuisson\" \/>\n<meta property=\"article:modified_time\" content=\"2026-01-02T08:16:53+00:00\" \/>\n<meta property=\"og:image\" content=\"https:\/\/www.dubuisson.com\/wp-content\/uploads\/2021\/08\/BUSH_DE_NUITS_6.jpg\" \/>\n\t<meta property=\"og:image:width\" content=\"1476\" \/>\n\t<meta property=\"og:image:height\" content=\"1476\" \/>\n\t<meta property=\"og:image:type\" content=\"image\/jpeg\" \/>\n<meta name=\"twitter:card\" content=\"summary_large_image\" \/>\n<script type=\"application\/ld+json\" class=\"yoast-schema-graph\">{\"@context\":\"https:\/\/schema.org\",\"@graph\":[{\"@type\":\"WebPage\",\"@id\":\"https:\/\/www.dubuisson.com\/produit\/bush-de-nuits-pack-de-6x75cl\/\",\"url\":\"https:\/\/www.dubuisson.com\/produit\/bush-de-nuits-pack-de-6x75cl\/\",\"name\":\"Bush de Nuits - Pack de 6x75cl - Dubuisson\",\"isPartOf\":{\"@id\":\"https:\/\/www.dubuisson.com\/#website\"},\"primaryImageOfPage\":{\"@id\":\"https:\/\/www.dubuisson.com\/produit\/bush-de-nuits-pack-de-6x75cl\/#primaryimage\"},\"image\":{\"@id\":\"https:\/\/www.dubuisson.com\/produit\/bush-de-nuits-pack-de-6x75cl\/#primaryimage\"},\"thumbnailUrl\":\"https:\/\/www.dubuisson.com\/wp-content\/uploads\/2021\/08\/BUSH_DE_NUITS_6.jpg\",\"datePublished\":\"2022-01-01T15:06:33+00:00\",\"dateModified\":\"2026-01-02T08:16:53+00:00\",\"breadcrumb\":{\"@id\":\"https:\/\/www.dubuisson.com\/produit\/bush-de-nuits-pack-de-6x75cl\/#breadcrumb\"},\"inLanguage\":\"en-GB\",\"potentialAction\":[{\"@type\":\"ReadAction\",\"target\":[\"https:\/\/www.dubuisson.com\/produit\/bush-de-nuits-pack-de-6x75cl\/\"]}]},{\"@type\":\"ImageObject\",\"inLanguage\":\"en-GB\",\"@id\":\"https:\/\/www.dubuisson.com\/produit\/bush-de-nuits-pack-de-6x75cl\/#primaryimage\",\"url\":\"https:\/\/www.dubuisson.com\/wp-content\/uploads\/2021\/08\/BUSH_DE_NUITS_6.jpg\",\"contentUrl\":\"https:\/\/www.dubuisson.com\/wp-content\/uploads\/2021\/08\/BUSH_DE_NUITS_6.jpg\",\"width\":1476,\"height\":1476},{\"@type\":\"BreadcrumbList\",\"@id\":\"https:\/\/www.dubuisson.com\/produit\/bush-de-nuits-pack-de-6x75cl\/#breadcrumb\",\"itemListElement\":[{\"@type\":\"ListItem\",\"position\":1,\"name\":\"Accueil\",\"item\":\"https:\/\/www.dubuisson.com\/en\/accueil\/\"},{\"@type\":\"ListItem\",\"position\":2,\"name\":\"Shop\",\"item\":\"https:\/\/www.dubuisson.com\/shop\/\"},{\"@type\":\"ListItem\",\"position\":3,\"name\":\"Bush de Nuits &#8211; Pack de 6x75cl\"}]},{\"@type\":\"WebSite\",\"@id\":\"https:\/\/www.dubuisson.com\/#website\",\"url\":\"https:\/\/www.dubuisson.com\/\",\"name\":\"Dubuisson\",\"description\":\"Une des plus anciennes et authentiques brasseries de Belgique\",\"publisher\":{\"@id\":\"https:\/\/www.dubuisson.com\/#organization\"},\"potentialAction\":[{\"@type\":\"SearchAction\",\"target\":{\"@type\":\"EntryPoint\",\"urlTemplate\":\"https:\/\/www.dubuisson.com\/?s={search_term_string}\"},\"query-input\":{\"@type\":\"PropertyValueSpecification\",\"valueRequired\":true,\"valueName\":\"search_term_string\"}}],\"inLanguage\":\"en-GB\"},{\"@type\":\"Organization\",\"@id\":\"https:\/\/www.dubuisson.com\/#organization\",\"name\":\"Dubuisson\",\"url\":\"https:\/\/www.dubuisson.com\/\",\"logo\":{\"@type\":\"ImageObject\",\"inLanguage\":\"en-GB\",\"@id\":\"https:\/\/www.dubuisson.com\/#\/schema\/logo\/image\/\",\"url\":\"https:\/\/www.dubuisson.com\/wp-content\/uploads\/2022\/03\/Logo-Dubuisson.svg\",\"contentUrl\":\"https:\/\/www.dubuisson.com\/wp-content\/uploads\/2022\/03\/Logo-Dubuisson.svg\",\"caption\":\"Dubuisson\"},\"image\":{\"@id\":\"https:\/\/www.dubuisson.com\/#\/schema\/logo\/image\/\"},\"sameAs\":[\"https:\/\/www.youtube.com\/channel\/UCS25K-MOakQA3nVglJzLYGA\"]}]}<\/script>\n<!-- \/ Yoast SEO plugin. -->","yoast_head_json":{"title":"Bush de Nuits - Pack de 6x75cl - Dubuisson","robots":{"index":"index","follow":"follow","max-snippet":"max-snippet:-1","max-image-preview":"max-image-preview:large","max-video-preview":"max-video-preview:-1"},"canonical":"https:\/\/www.dubuisson.com\/produit\/bush-de-nuits-pack-de-6x75cl\/","og_locale":"en_GB","og_type":"article","og_title":"Bush de Nuits - Pack de 6x75cl - Dubuisson","og_description":"La Bush de Nuits est le r\u00e9sultat d\u2019un m\u00fbrissement en foudres de bois (ayant contenu du Bourgogne de Nuits-St-Georges) de notre Bush de No\u00ebl pendant une p\u00e9riode de 6 \u00e0 9 mois. Un produit d&#8217;exception \u00e0 la fronti\u00e8re entre la bi\u00e8re brune et le vin rouge! Contenu : 6x75cl de Bush de Nuits","og_url":"https:\/\/www.dubuisson.com\/produit\/bush-de-nuits-pack-de-6x75cl\/","og_site_name":"Dubuisson","article_modified_time":"2026-01-02T08:16:53+00:00","og_image":[{"width":1476,"height":1476,"url":"https:\/\/www.dubuisson.com\/wp-content\/uploads\/2021\/08\/BUSH_DE_NUITS_6.jpg","type":"image\/jpeg"}],"twitter_card":"summary_large_image","schema":{"@context":"https:\/\/schema.org","@graph":[{"@type":"WebPage","@id":"https:\/\/www.dubuisson.com\/produit\/bush-de-nuits-pack-de-6x75cl\/","url":"https:\/\/www.dubuisson.com\/produit\/bush-de-nuits-pack-de-6x75cl\/","name":"Bush de Nuits - Pack de 6x75cl - Dubuisson","isPartOf":{"@id":"https:\/\/www.dubuisson.com\/#website"},"primaryImageOfPage":{"@id":"https:\/\/www.dubuisson.com\/produit\/bush-de-nuits-pack-de-6x75cl\/#primaryimage"},"image":{"@id":"https:\/\/www.dubuisson.com\/produit\/bush-de-nuits-pack-de-6x75cl\/#primaryimage"},"thumbnailUrl":"https:\/\/www.dubuisson.com\/wp-content\/uploads\/2021\/08\/BUSH_DE_NUITS_6.jpg","datePublished":"2022-01-01T15:06:33+00:00","dateModified":"2026-01-02T08:16:53+00:00","breadcrumb":{"@id":"https:\/\/www.dubuisson.com\/produit\/bush-de-nuits-pack-de-6x75cl\/#breadcrumb"},"inLanguage":"en-GB","potentialAction":[{"@type":"ReadAction","target":["https:\/\/www.dubuisson.com\/produit\/bush-de-nuits-pack-de-6x75cl\/"]}]},{"@type":"ImageObject","inLanguage":"en-GB","@id":"https:\/\/www.dubuisson.com\/produit\/bush-de-nuits-pack-de-6x75cl\/#primaryimage","url":"https:\/\/www.dubuisson.com\/wp-content\/uploads\/2021\/08\/BUSH_DE_NUITS_6.jpg","contentUrl":"https:\/\/www.dubuisson.com\/wp-content\/uploads\/2021\/08\/BUSH_DE_NUITS_6.jpg","width":1476,"height":1476},{"@type":"BreadcrumbList","@id":"https:\/\/www.dubuisson.com\/produit\/bush-de-nuits-pack-de-6x75cl\/#breadcrumb","itemListElement":[{"@type":"ListItem","position":1,"name":"Accueil","item":"https:\/\/www.dubuisson.com\/en\/accueil\/"},{"@type":"ListItem","position":2,"name":"Shop","item":"https:\/\/www.dubuisson.com\/shop\/"},{"@type":"ListItem","position":3,"name":"Bush de Nuits &#8211; Pack de 6x75cl"}]},{"@type":"WebSite","@id":"https:\/\/www.dubuisson.com\/#website","url":"https:\/\/www.dubuisson.com\/","name":"Dubuisson","description":"Une des plus anciennes et authentiques brasseries de Belgique","publisher":{"@id":"https:\/\/www.dubuisson.com\/#organization"},"potentialAction":[{"@type":"SearchAction","target":{"@type":"EntryPoint","urlTemplate":"https:\/\/www.dubuisson.com\/?s={search_term_string}"},"query-input":{"@type":"PropertyValueSpecification","valueRequired":true,"valueName":"search_term_string"}}],"inLanguage":"en-GB"},{"@type":"Organization","@id":"https:\/\/www.dubuisson.com\/#organization","name":"Dubuisson","url":"https:\/\/www.dubuisson.com\/","logo":{"@type":"ImageObject","inLanguage":"en-GB","@id":"https:\/\/www.dubuisson.com\/#\/schema\/logo\/image\/","url":"https:\/\/www.dubuisson.com\/wp-content\/uploads\/2022\/03\/Logo-Dubuisson.svg","contentUrl":"https:\/\/www.dubuisson.com\/wp-content\/uploads\/2022\/03\/Logo-Dubuisson.svg","caption":"Dubuisson"},"image":{"@id":"https:\/\/www.dubuisson.com\/#\/schema\/logo\/image\/"},"sameAs":["https:\/\/www.youtube.com\/channel\/UCS25K-MOakQA3nVglJzLYGA"]}]}},"_links":{"self":[{"href":"https:\/\/www.dubuisson.com\/en\/wp-json\/wp\/v2\/product\/21410","targetHints":{"allow":["GET"]}}],"collection":[{"href":"https:\/\/www.dubuisson.com\/en\/wp-json\/wp\/v2\/product"}],"about":[{"href":"https:\/\/www.dubuisson.com\/en\/wp-json\/wp\/v2\/types\/product"}],"version-history":[{"count":1,"href":"https:\/\/www.dubuisson.com\/en\/wp-json\/wp\/v2\/product\/21410\/revisions"}],"predecessor-version":[{"id":37178,"href":"https:\/\/www.dubuisson.com\/en\/wp-json\/wp\/v2\/product\/21410\/revisions\/37178"}],"wp:featuredmedia":[{"embeddable":true,"href":"https:\/\/www.dubuisson.com\/en\/wp-json\/wp\/v2\/media\/21026"}],"wp:attachment":[{"href":"https:\/\/www.dubuisson.com\/en\/wp-json\/wp\/v2\/media?parent=21410"}],"wp:term":[{"taxonomy":"product_brand","embeddable":true,"href":"https:\/\/www.dubuisson.com\/en\/wp-json\/wp\/v2\/product_brand?post=21410"},{"taxonomy":"product_cat","embeddable":true,"href":"https:\/\/www.dubuisson.com\/en\/wp-json\/wp\/v2\/product_cat?post=21410"},{"taxonomy":"product_tag","embeddable":true,"href":"https:\/\/www.dubuisson.com\/en\/wp-json\/wp\/v2\/product_tag?post=21410"}],"curies":[{"name":"wp","href":"https:\/\/api.w.org\/{rel}","templated":true}]}}