{"id":21400,"date":"2021-08-24T17:17:17","date_gmt":"2021-08-24T15:17:17","guid":{"rendered":"https:\/\/www.dubuisson.com\/?post_type=product&#038;p=21400"},"modified":"2026-01-02T09:44:02","modified_gmt":"2026-01-02T08:44:02","slug":"rasta-trolls-pack-de-12x33cl","status":"publish","type":"product","link":"https:\/\/www.dubuisson.com\/en\/product\/rasta-trolls-pack-de-12x33cl\/","title":{"rendered":"Rasta Trolls &#8211; Pack de 12x33cl"},"content":{"rendered":"<p>Don&#8217;t Worry, Beer Happy ! Tu viens de trouver la bi\u00e8re de d\u00e9tente par excellence ! La Rasta Trolls est une Cuv\u00e9e des trolls aromatis\u00e9e aux ar\u00f4mes naturels de rhum brun et de pommes vertes. Le m\u00e9lange parfait pour une bi\u00e8re \u00e0 savourer en mode &#8220;chill&#8221;. #fullofcool<\/p>\n<p>Contenu : 12x33cl<\/p>\n","protected":false},"excerpt":{"rendered":"<p>Don&#8217;t Worry, Beer Happy ! Tu viens de trouver la bi\u00e8re de d\u00e9tente par excellence ! La Rasta Trolls est une Cuv\u00e9e des trolls aromatis\u00e9e aux ar\u00f4mes naturels de rhum brun et de pommes vertes. Le m\u00e9lange parfait pour une bi\u00e8re \u00e0 savourer en mode &#8220;chill&#8221;. #fullofcool Contenu : 12x33cl<\/p>\n","protected":false},"featured_media":48209,"template":"","meta":{"_acf_changed":false},"product_brand":[],"product_cat":[337,375,498],"product_tag":[],"class_list":{"0":"post-21400","1":"product","2":"type-product","3":"status-publish","4":"has-post-thumbnail","6":"product_cat-bieres","7":"product_cat-pack-de-12x33cl","8":"product_cat-tous-les-produits","9":"product_shipping_class-c1","11":"first","12":"instock","13":"taxable","14":"shipping-taxable","15":"purchasable","16":"product-type-simple"},"acf":[],"yoast_head":"<!-- This site is optimized with the Yoast SEO plugin v27.2 - https:\/\/yoast.com\/product\/yoast-seo-wordpress\/ -->\n<title>Rasta Trolls - Pack de 12x33cl - Dubuisson<\/title>\n<meta name=\"robots\" content=\"index, follow, max-snippet:-1, max-image-preview:large, max-video-preview:-1\" \/>\n<link rel=\"canonical\" href=\"https:\/\/www.dubuisson.com\/produit\/rasta-trolls-pack-de-12x33cl\/\" \/>\n<meta property=\"og:locale\" content=\"en_GB\" \/>\n<meta property=\"og:type\" content=\"article\" \/>\n<meta property=\"og:title\" content=\"Rasta Trolls - Pack de 12x33cl - Dubuisson\" \/>\n<meta property=\"og:description\" content=\"Don&#8217;t Worry, Beer Happy ! Tu viens de trouver la bi\u00e8re de d\u00e9tente par excellence ! La Rasta Trolls est une Cuv\u00e9e des trolls aromatis\u00e9e aux ar\u00f4mes naturels de rhum brun et de pommes vertes. Le m\u00e9lange parfait pour une bi\u00e8re \u00e0 savourer en mode &#8220;chill&#8221;. #fullofcool Contenu : 12x33cl\" \/>\n<meta property=\"og:url\" content=\"https:\/\/www.dubuisson.com\/produit\/rasta-trolls-pack-de-12x33cl\/\" \/>\n<meta property=\"og:site_name\" content=\"Dubuisson\" \/>\n<meta property=\"article:modified_time\" content=\"2026-01-02T08:44:02+00:00\" \/>\n<meta property=\"og:image\" content=\"https:\/\/www.dubuisson.com\/wp-content\/uploads\/2021\/08\/RT_Webshop_x12.jpg\" \/>\n\t<meta property=\"og:image:width\" content=\"2362\" \/>\n\t<meta property=\"og:image:height\" content=\"2362\" \/>\n\t<meta property=\"og:image:type\" content=\"image\/jpeg\" \/>\n<meta name=\"twitter:card\" content=\"summary_large_image\" \/>\n<meta name=\"twitter:label1\" content=\"Estimated reading time\" \/>\n\t<meta name=\"twitter:data1\" content=\"1 minute\" \/>\n<script type=\"application\/ld+json\" class=\"yoast-schema-graph\">{\"@context\":\"https:\/\/schema.org\",\"@graph\":[{\"@type\":\"WebPage\",\"@id\":\"https:\/\/www.dubuisson.com\/produit\/rasta-trolls-pack-de-12x33cl\/\",\"url\":\"https:\/\/www.dubuisson.com\/produit\/rasta-trolls-pack-de-12x33cl\/\",\"name\":\"Rasta Trolls - Pack de 12x33cl - Dubuisson\",\"isPartOf\":{\"@id\":\"https:\/\/www.dubuisson.com\/#website\"},\"primaryImageOfPage\":{\"@id\":\"https:\/\/www.dubuisson.com\/produit\/rasta-trolls-pack-de-12x33cl\/#primaryimage\"},\"image\":{\"@id\":\"https:\/\/www.dubuisson.com\/produit\/rasta-trolls-pack-de-12x33cl\/#primaryimage\"},\"thumbnailUrl\":\"https:\/\/www.dubuisson.com\/wp-content\/uploads\/2021\/08\/RT_Webshop_x12.jpg\",\"datePublished\":\"2021-08-24T15:17:17+00:00\",\"dateModified\":\"2026-01-02T08:44:02+00:00\",\"breadcrumb\":{\"@id\":\"https:\/\/www.dubuisson.com\/produit\/rasta-trolls-pack-de-12x33cl\/#breadcrumb\"},\"inLanguage\":\"en-GB\",\"potentialAction\":[{\"@type\":\"ReadAction\",\"target\":[\"https:\/\/www.dubuisson.com\/produit\/rasta-trolls-pack-de-12x33cl\/\"]}]},{\"@type\":\"ImageObject\",\"inLanguage\":\"en-GB\",\"@id\":\"https:\/\/www.dubuisson.com\/produit\/rasta-trolls-pack-de-12x33cl\/#primaryimage\",\"url\":\"https:\/\/www.dubuisson.com\/wp-content\/uploads\/2021\/08\/RT_Webshop_x12.jpg\",\"contentUrl\":\"https:\/\/www.dubuisson.com\/wp-content\/uploads\/2021\/08\/RT_Webshop_x12.jpg\",\"width\":2362,\"height\":2362},{\"@type\":\"BreadcrumbList\",\"@id\":\"https:\/\/www.dubuisson.com\/produit\/rasta-trolls-pack-de-12x33cl\/#breadcrumb\",\"itemListElement\":[{\"@type\":\"ListItem\",\"position\":1,\"name\":\"Accueil\",\"item\":\"https:\/\/www.dubuisson.com\/en\/accueil\/\"},{\"@type\":\"ListItem\",\"position\":2,\"name\":\"Shop\",\"item\":\"https:\/\/www.dubuisson.com\/shop\/\"},{\"@type\":\"ListItem\",\"position\":3,\"name\":\"Rasta Trolls &#8211; Pack de 12x33cl\"}]},{\"@type\":\"WebSite\",\"@id\":\"https:\/\/www.dubuisson.com\/#website\",\"url\":\"https:\/\/www.dubuisson.com\/\",\"name\":\"Dubuisson\",\"description\":\"Une des plus anciennes et authentiques brasseries de Belgique\",\"publisher\":{\"@id\":\"https:\/\/www.dubuisson.com\/#organization\"},\"potentialAction\":[{\"@type\":\"SearchAction\",\"target\":{\"@type\":\"EntryPoint\",\"urlTemplate\":\"https:\/\/www.dubuisson.com\/?s={search_term_string}\"},\"query-input\":{\"@type\":\"PropertyValueSpecification\",\"valueRequired\":true,\"valueName\":\"search_term_string\"}}],\"inLanguage\":\"en-GB\"},{\"@type\":\"Organization\",\"@id\":\"https:\/\/www.dubuisson.com\/#organization\",\"name\":\"Dubuisson\",\"url\":\"https:\/\/www.dubuisson.com\/\",\"logo\":{\"@type\":\"ImageObject\",\"inLanguage\":\"en-GB\",\"@id\":\"https:\/\/www.dubuisson.com\/#\/schema\/logo\/image\/\",\"url\":\"https:\/\/www.dubuisson.com\/wp-content\/uploads\/2022\/03\/Logo-Dubuisson.svg\",\"contentUrl\":\"https:\/\/www.dubuisson.com\/wp-content\/uploads\/2022\/03\/Logo-Dubuisson.svg\",\"caption\":\"Dubuisson\"},\"image\":{\"@id\":\"https:\/\/www.dubuisson.com\/#\/schema\/logo\/image\/\"},\"sameAs\":[\"https:\/\/www.youtube.com\/channel\/UCS25K-MOakQA3nVglJzLYGA\"]}]}<\/script>\n<!-- \/ Yoast SEO plugin. -->","yoast_head_json":{"title":"Rasta Trolls - Pack de 12x33cl - Dubuisson","robots":{"index":"index","follow":"follow","max-snippet":"max-snippet:-1","max-image-preview":"max-image-preview:large","max-video-preview":"max-video-preview:-1"},"canonical":"https:\/\/www.dubuisson.com\/produit\/rasta-trolls-pack-de-12x33cl\/","og_locale":"en_GB","og_type":"article","og_title":"Rasta Trolls - Pack de 12x33cl - Dubuisson","og_description":"Don&#8217;t Worry, Beer Happy ! Tu viens de trouver la bi\u00e8re de d\u00e9tente par excellence ! La Rasta Trolls est une Cuv\u00e9e des trolls aromatis\u00e9e aux ar\u00f4mes naturels de rhum brun et de pommes vertes. Le m\u00e9lange parfait pour une bi\u00e8re \u00e0 savourer en mode &#8220;chill&#8221;. #fullofcool Contenu : 12x33cl","og_url":"https:\/\/www.dubuisson.com\/produit\/rasta-trolls-pack-de-12x33cl\/","og_site_name":"Dubuisson","article_modified_time":"2026-01-02T08:44:02+00:00","og_image":[{"width":2362,"height":2362,"url":"https:\/\/www.dubuisson.com\/wp-content\/uploads\/2021\/08\/RT_Webshop_x12.jpg","type":"image\/jpeg"}],"twitter_card":"summary_large_image","twitter_misc":{"Estimated reading time":"1 minute"},"schema":{"@context":"https:\/\/schema.org","@graph":[{"@type":"WebPage","@id":"https:\/\/www.dubuisson.com\/produit\/rasta-trolls-pack-de-12x33cl\/","url":"https:\/\/www.dubuisson.com\/produit\/rasta-trolls-pack-de-12x33cl\/","name":"Rasta Trolls - Pack de 12x33cl - Dubuisson","isPartOf":{"@id":"https:\/\/www.dubuisson.com\/#website"},"primaryImageOfPage":{"@id":"https:\/\/www.dubuisson.com\/produit\/rasta-trolls-pack-de-12x33cl\/#primaryimage"},"image":{"@id":"https:\/\/www.dubuisson.com\/produit\/rasta-trolls-pack-de-12x33cl\/#primaryimage"},"thumbnailUrl":"https:\/\/www.dubuisson.com\/wp-content\/uploads\/2021\/08\/RT_Webshop_x12.jpg","datePublished":"2021-08-24T15:17:17+00:00","dateModified":"2026-01-02T08:44:02+00:00","breadcrumb":{"@id":"https:\/\/www.dubuisson.com\/produit\/rasta-trolls-pack-de-12x33cl\/#breadcrumb"},"inLanguage":"en-GB","potentialAction":[{"@type":"ReadAction","target":["https:\/\/www.dubuisson.com\/produit\/rasta-trolls-pack-de-12x33cl\/"]}]},{"@type":"ImageObject","inLanguage":"en-GB","@id":"https:\/\/www.dubuisson.com\/produit\/rasta-trolls-pack-de-12x33cl\/#primaryimage","url":"https:\/\/www.dubuisson.com\/wp-content\/uploads\/2021\/08\/RT_Webshop_x12.jpg","contentUrl":"https:\/\/www.dubuisson.com\/wp-content\/uploads\/2021\/08\/RT_Webshop_x12.jpg","width":2362,"height":2362},{"@type":"BreadcrumbList","@id":"https:\/\/www.dubuisson.com\/produit\/rasta-trolls-pack-de-12x33cl\/#breadcrumb","itemListElement":[{"@type":"ListItem","position":1,"name":"Accueil","item":"https:\/\/www.dubuisson.com\/en\/accueil\/"},{"@type":"ListItem","position":2,"name":"Shop","item":"https:\/\/www.dubuisson.com\/shop\/"},{"@type":"ListItem","position":3,"name":"Rasta Trolls &#8211; Pack de 12x33cl"}]},{"@type":"WebSite","@id":"https:\/\/www.dubuisson.com\/#website","url":"https:\/\/www.dubuisson.com\/","name":"Dubuisson","description":"Une des plus anciennes et authentiques brasseries de Belgique","publisher":{"@id":"https:\/\/www.dubuisson.com\/#organization"},"potentialAction":[{"@type":"SearchAction","target":{"@type":"EntryPoint","urlTemplate":"https:\/\/www.dubuisson.com\/?s={search_term_string}"},"query-input":{"@type":"PropertyValueSpecification","valueRequired":true,"valueName":"search_term_string"}}],"inLanguage":"en-GB"},{"@type":"Organization","@id":"https:\/\/www.dubuisson.com\/#organization","name":"Dubuisson","url":"https:\/\/www.dubuisson.com\/","logo":{"@type":"ImageObject","inLanguage":"en-GB","@id":"https:\/\/www.dubuisson.com\/#\/schema\/logo\/image\/","url":"https:\/\/www.dubuisson.com\/wp-content\/uploads\/2022\/03\/Logo-Dubuisson.svg","contentUrl":"https:\/\/www.dubuisson.com\/wp-content\/uploads\/2022\/03\/Logo-Dubuisson.svg","caption":"Dubuisson"},"image":{"@id":"https:\/\/www.dubuisson.com\/#\/schema\/logo\/image\/"},"sameAs":["https:\/\/www.youtube.com\/channel\/UCS25K-MOakQA3nVglJzLYGA"]}]}},"_links":{"self":[{"href":"https:\/\/www.dubuisson.com\/en\/wp-json\/wp\/v2\/product\/21400","targetHints":{"allow":["GET"]}}],"collection":[{"href":"https:\/\/www.dubuisson.com\/en\/wp-json\/wp\/v2\/product"}],"about":[{"href":"https:\/\/www.dubuisson.com\/en\/wp-json\/wp\/v2\/types\/product"}],"version-history":[{"count":3,"href":"https:\/\/www.dubuisson.com\/en\/wp-json\/wp\/v2\/product\/21400\/revisions"}],"predecessor-version":[{"id":48208,"href":"https:\/\/www.dubuisson.com\/en\/wp-json\/wp\/v2\/product\/21400\/revisions\/48208"}],"wp:featuredmedia":[{"embeddable":true,"href":"https:\/\/www.dubuisson.com\/en\/wp-json\/wp\/v2\/media\/48209"}],"wp:attachment":[{"href":"https:\/\/www.dubuisson.com\/en\/wp-json\/wp\/v2\/media?parent=21400"}],"wp:term":[{"taxonomy":"product_brand","embeddable":true,"href":"https:\/\/www.dubuisson.com\/en\/wp-json\/wp\/v2\/product_brand?post=21400"},{"taxonomy":"product_cat","embeddable":true,"href":"https:\/\/www.dubuisson.com\/en\/wp-json\/wp\/v2\/product_cat?post=21400"},{"taxonomy":"product_tag","embeddable":true,"href":"https:\/\/www.dubuisson.com\/en\/wp-json\/wp\/v2\/product_tag?post=21400"}],"curies":[{"name":"wp","href":"https:\/\/api.w.org\/{rel}","templated":true}]}}