{"id":20927,"date":"2022-01-01T17:05:00","date_gmt":"2022-01-01T16:05:00","guid":{"rendered":"https:\/\/www.dubuisson.com\/?post_type=product&#038;p=20927"},"modified":"2026-01-02T09:14:51","modified_gmt":"2026-01-02T08:14:51","slug":"cuvee-des-trolls-pack-de-6x25cl","status":"publish","type":"product","link":"https:\/\/www.dubuisson.com\/en\/product\/cuvee-des-trolls-pack-de-6x25cl\/","title":{"rendered":"Cuv\u00e9e des Trolls &#8211; Pack de 6x33cl"},"content":{"rendered":"<p>En arrivant sur cette page, il y a deux options : soit tu ne connais pas la Cuv\u00e9e des Trolls, et il est graaaaaaaand temps de te mettre \u00e0 jour. Soit tu la connais d\u00e9j\u00e0 et t&#8217;es pas ici par hasard (si tu vois ce que je veux dire). Quoi qu&#8217;il en soit, tes prochaines nuits seront agit\u00e9es par le r\u00eave de d\u00e9guster cette bi\u00e8re blonde (7\u00b0) particuli\u00e8rement rafraichissante avec un go\u00fbt tout en rondeur et finesse.<\/p>\n<p>Contenu : 6x 33cl de Cuv\u00e9e des Trolls<\/p>\n","protected":false},"excerpt":{"rendered":"<p>En arrivant sur cette page, il y a deux options : soit tu ne connais pas la Cuv\u00e9e des Trolls, et il est graaaaaaaand temps de te mettre \u00e0 jour. Soit tu la connais d\u00e9j\u00e0 et t&#8217;es pas ici par hasard (si tu vois ce que je veux dire). Quoi qu&#8217;il en soit, tes prochaines [&hellip;]<\/p>\n","protected":false},"featured_media":21138,"template":"","meta":{"_acf_changed":false},"product_brand":[],"product_cat":[337,369,498],"product_tag":[],"class_list":{"0":"post-20927","1":"product","2":"type-product","3":"status-publish","4":"has-post-thumbnail","6":"product_cat-bieres","7":"product_cat-pack-de-6x33cl","8":"product_cat-tous-les-produits","9":"product_shipping_class-c5","11":"first","12":"instock","13":"taxable","14":"shipping-taxable","15":"purchasable","16":"product-type-simple"},"acf":[],"yoast_head":"<!-- This site is optimized with the Yoast SEO plugin v27.2 - https:\/\/yoast.com\/product\/yoast-seo-wordpress\/ -->\n<title>Cuv\u00e9e des Trolls - Pack de 6x33cl - Dubuisson<\/title>\n<meta name=\"robots\" content=\"index, follow, max-snippet:-1, max-image-preview:large, max-video-preview:-1\" \/>\n<link rel=\"canonical\" href=\"https:\/\/www.dubuisson.com\/produit\/cuvee-des-trolls-pack-de-6x25cl\/\" \/>\n<meta property=\"og:locale\" content=\"en_GB\" \/>\n<meta property=\"og:type\" content=\"article\" \/>\n<meta property=\"og:title\" content=\"Cuv\u00e9e des Trolls - Pack de 6x33cl - Dubuisson\" \/>\n<meta property=\"og:description\" content=\"En arrivant sur cette page, il y a deux options : soit tu ne connais pas la Cuv\u00e9e des Trolls, et il est graaaaaaaand temps de te mettre \u00e0 jour. Soit tu la connais d\u00e9j\u00e0 et t&#8217;es pas ici par hasard (si tu vois ce que je veux dire). Quoi qu&#8217;il en soit, tes prochaines [&hellip;]\" \/>\n<meta property=\"og:url\" content=\"https:\/\/www.dubuisson.com\/produit\/cuvee-des-trolls-pack-de-6x25cl\/\" \/>\n<meta property=\"og:site_name\" content=\"Dubuisson\" \/>\n<meta property=\"article:modified_time\" content=\"2026-01-02T08:14:51+00:00\" \/>\n<meta property=\"og:image\" content=\"https:\/\/www.dubuisson.com\/wp-content\/uploads\/2021\/08\/33cl_x6.png\" \/>\n\t<meta property=\"og:image:width\" content=\"1476\" \/>\n\t<meta property=\"og:image:height\" content=\"1476\" \/>\n\t<meta property=\"og:image:type\" content=\"image\/png\" \/>\n<meta name=\"twitter:card\" content=\"summary_large_image\" \/>\n<meta name=\"twitter:label1\" content=\"Estimated reading time\" \/>\n\t<meta name=\"twitter:data1\" content=\"1 minute\" \/>\n<script type=\"application\/ld+json\" class=\"yoast-schema-graph\">{\"@context\":\"https:\/\/schema.org\",\"@graph\":[{\"@type\":\"WebPage\",\"@id\":\"https:\/\/www.dubuisson.com\/produit\/cuvee-des-trolls-pack-de-6x25cl\/\",\"url\":\"https:\/\/www.dubuisson.com\/produit\/cuvee-des-trolls-pack-de-6x25cl\/\",\"name\":\"Cuv\u00e9e des Trolls - Pack de 6x33cl - Dubuisson\",\"isPartOf\":{\"@id\":\"https:\/\/www.dubuisson.com\/#website\"},\"primaryImageOfPage\":{\"@id\":\"https:\/\/www.dubuisson.com\/produit\/cuvee-des-trolls-pack-de-6x25cl\/#primaryimage\"},\"image\":{\"@id\":\"https:\/\/www.dubuisson.com\/produit\/cuvee-des-trolls-pack-de-6x25cl\/#primaryimage\"},\"thumbnailUrl\":\"https:\/\/www.dubuisson.com\/wp-content\/uploads\/2021\/08\/33cl_x6.png\",\"datePublished\":\"2022-01-01T16:05:00+00:00\",\"dateModified\":\"2026-01-02T08:14:51+00:00\",\"breadcrumb\":{\"@id\":\"https:\/\/www.dubuisson.com\/produit\/cuvee-des-trolls-pack-de-6x25cl\/#breadcrumb\"},\"inLanguage\":\"en-GB\",\"potentialAction\":[{\"@type\":\"ReadAction\",\"target\":[\"https:\/\/www.dubuisson.com\/produit\/cuvee-des-trolls-pack-de-6x25cl\/\"]}]},{\"@type\":\"ImageObject\",\"inLanguage\":\"en-GB\",\"@id\":\"https:\/\/www.dubuisson.com\/produit\/cuvee-des-trolls-pack-de-6x25cl\/#primaryimage\",\"url\":\"https:\/\/www.dubuisson.com\/wp-content\/uploads\/2021\/08\/33cl_x6.png\",\"contentUrl\":\"https:\/\/www.dubuisson.com\/wp-content\/uploads\/2021\/08\/33cl_x6.png\",\"width\":1476,\"height\":1476},{\"@type\":\"BreadcrumbList\",\"@id\":\"https:\/\/www.dubuisson.com\/produit\/cuvee-des-trolls-pack-de-6x25cl\/#breadcrumb\",\"itemListElement\":[{\"@type\":\"ListItem\",\"position\":1,\"name\":\"Accueil\",\"item\":\"https:\/\/www.dubuisson.com\/en\/accueil\/\"},{\"@type\":\"ListItem\",\"position\":2,\"name\":\"Shop\",\"item\":\"https:\/\/www.dubuisson.com\/shop\/\"},{\"@type\":\"ListItem\",\"position\":3,\"name\":\"Cuv\u00e9e des Trolls &#8211; Pack de 6x33cl\"}]},{\"@type\":\"WebSite\",\"@id\":\"https:\/\/www.dubuisson.com\/#website\",\"url\":\"https:\/\/www.dubuisson.com\/\",\"name\":\"Dubuisson\",\"description\":\"Une des plus anciennes et authentiques brasseries de Belgique\",\"publisher\":{\"@id\":\"https:\/\/www.dubuisson.com\/#organization\"},\"potentialAction\":[{\"@type\":\"SearchAction\",\"target\":{\"@type\":\"EntryPoint\",\"urlTemplate\":\"https:\/\/www.dubuisson.com\/?s={search_term_string}\"},\"query-input\":{\"@type\":\"PropertyValueSpecification\",\"valueRequired\":true,\"valueName\":\"search_term_string\"}}],\"inLanguage\":\"en-GB\"},{\"@type\":\"Organization\",\"@id\":\"https:\/\/www.dubuisson.com\/#organization\",\"name\":\"Dubuisson\",\"url\":\"https:\/\/www.dubuisson.com\/\",\"logo\":{\"@type\":\"ImageObject\",\"inLanguage\":\"en-GB\",\"@id\":\"https:\/\/www.dubuisson.com\/#\/schema\/logo\/image\/\",\"url\":\"https:\/\/www.dubuisson.com\/wp-content\/uploads\/2022\/03\/Logo-Dubuisson.svg\",\"contentUrl\":\"https:\/\/www.dubuisson.com\/wp-content\/uploads\/2022\/03\/Logo-Dubuisson.svg\",\"caption\":\"Dubuisson\"},\"image\":{\"@id\":\"https:\/\/www.dubuisson.com\/#\/schema\/logo\/image\/\"},\"sameAs\":[\"https:\/\/www.youtube.com\/channel\/UCS25K-MOakQA3nVglJzLYGA\"]}]}<\/script>\n<!-- \/ Yoast SEO plugin. -->","yoast_head_json":{"title":"Cuv\u00e9e des Trolls - Pack de 6x33cl - Dubuisson","robots":{"index":"index","follow":"follow","max-snippet":"max-snippet:-1","max-image-preview":"max-image-preview:large","max-video-preview":"max-video-preview:-1"},"canonical":"https:\/\/www.dubuisson.com\/produit\/cuvee-des-trolls-pack-de-6x25cl\/","og_locale":"en_GB","og_type":"article","og_title":"Cuv\u00e9e des Trolls - Pack de 6x33cl - Dubuisson","og_description":"En arrivant sur cette page, il y a deux options : soit tu ne connais pas la Cuv\u00e9e des Trolls, et il est graaaaaaaand temps de te mettre \u00e0 jour. Soit tu la connais d\u00e9j\u00e0 et t&#8217;es pas ici par hasard (si tu vois ce que je veux dire). Quoi qu&#8217;il en soit, tes prochaines [&hellip;]","og_url":"https:\/\/www.dubuisson.com\/produit\/cuvee-des-trolls-pack-de-6x25cl\/","og_site_name":"Dubuisson","article_modified_time":"2026-01-02T08:14:51+00:00","og_image":[{"width":1476,"height":1476,"url":"https:\/\/www.dubuisson.com\/wp-content\/uploads\/2021\/08\/33cl_x6.png","type":"image\/png"}],"twitter_card":"summary_large_image","twitter_misc":{"Estimated reading time":"1 minute"},"schema":{"@context":"https:\/\/schema.org","@graph":[{"@type":"WebPage","@id":"https:\/\/www.dubuisson.com\/produit\/cuvee-des-trolls-pack-de-6x25cl\/","url":"https:\/\/www.dubuisson.com\/produit\/cuvee-des-trolls-pack-de-6x25cl\/","name":"Cuv\u00e9e des Trolls - Pack de 6x33cl - Dubuisson","isPartOf":{"@id":"https:\/\/www.dubuisson.com\/#website"},"primaryImageOfPage":{"@id":"https:\/\/www.dubuisson.com\/produit\/cuvee-des-trolls-pack-de-6x25cl\/#primaryimage"},"image":{"@id":"https:\/\/www.dubuisson.com\/produit\/cuvee-des-trolls-pack-de-6x25cl\/#primaryimage"},"thumbnailUrl":"https:\/\/www.dubuisson.com\/wp-content\/uploads\/2021\/08\/33cl_x6.png","datePublished":"2022-01-01T16:05:00+00:00","dateModified":"2026-01-02T08:14:51+00:00","breadcrumb":{"@id":"https:\/\/www.dubuisson.com\/produit\/cuvee-des-trolls-pack-de-6x25cl\/#breadcrumb"},"inLanguage":"en-GB","potentialAction":[{"@type":"ReadAction","target":["https:\/\/www.dubuisson.com\/produit\/cuvee-des-trolls-pack-de-6x25cl\/"]}]},{"@type":"ImageObject","inLanguage":"en-GB","@id":"https:\/\/www.dubuisson.com\/produit\/cuvee-des-trolls-pack-de-6x25cl\/#primaryimage","url":"https:\/\/www.dubuisson.com\/wp-content\/uploads\/2021\/08\/33cl_x6.png","contentUrl":"https:\/\/www.dubuisson.com\/wp-content\/uploads\/2021\/08\/33cl_x6.png","width":1476,"height":1476},{"@type":"BreadcrumbList","@id":"https:\/\/www.dubuisson.com\/produit\/cuvee-des-trolls-pack-de-6x25cl\/#breadcrumb","itemListElement":[{"@type":"ListItem","position":1,"name":"Accueil","item":"https:\/\/www.dubuisson.com\/en\/accueil\/"},{"@type":"ListItem","position":2,"name":"Shop","item":"https:\/\/www.dubuisson.com\/shop\/"},{"@type":"ListItem","position":3,"name":"Cuv\u00e9e des Trolls &#8211; Pack de 6x33cl"}]},{"@type":"WebSite","@id":"https:\/\/www.dubuisson.com\/#website","url":"https:\/\/www.dubuisson.com\/","name":"Dubuisson","description":"Une des plus anciennes et authentiques brasseries de Belgique","publisher":{"@id":"https:\/\/www.dubuisson.com\/#organization"},"potentialAction":[{"@type":"SearchAction","target":{"@type":"EntryPoint","urlTemplate":"https:\/\/www.dubuisson.com\/?s={search_term_string}"},"query-input":{"@type":"PropertyValueSpecification","valueRequired":true,"valueName":"search_term_string"}}],"inLanguage":"en-GB"},{"@type":"Organization","@id":"https:\/\/www.dubuisson.com\/#organization","name":"Dubuisson","url":"https:\/\/www.dubuisson.com\/","logo":{"@type":"ImageObject","inLanguage":"en-GB","@id":"https:\/\/www.dubuisson.com\/#\/schema\/logo\/image\/","url":"https:\/\/www.dubuisson.com\/wp-content\/uploads\/2022\/03\/Logo-Dubuisson.svg","contentUrl":"https:\/\/www.dubuisson.com\/wp-content\/uploads\/2022\/03\/Logo-Dubuisson.svg","caption":"Dubuisson"},"image":{"@id":"https:\/\/www.dubuisson.com\/#\/schema\/logo\/image\/"},"sameAs":["https:\/\/www.youtube.com\/channel\/UCS25K-MOakQA3nVglJzLYGA"]}]}},"_links":{"self":[{"href":"https:\/\/www.dubuisson.com\/en\/wp-json\/wp\/v2\/product\/20927","targetHints":{"allow":["GET"]}}],"collection":[{"href":"https:\/\/www.dubuisson.com\/en\/wp-json\/wp\/v2\/product"}],"about":[{"href":"https:\/\/www.dubuisson.com\/en\/wp-json\/wp\/v2\/types\/product"}],"version-history":[{"count":5,"href":"https:\/\/www.dubuisson.com\/en\/wp-json\/wp\/v2\/product\/20927\/revisions"}],"predecessor-version":[{"id":44711,"href":"https:\/\/www.dubuisson.com\/en\/wp-json\/wp\/v2\/product\/20927\/revisions\/44711"}],"wp:featuredmedia":[{"embeddable":true,"href":"https:\/\/www.dubuisson.com\/en\/wp-json\/wp\/v2\/media\/21138"}],"wp:attachment":[{"href":"https:\/\/www.dubuisson.com\/en\/wp-json\/wp\/v2\/media?parent=20927"}],"wp:term":[{"taxonomy":"product_brand","embeddable":true,"href":"https:\/\/www.dubuisson.com\/en\/wp-json\/wp\/v2\/product_brand?post=20927"},{"taxonomy":"product_cat","embeddable":true,"href":"https:\/\/www.dubuisson.com\/en\/wp-json\/wp\/v2\/product_cat?post=20927"},{"taxonomy":"product_tag","embeddable":true,"href":"https:\/\/www.dubuisson.com\/en\/wp-json\/wp\/v2\/product_tag?post=20927"}],"curies":[{"name":"wp","href":"https:\/\/api.w.org\/{rel}","templated":true}]}}